{"id":38588,"date":"2026-04-18T18:10:56","date_gmt":"2026-04-18T18:10:56","guid":{"rendered":"https:\/\/singuli.wpress.me\/index.php\/proizvod\/kelloggs-kukuruzne-pahuljice-250-g\/"},"modified":"2026-04-20T12:33:25","modified_gmt":"2026-04-20T12:33:25","slug":"kelloggs-kukuruzne-pahuljice-250-g","status":"publish","type":"product","link":"https:\/\/singuli.wpress.me\/index.php\/proizvod\/kelloggs-kukuruzne-pahuljice-250-g\/","title":{"rendered":"KELLOGG&#8217;S, kukuruzne pahuljice, 250\u00a0g"},"content":{"rendered":"<p>U \u0161to vjerujemo? U Kellogg&#8217;s-u volimo doru\u010dak. Ukusne kukuruzne pahuljice.<\/p>\n<p>Za nas je to mnogo vi\u0161e od obroka. Mi strastveno vjerujemo u mo\u0107 i bolji po\u010detak dana koji proizlaze iz pravog doru\u010dka. To je prvo gorivo za na\u0161a tijela &#8211; hrani nas za danas, sutra i za \u017eivot.<\/p>\n<p>Vi\u0161e od 100 godina radimo na tome da slu\u017eimo svijetu bolji doru\u010dak.<\/p>\n<p>Bilo da se radi o stvaranju \u017eitarica poput kukuruznih pahuljica i specijalnog K ili na\u0161ih novijih pi\u0107a za doru\u010dak, \u017eelimo da svatko ima prednost koja mo\u017ee do\u0107i od doru\u010dka.<\/p>\n<p>Znamo da je po\u010detak dana s vama privilegija, pa \u0107emo i dalje \u010diniti sve da zaradimo mjesto za va\u0161im stolom svakog jutra.<\/p>\n<p>Vidimo se na doru\u010dku.<\/p>\n","protected":false},"excerpt":{"rendered":"<p>Original okus<br \/>\nUkusne kukuruzne pahuljice<br \/>\nTradicija vi\u0161e od 100 godina<\/p>\n","protected":false},"featured_media":38589,"template":"","meta":{"_seopress_robots_primary_cat":"","_seopress_titles_title":"","_seopress_titles_desc":"","_seopress_robots_index":"","iawp_total_views":0},"product_brand":[425],"product_cat":[261,307],"product_tag":[],"class_list":{"0":"post-38588","1":"product","2":"type-product","3":"status-publish","4":"has-post-thumbnail","6":"product_brand-kelloggs","7":"product_cat-hrana-i-pice","8":"product_cat-zitarice-i-dorucak-261","10":"first","11":"instock","12":"shipping-taxable","13":"purchasable","14":"product-type-simple"},"_links":{"self":[{"href":"https:\/\/singuli.wpress.me\/index.php\/wp-json\/wp\/v2\/product\/38588","targetHints":{"allow":["GET"]}}],"collection":[{"href":"https:\/\/singuli.wpress.me\/index.php\/wp-json\/wp\/v2\/product"}],"about":[{"href":"https:\/\/singuli.wpress.me\/index.php\/wp-json\/wp\/v2\/types\/product"}],"version-history":[{"count":0,"href":"https:\/\/singuli.wpress.me\/index.php\/wp-json\/wp\/v2\/product\/38588\/revisions"}],"wp:featuredmedia":[{"embeddable":true,"href":"https:\/\/singuli.wpress.me\/index.php\/wp-json\/wp\/v2\/media\/38589"}],"wp:attachment":[{"href":"https:\/\/singuli.wpress.me\/index.php\/wp-json\/wp\/v2\/media?parent=38588"}],"wp:term":[{"taxonomy":"product_brand","embeddable":true,"href":"https:\/\/singuli.wpress.me\/index.php\/wp-json\/wp\/v2\/product_brand?post=38588"},{"taxonomy":"product_cat","embeddable":true,"href":"https:\/\/singuli.wpress.me\/index.php\/wp-json\/wp\/v2\/product_cat?post=38588"},{"taxonomy":"product_tag","embeddable":true,"href":"https:\/\/singuli.wpress.me\/index.php\/wp-json\/wp\/v2\/product_tag?post=38588"}],"curies":[{"name":"wp","href":"https:\/\/api.w.org\/{rel}","templated":true}]}}