{"id":38595,"date":"2026-04-18T18:11:00","date_gmt":"2026-04-18T18:11:00","guid":{"rendered":"https:\/\/singuli.wpress.me\/index.php\/proizvod\/braun-facespa-810-epilator-za-lice\/"},"modified":"2026-04-20T12:33:25","modified_gmt":"2026-04-20T12:33:25","slug":"braun-facespa-810-epilator-za-lice","status":"publish","type":"product","link":"https:\/\/singuli.wpress.me\/index.php\/proizvod\/braun-facespa-810-epilator-za-lice\/","title":{"rendered":"BRAUN FaceSpa 810, epilator za lice"},"content":{"rendered":"<p>Braun Face 810 Beauty edition &#8211; \u010detka za \u010di\u0161\u0107enje lica s mikrooscilacijama i depilator za lice.<br \/>\n&#8211; \u010cetka za \u010di\u0161\u0107enje lica i depilator za lice br. 1 u svijetu.<br \/>\n&#8211; \u010cetkica za \u010di\u0161\u0107enje lica: nje\u017eno dubinski \u010disti pore mikrooscilacijama.<br \/>\n&#8211; Dermatolo\u0161ki ispitano. Testirano na osjetljivoj ko\u017ei. Pogodan za svakodnevnu upotrebu.<br \/>\n&#8211; Epilator za lice: tanka glava za precizno uklanjanje dla\u010dica, s 10 malih pinceta koje hvataju i najtanje dla\u010dice.<\/p>\n","protected":false},"excerpt":{"rendered":"<p>\u010cetka za \u010di\u0161\u0107enje lica i depilator za lice br. 1 u svijetu.<br \/>\nEpilacija lica &#8211; do 4 tjedna ko\u017ee bez dla\u010dica.<br \/>\n\u010ci\u0161\u0107enje lica &#8211; \u0161est puta bolje od konvencionalnog ru\u010dnog \u010di\u0161\u0107enja<\/p>\n","protected":false},"featured_media":38596,"template":"","meta":{"_seopress_robots_primary_cat":"","_seopress_titles_title":"","_seopress_titles_desc":"","_seopress_robots_index":"","iawp_total_views":0},"product_brand":[144],"product_cat":[192,282,281],"product_tag":[],"class_list":{"0":"post-38595","1":"product","2":"type-product","3":"status-publish","4":"has-post-thumbnail","6":"product_brand-braun","7":"product_cat-aparati-za-osobnu-njegu","8":"product_cat-aparati-za-zene-281","9":"product_cat-epilatori-i-ipl-192","11":"first","12":"instock","13":"shipping-taxable","14":"purchasable","15":"product-type-simple"},"_links":{"self":[{"href":"https:\/\/singuli.wpress.me\/index.php\/wp-json\/wp\/v2\/product\/38595","targetHints":{"allow":["GET"]}}],"collection":[{"href":"https:\/\/singuli.wpress.me\/index.php\/wp-json\/wp\/v2\/product"}],"about":[{"href":"https:\/\/singuli.wpress.me\/index.php\/wp-json\/wp\/v2\/types\/product"}],"version-history":[{"count":0,"href":"https:\/\/singuli.wpress.me\/index.php\/wp-json\/wp\/v2\/product\/38595\/revisions"}],"wp:featuredmedia":[{"embeddable":true,"href":"https:\/\/singuli.wpress.me\/index.php\/wp-json\/wp\/v2\/media\/38596"}],"wp:attachment":[{"href":"https:\/\/singuli.wpress.me\/index.php\/wp-json\/wp\/v2\/media?parent=38595"}],"wp:term":[{"taxonomy":"product_brand","embeddable":true,"href":"https:\/\/singuli.wpress.me\/index.php\/wp-json\/wp\/v2\/product_brand?post=38595"},{"taxonomy":"product_cat","embeddable":true,"href":"https:\/\/singuli.wpress.me\/index.php\/wp-json\/wp\/v2\/product_cat?post=38595"},{"taxonomy":"product_tag","embeddable":true,"href":"https:\/\/singuli.wpress.me\/index.php\/wp-json\/wp\/v2\/product_tag?post=38595"}],"curies":[{"name":"wp","href":"https:\/\/api.w.org\/{rel}","templated":true}]}}