{"id":38601,"date":"2026-04-18T18:11:02","date_gmt":"2026-04-18T18:11:02","guid":{"rendered":"https:\/\/singuli.wpress.me\/index.php\/proizvod\/twistshake-anti-colic-bocica-za-bebe-pastel-plava-180-ml\/"},"modified":"2026-04-20T12:33:25","modified_gmt":"2026-04-20T12:33:25","slug":"twistshake-anti-colic-bocica-za-bebe-pastel-plava-180-ml","status":"publish","type":"product","link":"https:\/\/singuli.wpress.me\/index.php\/proizvod\/twistshake-anti-colic-bocica-za-bebe-pastel-plava-180-ml\/","title":{"rendered":"TWISTSHAKE Anti-colic, bo\u010dica za bebe, pastel plava, 180\u00a0ml"},"content":{"rendered":"<p>Twistshake Anti-Colic bo\u010dica za bebe je idealna za upotrebu u kombinaciji s redovitim dojenjem. Bo\u010dica sadr\u017ei prakti\u010dni spremnik i mre\u017eu za lak\u0161e i u\u010dinkovitije mije\u0161anje. Jedinstveni sustav TwistFlow aktivno smanjuje kolike i osigurava jednoli\u010dan protok sadr\u017eaja u bo\u010dici. Bo\u010dica ima \u0161irok vrat, \u0161to je \u010dini lakom za \u010di\u0161\u0107enje. Oblik bo\u010dice je dizajniran da olak\u0161ava dr\u017eanje i odr\u017eavanje topline. Bo\u010dica ima zapremninu od 180 ml i dolazi sa sisa\u010dem veli\u010dine S (0+m). Bo\u010dice su prikladne ve\u0107 od ro\u0111enja nadalje, kasnije, kada beba naraste i tra\u017ei ve\u0107i protok sadr\u017eaja mo\u017eete dokupiti nove sisa\u0107e sa vecim rupicama.<\/p>\n","protected":false},"excerpt":{"rendered":"<p>Zapremnina od 180 ml<br \/>\nVeli\u010dina S (0+m)<br \/>\nJedinstveni sustav TwistFlow<\/p>\n","protected":false},"featured_media":38602,"template":"","meta":{"_seopress_robots_primary_cat":"","_seopress_titles_title":"","_seopress_titles_desc":"","_seopress_robots_index":"","iawp_total_views":0},"product_brand":[433],"product_cat":[211,286,287],"product_tag":[],"class_list":{"0":"post-38601","1":"product","2":"type-product","3":"status-publish","4":"has-post-thumbnail","6":"product_brand-twistshake","7":"product_cat-njega-majke-i-djeteta","8":"product_cat-oprema-za-bebe-211","9":"product_cat-za-bebe-286","11":"first","12":"instock","13":"shipping-taxable","14":"purchasable","15":"product-type-simple"},"_links":{"self":[{"href":"https:\/\/singuli.wpress.me\/index.php\/wp-json\/wp\/v2\/product\/38601","targetHints":{"allow":["GET"]}}],"collection":[{"href":"https:\/\/singuli.wpress.me\/index.php\/wp-json\/wp\/v2\/product"}],"about":[{"href":"https:\/\/singuli.wpress.me\/index.php\/wp-json\/wp\/v2\/types\/product"}],"version-history":[{"count":0,"href":"https:\/\/singuli.wpress.me\/index.php\/wp-json\/wp\/v2\/product\/38601\/revisions"}],"wp:featuredmedia":[{"embeddable":true,"href":"https:\/\/singuli.wpress.me\/index.php\/wp-json\/wp\/v2\/media\/38602"}],"wp:attachment":[{"href":"https:\/\/singuli.wpress.me\/index.php\/wp-json\/wp\/v2\/media?parent=38601"}],"wp:term":[{"taxonomy":"product_brand","embeddable":true,"href":"https:\/\/singuli.wpress.me\/index.php\/wp-json\/wp\/v2\/product_brand?post=38601"},{"taxonomy":"product_cat","embeddable":true,"href":"https:\/\/singuli.wpress.me\/index.php\/wp-json\/wp\/v2\/product_cat?post=38601"},{"taxonomy":"product_tag","embeddable":true,"href":"https:\/\/singuli.wpress.me\/index.php\/wp-json\/wp\/v2\/product_tag?post=38601"}],"curies":[{"name":"wp","href":"https:\/\/api.w.org\/{rel}","templated":true}]}}