{"id":38603,"date":"2026-04-18T18:11:02","date_gmt":"2026-04-18T18:11:02","guid":{"rendered":"https:\/\/singuli.wpress.me\/index.php\/proizvod\/bissell-sportclean-stain-trapper-cetka-za-mrlje\/"},"modified":"2026-04-20T12:33:25","modified_gmt":"2026-04-20T12:33:25","slug":"bissell-sportclean-stain-trapper-cetka-za-mrlje","status":"publish","type":"product","link":"https:\/\/singuli.wpress.me\/index.php\/proizvod\/bissell-sportclean-stain-trapper-cetka-za-mrlje\/","title":{"rendered":"BISSELL Sportclean Stain Trapper, \u010detka, za mrlje"},"content":{"rendered":"<p>Hvata\u010d mrlja hvata mrlje i sprje\u010dava njihov ulazak u \u010dista\u010d tako \u0161to ih hvata u alat, tako da je izvrstan za nehigijenske nerede poput nesre\u0107a s ku\u0107nim ljubimcima ili upotrijebite na\u010din Su\u0161enje za uklanjanje dlaka ku\u0107nih ljubimaca s tepiha i presvlaka.<\/p>\n","protected":false},"excerpt":{"rendered":"<p>Hvata mrlje i sprje\u010dava njihov ulazak u \u010dista\u010d<br \/>\nIzvrstan za nehigijenske nerede<br \/>\nPrikladno za kori\u0161tenje s Bissell SpotClean Professional (1558N)<\/p>\n","protected":false},"featured_media":38604,"template":"","meta":{"_seopress_robots_primary_cat":"","_seopress_titles_title":"","_seopress_titles_desc":"","_seopress_robots_index":"","iawp_total_views":0},"product_brand":[819],"product_cat":[160,271],"product_tag":[],"class_list":{"0":"post-38603","1":"product","2":"type-product","3":"status-publish","4":"has-post-thumbnail","6":"product_brand-bissell","7":"product_cat-mali-kucanski-aparati","8":"product_cat-usisavaci-i-ciscenje-160","10":"first","11":"outofstock","12":"shipping-taxable","13":"purchasable","14":"product-type-simple"},"_links":{"self":[{"href":"https:\/\/singuli.wpress.me\/index.php\/wp-json\/wp\/v2\/product\/38603","targetHints":{"allow":["GET"]}}],"collection":[{"href":"https:\/\/singuli.wpress.me\/index.php\/wp-json\/wp\/v2\/product"}],"about":[{"href":"https:\/\/singuli.wpress.me\/index.php\/wp-json\/wp\/v2\/types\/product"}],"version-history":[{"count":0,"href":"https:\/\/singuli.wpress.me\/index.php\/wp-json\/wp\/v2\/product\/38603\/revisions"}],"wp:featuredmedia":[{"embeddable":true,"href":"https:\/\/singuli.wpress.me\/index.php\/wp-json\/wp\/v2\/media\/38604"}],"wp:attachment":[{"href":"https:\/\/singuli.wpress.me\/index.php\/wp-json\/wp\/v2\/media?parent=38603"}],"wp:term":[{"taxonomy":"product_brand","embeddable":true,"href":"https:\/\/singuli.wpress.me\/index.php\/wp-json\/wp\/v2\/product_brand?post=38603"},{"taxonomy":"product_cat","embeddable":true,"href":"https:\/\/singuli.wpress.me\/index.php\/wp-json\/wp\/v2\/product_cat?post=38603"},{"taxonomy":"product_tag","embeddable":true,"href":"https:\/\/singuli.wpress.me\/index.php\/wp-json\/wp\/v2\/product_tag?post=38603"}],"curies":[{"name":"wp","href":"https:\/\/api.w.org\/{rel}","templated":true}]}}