{"id":38616,"date":"2026-04-18T18:11:11","date_gmt":"2026-04-18T18:11:11","guid":{"rendered":"https:\/\/singuli.wpress.me\/index.php\/proizvod\/oral-b-eb-50-8-precision-clean-zamjenske-glave-za-cetkicu-8-kom-2\/"},"modified":"2026-04-20T12:33:25","modified_gmt":"2026-04-20T12:33:25","slug":"oral-b-eb-50-8-precision-clean-zamjenske-glave-za-cetkicu-8-kom-2","status":"publish","type":"product","link":"https:\/\/singuli.wpress.me\/index.php\/proizvod\/oral-b-eb-50-8-precision-clean-zamjenske-glave-za-cetkicu-8-kom-2\/","title":{"rendered":"ORAL-B EB 50-8 Precision Clean, zamjenske glave za \u010detkicu, 8\u00a0kom"},"content":{"rendered":"<p>Ove pobolj\u0161ane glave Oral-B Precision Clean koriste tehnologiju CleanMaximiser koja zelena vlakna pretvara u \u017euta te tako osigurava optimalne performanse glave \u010detkice i najbolje \u010di\u0161\u0107enje.<\/p>\n<p>Jedinstvena vlakna uklanjaju zubne naslage, za vrhunsko \u010di\u0161\u0107enje zub-po-zub bolje od klasi\u010dne zubne \u010detkice.<\/p>\n<p>Ove su glave kompatibilne sa svim dr\u0161kama Oral-B osim Pulsonic i iO.<br \/>\nStomatolozi preporu\u010duju mijenjanje glave \u010detke svaka 3 mjeseca za najbolje \u010di\u0161\u0107enje.<\/p>\n","protected":false},"excerpt":{"rendered":"<p>Kompatibilne sa svim dr\u0161kama Oral-B osim Pulsonic i iO<br \/>\nZamijenite glavu \u010detkice svaka tri mjeseca<br \/>\nOkrugla glava uklanja do 100\u00a0% vi\u0161e zubnih naslaga<\/p>\n","protected":false},"featured_media":38617,"template":"","meta":{"_seopress_robots_primary_cat":"","_seopress_titles_title":"","_seopress_titles_desc":"","_seopress_robots_index":"","iawp_total_views":0},"product_brand":[423],"product_cat":[192,207,209],"product_tag":[],"class_list":{"0":"post-38616","1":"product","2":"type-product","3":"status-publish","4":"has-post-thumbnail","6":"product_brand-oral-b-2","7":"product_cat-aparati-za-osobnu-njegu","8":"product_cat-oralna-higijena","9":"product_cat-zamjenske-glave","11":"first","12":"outofstock","13":"shipping-taxable","14":"purchasable","15":"product-type-simple"},"_links":{"self":[{"href":"https:\/\/singuli.wpress.me\/index.php\/wp-json\/wp\/v2\/product\/38616","targetHints":{"allow":["GET"]}}],"collection":[{"href":"https:\/\/singuli.wpress.me\/index.php\/wp-json\/wp\/v2\/product"}],"about":[{"href":"https:\/\/singuli.wpress.me\/index.php\/wp-json\/wp\/v2\/types\/product"}],"version-history":[{"count":0,"href":"https:\/\/singuli.wpress.me\/index.php\/wp-json\/wp\/v2\/product\/38616\/revisions"}],"wp:featuredmedia":[{"embeddable":true,"href":"https:\/\/singuli.wpress.me\/index.php\/wp-json\/wp\/v2\/media\/38617"}],"wp:attachment":[{"href":"https:\/\/singuli.wpress.me\/index.php\/wp-json\/wp\/v2\/media?parent=38616"}],"wp:term":[{"taxonomy":"product_brand","embeddable":true,"href":"https:\/\/singuli.wpress.me\/index.php\/wp-json\/wp\/v2\/product_brand?post=38616"},{"taxonomy":"product_cat","embeddable":true,"href":"https:\/\/singuli.wpress.me\/index.php\/wp-json\/wp\/v2\/product_cat?post=38616"},{"taxonomy":"product_tag","embeddable":true,"href":"https:\/\/singuli.wpress.me\/index.php\/wp-json\/wp\/v2\/product_tag?post=38616"}],"curies":[{"name":"wp","href":"https:\/\/api.w.org\/{rel}","templated":true}]}}