{"id":38630,"date":"2026-04-18T18:11:16","date_gmt":"2026-04-18T18:11:16","guid":{"rendered":"https:\/\/singuli.wpress.me\/index.php\/proizvod\/revlon-copper-glide-pegla-za-kosu\/"},"modified":"2026-04-20T12:33:25","modified_gmt":"2026-04-20T12:33:25","slug":"revlon-copper-glide-pegla-za-kosu","status":"publish","type":"product","link":"https:\/\/singuli.wpress.me\/index.php\/proizvod\/revlon-copper-glide-pegla-za-kosu\/","title":{"rendered":"REVLON Copper Glide, pegla za kosu"},"content":{"rendered":"<p>Napredne bakrene 3X kerami\u010dke plo\u010de.<\/p>\n<p>Brzo prenosi toplinu i poma\u017ee u smanjenju \u0161tete od pretjeranog stiliziranja, ravnomjernom raspodjelom topline za glatku kontrolu cijelog dana, 63% vi\u0161e sjaja *<\/p>\n<p>30 digitalnih postavki do 235\u02daC profesionalne visoke topline za br\u017ei dizajn i optimalne rezultate.<\/p>\n<p>25 mm True-Grip okrugle plo\u010de s plutaju\u0107om plo\u010dom za glatko klizanje. Zaobljene plo\u010de stvaraju kovr\u010de ili labave valove. Najmoderniji dizajn pametnog sustava toplinske memorije automatski podsje\u0107a na zadnju temperaturu kao va\u0161u \u017eeljenu postavku grijanja.<\/p>\n<p>Duljina kabela &#8211; 1,8 m Duljina plo\u010de \u2013 90 mm<\/p>\n","protected":false},"excerpt":{"rendered":"<p>Brzo prenosi toplinu i poma\u017ee u smanjenju \u0161tete od pretjeranog stiliziranja<br \/>\nZaobljene plo\u010de stvaraju kovr\u010de ili labave valove<br \/>\n30 digitalnih postavki do 235\u02daC profesionalne visoke topline<\/p>\n","protected":false},"featured_media":38631,"template":"","meta":{"_seopress_robots_primary_cat":"","_seopress_titles_title":"","_seopress_titles_desc":"","_seopress_robots_index":"","iawp_total_views":0},"product_brand":[155],"product_cat":[192,319],"product_tag":[],"class_list":{"0":"post-38630","1":"product","2":"type-product","3":"status-publish","4":"has-post-thumbnail","6":"product_brand-revlon","7":"product_cat-aparati-za-osobnu-njegu","8":"product_cat-susila-za-kosu-pegla-i-uvijaci-192","10":"first","11":"outofstock","12":"shipping-taxable","13":"purchasable","14":"product-type-simple"},"_links":{"self":[{"href":"https:\/\/singuli.wpress.me\/index.php\/wp-json\/wp\/v2\/product\/38630","targetHints":{"allow":["GET"]}}],"collection":[{"href":"https:\/\/singuli.wpress.me\/index.php\/wp-json\/wp\/v2\/product"}],"about":[{"href":"https:\/\/singuli.wpress.me\/index.php\/wp-json\/wp\/v2\/types\/product"}],"version-history":[{"count":0,"href":"https:\/\/singuli.wpress.me\/index.php\/wp-json\/wp\/v2\/product\/38630\/revisions"}],"wp:featuredmedia":[{"embeddable":true,"href":"https:\/\/singuli.wpress.me\/index.php\/wp-json\/wp\/v2\/media\/38631"}],"wp:attachment":[{"href":"https:\/\/singuli.wpress.me\/index.php\/wp-json\/wp\/v2\/media?parent=38630"}],"wp:term":[{"taxonomy":"product_brand","embeddable":true,"href":"https:\/\/singuli.wpress.me\/index.php\/wp-json\/wp\/v2\/product_brand?post=38630"},{"taxonomy":"product_cat","embeddable":true,"href":"https:\/\/singuli.wpress.me\/index.php\/wp-json\/wp\/v2\/product_cat?post=38630"},{"taxonomy":"product_tag","embeddable":true,"href":"https:\/\/singuli.wpress.me\/index.php\/wp-json\/wp\/v2\/product_tag?post=38630"}],"curies":[{"name":"wp","href":"https:\/\/api.w.org\/{rel}","templated":true}]}}