{"id":38632,"date":"2026-04-18T18:11:16","date_gmt":"2026-04-18T18:11:16","guid":{"rendered":"https:\/\/singuli.wpress.me\/index.php\/proizvod\/medex-kolagenlift-kolagen-u-prahu-120-g\/"},"modified":"2026-04-20T12:33:25","modified_gmt":"2026-04-20T12:33:25","slug":"medex-kolagenlift-kolagen-u-prahu-120-g","status":"publish","type":"product","link":"https:\/\/singuli.wpress.me\/index.php\/proizvod\/medex-kolagenlift-kolagen-u-prahu-120-g\/","title":{"rendered":"MEDEX Kolagenlift, kolagen, u prahu, 120\u00a0g"},"content":{"rendered":"<p>Kolagen Naticol\u00ae ribljeg podrijetla dobiven s posebnom patentiranom thnologijom, koja bez mirisa i okusa ribe omogu\u0107ava proizvodnju malih, nisko molekularnih \u010destica kolagena, koje se u tijelu vrlo dobro apsorbiraju..<\/p>\n<p>Kolagen predstavlja 30 % svih bjelan\u010devina u ljudskome organizmu te je tako najzastupljenija bjelan\u010devina u na\u0161em tijelu. Nalazi se u dubljim slojevima ko\u017ee (u dermisu), gdje skupa s hijaluronskom kiselinom i elastinom osigurava \u010dvrsto\u0107u kolagenske mre\u017ee i elasti\u010dnost ko\u017ee. Starenjem se koli\u010dina kolagena u dermisu smanjuje, posljedi\u010dno ko\u017ea postaje manje elasti\u010dna i po\u010dinje se opu\u0161tati i borati. Redovitim uzimanjem kolagena, ko\u017ei se vra\u0107aju hranjive tvari koje se u prirodnom procesu starenja gube.<\/p>\n<p>Na\u010din primjene: Preporu\u010dena dnevna doza je 1  1vrhom puna prilo\u017eena mjerica (8 g). Dodajte je u 2 dl hladne teku\u0107ine i dobro promije\u0161ajte dok se potpuno ne otopi. Nakon uporabe proizvod dobro zatvorite.<\/p>\n<p>Kolagen u proizvodu je ribljega porijekla. <\/p>\n<p>Sastojci u preporu\u010denoj dnevnoj dozi (1 prilo\u017eena mjerica = 8 g): hidrolizirani riblji kolagen Naticol\u00ae (5 g), hijaluronska kiselina (10 mg), vitamin C (askorbinska kiselina) (80 mg) 100%PU. <\/p>\n","protected":false},"excerpt":{"rendered":"<p>Za lijepu i mladena\u010dku ko\u017eu patentiran oblik kolagena NatiCol\u00ae smanjuje bore te pove\u0107ava \u010dvrsto\u0107u i elasti\u010dnost ko\u017ee<br \/>\nS vitaminom C, koji doprinosi normalnom stvaranju kolagena za normalnu funkciju ko\u017ee<br \/>\nKolagen u proizvodu je ribljega porijekla<\/p>\n","protected":false},"featured_media":38633,"template":"","meta":{"_seopress_robots_primary_cat":"","_seopress_titles_title":"","_seopress_titles_desc":"","_seopress_robots_index":"","iawp_total_views":0},"product_brand":[415],"product_cat":[268,278],"product_tag":[],"class_list":{"0":"post-38632","1":"product","2":"type-product","3":"status-publish","4":"has-post-thumbnail","6":"product_brand-medex","7":"product_cat-kozmetika-2","8":"product_cat-njega-tijela-268","10":"first","11":"instock","12":"shipping-taxable","13":"purchasable","14":"product-type-simple"},"_links":{"self":[{"href":"https:\/\/singuli.wpress.me\/index.php\/wp-json\/wp\/v2\/product\/38632","targetHints":{"allow":["GET"]}}],"collection":[{"href":"https:\/\/singuli.wpress.me\/index.php\/wp-json\/wp\/v2\/product"}],"about":[{"href":"https:\/\/singuli.wpress.me\/index.php\/wp-json\/wp\/v2\/types\/product"}],"version-history":[{"count":0,"href":"https:\/\/singuli.wpress.me\/index.php\/wp-json\/wp\/v2\/product\/38632\/revisions"}],"wp:featuredmedia":[{"embeddable":true,"href":"https:\/\/singuli.wpress.me\/index.php\/wp-json\/wp\/v2\/media\/38633"}],"wp:attachment":[{"href":"https:\/\/singuli.wpress.me\/index.php\/wp-json\/wp\/v2\/media?parent=38632"}],"wp:term":[{"taxonomy":"product_brand","embeddable":true,"href":"https:\/\/singuli.wpress.me\/index.php\/wp-json\/wp\/v2\/product_brand?post=38632"},{"taxonomy":"product_cat","embeddable":true,"href":"https:\/\/singuli.wpress.me\/index.php\/wp-json\/wp\/v2\/product_cat?post=38632"},{"taxonomy":"product_tag","embeddable":true,"href":"https:\/\/singuli.wpress.me\/index.php\/wp-json\/wp\/v2\/product_tag?post=38632"}],"curies":[{"name":"wp","href":"https:\/\/api.w.org\/{rel}","templated":true}]}}