{"id":38634,"date":"2026-04-18T18:11:16","date_gmt":"2026-04-18T18:11:16","guid":{"rendered":"https:\/\/singuli.wpress.me\/index.php\/proizvod\/shell-diesel-depresser-aditiv-za-dizel-gorivo-12x0-48l-5-76-l\/"},"modified":"2026-04-20T12:33:25","modified_gmt":"2026-04-20T12:33:25","slug":"shell-diesel-depresser-aditiv-za-dizel-gorivo-12x0-48l-5-76-l","status":"publish","type":"product","link":"https:\/\/singuli.wpress.me\/index.php\/proizvod\/shell-diesel-depresser-aditiv-za-dizel-gorivo-12x0-48l-5-76-l\/","title":{"rendered":"SHELL Diesel Depresser, aditiv za dizel gorivo, 12&#215;0.48l, 5.76\u00a0l"},"content":{"rendered":"<p>Shell Diesel Depresser je aditiv visokog u\u010dinka koji osigurava pobolj\u0161ana svojstva te\u010denja i nakupljanja parafina u dizelskom gorivu pri niskim temperaturama te odr\u017eavanje sustava opskrbe goriva \u010distim.<\/p>\n<p>Preporu\u010deni omjer Shell Diesel Depresser i goriva je 1:1000. U zimskim uvjetima (ispod -12 stupnjeva) preporu\u010da se udvostru\u010diti koli\u010dinu (1:500). Koristi se pri niskim temperaturama u zimskim uvjetima.<\/p>\n","protected":false},"excerpt":{"rendered":"<p>Visoko koncentrirani, u\u010dinkoviti aditiv protiv geliranja dizela<br \/>\nPreporu\u010da se koristiti tijekom jeseni i zime<br \/>\nSprje\u010dava stvaranje parafina u dizel gorivu, kao i  za\u010depljenje filtera i cijevi za gorivo<\/p>\n","protected":false},"featured_media":38635,"template":"","meta":{"_seopress_robots_primary_cat":"","_seopress_titles_title":"","_seopress_titles_desc":"","_seopress_robots_index":"","iawp_total_views":0},"product_brand":[326],"product_cat":[243,276],"product_tag":[],"class_list":{"0":"post-38634","1":"product","2":"type-product","3":"status-publish","4":"has-post-thumbnail","6":"product_brand-shell","7":"product_cat-automobili-i-motori","8":"product_cat-industrijska-i-specijalna-ulja-243","10":"first","11":"outofstock","12":"shipping-taxable","13":"purchasable","14":"product-type-simple"},"_links":{"self":[{"href":"https:\/\/singuli.wpress.me\/index.php\/wp-json\/wp\/v2\/product\/38634","targetHints":{"allow":["GET"]}}],"collection":[{"href":"https:\/\/singuli.wpress.me\/index.php\/wp-json\/wp\/v2\/product"}],"about":[{"href":"https:\/\/singuli.wpress.me\/index.php\/wp-json\/wp\/v2\/types\/product"}],"version-history":[{"count":0,"href":"https:\/\/singuli.wpress.me\/index.php\/wp-json\/wp\/v2\/product\/38634\/revisions"}],"wp:featuredmedia":[{"embeddable":true,"href":"https:\/\/singuli.wpress.me\/index.php\/wp-json\/wp\/v2\/media\/38635"}],"wp:attachment":[{"href":"https:\/\/singuli.wpress.me\/index.php\/wp-json\/wp\/v2\/media?parent=38634"}],"wp:term":[{"taxonomy":"product_brand","embeddable":true,"href":"https:\/\/singuli.wpress.me\/index.php\/wp-json\/wp\/v2\/product_brand?post=38634"},{"taxonomy":"product_cat","embeddable":true,"href":"https:\/\/singuli.wpress.me\/index.php\/wp-json\/wp\/v2\/product_cat?post=38634"},{"taxonomy":"product_tag","embeddable":true,"href":"https:\/\/singuli.wpress.me\/index.php\/wp-json\/wp\/v2\/product_tag?post=38634"}],"curies":[{"name":"wp","href":"https:\/\/api.w.org\/{rel}","templated":true}]}}