{"id":38638,"date":"2026-04-18T18:11:17","date_gmt":"2026-04-18T18:11:17","guid":{"rendered":"https:\/\/singuli.wpress.me\/index.php\/proizvod\/disney-pepeljuga-princeza\/"},"modified":"2026-04-21T00:26:57","modified_gmt":"2026-04-21T00:26:57","slug":"disney-pepeljuga-princeza","status":"publish","type":"product","link":"https:\/\/singuli.wpress.me\/index.php\/proizvod\/disney-pepeljuga-princeza\/","title":{"rendered":"DISNEY Pepeljuga, princeza"},"content":{"rendered":"<p>Pustolovina vas \u010deka s Disney Princess lutkama!<\/p>\n<p>Upoznajte lutku Pepeljugu, inspiriranu ljubaznom i hrabrom princezom iz Disneyevog animiranog igranog filma! <\/p>\n<p>Pepeljuga nosi svjetlucavu odje\u0107u plave boje s dodacima koji uklju\u010duju predivne plave potpetice i tijaru. U svom prepoznatljivom izgledu iz filma, Pepeljuga je spremna za svaku avanturu! <\/p>\n<p>Haljina i cipele savr\u0161eno odgovaraju boji tijare za savr\u0161en izgled Pepeljuge, a djeca \u0107e obo\u017eavati kreativne igre s tijarom koja \u010dini svaku princezu posebnom!<\/p>\n<p>Savr\u0161en je dar za djecu koja vole animirane crti\u0107e i \u017eele Disney bajku u svome domu, kao i za djevoj\u010dice koje vole sanjariti i ma\u0161tati. <\/p>\n<p>Ima pokretne udove, a cipele i suknja se mogu skinuti.<\/p>\n<p>Skupi sve lutke Disneyjevih princeza za vrhunsku avanturu! <\/p>\n<p>Boje i dekoracije mogu se razlikovati.<\/p>\n","protected":false},"excerpt":{"rendered":"<p>Princeza Disney filmova<br \/>\nPepeljuga je spremna za svaku avanturu<br \/>\nBoje i dekoracije mogu se razlikovati<\/p>\n","protected":false},"featured_media":38639,"template":"","meta":{"_seopress_robots_primary_cat":"","_seopress_titles_title":"","_seopress_titles_desc":"","_seopress_robots_index":"","iawp_total_views":0},"product_brand":[522],"product_cat":[221,291],"product_tag":[],"class_list":{"0":"post-38638","1":"product","2":"type-product","3":"status-publish","4":"has-post-thumbnail","6":"product_brand-disney","7":"product_cat-igracke","8":"product_cat-igracke-za-djecu-221","10":"first","11":"instock","12":"shipping-taxable","13":"purchasable","14":"product-type-simple"},"_links":{"self":[{"href":"https:\/\/singuli.wpress.me\/index.php\/wp-json\/wp\/v2\/product\/38638","targetHints":{"allow":["GET"]}}],"collection":[{"href":"https:\/\/singuli.wpress.me\/index.php\/wp-json\/wp\/v2\/product"}],"about":[{"href":"https:\/\/singuli.wpress.me\/index.php\/wp-json\/wp\/v2\/types\/product"}],"version-history":[{"count":0,"href":"https:\/\/singuli.wpress.me\/index.php\/wp-json\/wp\/v2\/product\/38638\/revisions"}],"wp:featuredmedia":[{"embeddable":true,"href":"https:\/\/singuli.wpress.me\/index.php\/wp-json\/wp\/v2\/media\/38639"}],"wp:attachment":[{"href":"https:\/\/singuli.wpress.me\/index.php\/wp-json\/wp\/v2\/media?parent=38638"}],"wp:term":[{"taxonomy":"product_brand","embeddable":true,"href":"https:\/\/singuli.wpress.me\/index.php\/wp-json\/wp\/v2\/product_brand?post=38638"},{"taxonomy":"product_cat","embeddable":true,"href":"https:\/\/singuli.wpress.me\/index.php\/wp-json\/wp\/v2\/product_cat?post=38638"},{"taxonomy":"product_tag","embeddable":true,"href":"https:\/\/singuli.wpress.me\/index.php\/wp-json\/wp\/v2\/product_tag?post=38638"}],"curies":[{"name":"wp","href":"https:\/\/api.w.org\/{rel}","templated":true}]}}