{"id":38645,"date":"2026-04-18T18:11:19","date_gmt":"2026-04-18T18:11:19","guid":{"rendered":"https:\/\/singuli.wpress.me\/index.php\/proizvod\/autan-botanicals-sprej-100-ml\/"},"modified":"2026-04-20T12:33:25","modified_gmt":"2026-04-20T12:33:25","slug":"autan-botanicals-sprej-100-ml","status":"publish","type":"product","link":"https:\/\/singuli.wpress.me\/index.php\/proizvod\/autan-botanicals-sprej-100-ml\/","title":{"rendered":"AUTAN Botanicals, sprej, 100\u00a0ml"},"content":{"rendered":"<p>Autan\u00ae Botanicals  sprej je repelent na bazi biljaka, dobiveni iz destiliranog ulja stabala eukaliptusa citriodora, koji \u0161titi od krpelja do 5 sati, od komaraca do 6 sati, a protiv mu\u0161ica do 3 sata. <\/p>\n<p>Ne sadr\u017ei DEET. <\/p>\n<p><span style=\"font-weight: bold\">Upute za uporabu:<\/span><br \/>\nDobro protresite prije uporabe. Raspr\u0161ite ravnomjerno na izlo\u017eenu ko\u017eu. Koriste\u0107i raspr\u0161iva\u010d nanesite sredstvo na izlo\u017eenu ko\u017eu (pribli\u017eno 6-7 pritisaka rukom \/ po podlaktici\/nozi).<\/p>\n","protected":false},"excerpt":{"rendered":"<p>Repelent na biljnoj bazi<br \/>\nPru\u017ea za\u0161titu od komaraca do 6 sati<br \/>\nPru\u017ea za\u0161titu od krpelja do 5 sata<\/p>\n","protected":false},"featured_media":38646,"template":"","meta":{"_seopress_robots_primary_cat":"","_seopress_titles_title":"","_seopress_titles_desc":"","_seopress_robots_index":"","iawp_total_views":0},"product_brand":[821],"product_cat":[268,278],"product_tag":[],"class_list":{"0":"post-38645","1":"product","2":"type-product","3":"status-publish","4":"has-post-thumbnail","6":"product_brand-autan","7":"product_cat-kozmetika-2","8":"product_cat-njega-tijela-268","10":"first","11":"instock","12":"shipping-taxable","13":"purchasable","14":"product-type-simple"},"_links":{"self":[{"href":"https:\/\/singuli.wpress.me\/index.php\/wp-json\/wp\/v2\/product\/38645","targetHints":{"allow":["GET"]}}],"collection":[{"href":"https:\/\/singuli.wpress.me\/index.php\/wp-json\/wp\/v2\/product"}],"about":[{"href":"https:\/\/singuli.wpress.me\/index.php\/wp-json\/wp\/v2\/types\/product"}],"version-history":[{"count":0,"href":"https:\/\/singuli.wpress.me\/index.php\/wp-json\/wp\/v2\/product\/38645\/revisions"}],"wp:featuredmedia":[{"embeddable":true,"href":"https:\/\/singuli.wpress.me\/index.php\/wp-json\/wp\/v2\/media\/38646"}],"wp:attachment":[{"href":"https:\/\/singuli.wpress.me\/index.php\/wp-json\/wp\/v2\/media?parent=38645"}],"wp:term":[{"taxonomy":"product_brand","embeddable":true,"href":"https:\/\/singuli.wpress.me\/index.php\/wp-json\/wp\/v2\/product_brand?post=38645"},{"taxonomy":"product_cat","embeddable":true,"href":"https:\/\/singuli.wpress.me\/index.php\/wp-json\/wp\/v2\/product_cat?post=38645"},{"taxonomy":"product_tag","embeddable":true,"href":"https:\/\/singuli.wpress.me\/index.php\/wp-json\/wp\/v2\/product_tag?post=38645"}],"curies":[{"name":"wp","href":"https:\/\/api.w.org\/{rel}","templated":true}]}}