{"id":38647,"date":"2026-04-18T18:11:20","date_gmt":"2026-04-18T18:11:20","guid":{"rendered":"https:\/\/singuli.wpress.me\/index.php\/proizvod\/pantene-pro-v-lively-colour-3-minute-miracle-serum-za-obojanu-kosu-200-ml\/"},"modified":"2026-04-20T12:33:25","modified_gmt":"2026-04-20T12:33:25","slug":"pantene-pro-v-lively-colour-3-minute-miracle-serum-za-obojanu-kosu-200-ml","status":"publish","type":"product","link":"https:\/\/singuli.wpress.me\/index.php\/proizvod\/pantene-pro-v-lively-colour-3-minute-miracle-serum-za-obojanu-kosu-200-ml\/","title":{"rendered":"PANTENE Pro-V Lively Colour 3 minute Miracle, serum, za obojanu kosu, 200\u00a0ml"},"content":{"rendered":"<p>Hranjive tvari iz seruma temeljito obnavljaju obojenu i o\u0161te\u0107enu kosu. Otkrijte na\u0161u oboga\u0107enu Pro-V mje\u0161avinu s lipidima za ja\u010danje kose i za\u0161titnim antioksidansima.<\/p>\n<p>Regenerator za kosu Pantene Pro-V Lively Colour Miracle Serum u trenu se otapa na kosi i prodire do sr\u017ei kako bi je obnovio iznutra. Formula ovog intenzivnog tretmana za njegu kose poma\u017ee kod vidljivog o\u0161te\u0107enja* ve\u0107 nakon prve uporabe bez nano\u0161enja dodatne te\u017eine.Isprobajte regenerator koji je toliko dobar da ga ne\u0107ete htjeti isprati!<\/p>\n<p>* od o\u0161te\u0107ene do glatke povr\u0161ine kose<\/p>\n","protected":false},"excerpt":{"rendered":"<p>\u010cuva boju i sjaj obojene kose<br \/>\nNutrijenti Pro-V za kosu otporniju na o\u0161te\u0107enja uzrokovana oblikovanjem<br \/>\nZa prekrasan sjaj obojene kose<\/p>\n","protected":false},"featured_media":38648,"template":"","meta":{"_seopress_robots_primary_cat":"","_seopress_titles_title":"","_seopress_titles_desc":"","_seopress_robots_index":"","iawp_total_views":0},"product_brand":[411],"product_cat":[268,300],"product_tag":[],"class_list":{"0":"post-38647","1":"product","2":"type-product","3":"status-publish","4":"has-post-thumbnail","6":"product_brand-pantene","7":"product_cat-kozmetika-2","8":"product_cat-njega-kose-268","10":"first","11":"outofstock","12":"shipping-taxable","13":"purchasable","14":"product-type-simple"},"_links":{"self":[{"href":"https:\/\/singuli.wpress.me\/index.php\/wp-json\/wp\/v2\/product\/38647","targetHints":{"allow":["GET"]}}],"collection":[{"href":"https:\/\/singuli.wpress.me\/index.php\/wp-json\/wp\/v2\/product"}],"about":[{"href":"https:\/\/singuli.wpress.me\/index.php\/wp-json\/wp\/v2\/types\/product"}],"version-history":[{"count":0,"href":"https:\/\/singuli.wpress.me\/index.php\/wp-json\/wp\/v2\/product\/38647\/revisions"}],"wp:featuredmedia":[{"embeddable":true,"href":"https:\/\/singuli.wpress.me\/index.php\/wp-json\/wp\/v2\/media\/38648"}],"wp:attachment":[{"href":"https:\/\/singuli.wpress.me\/index.php\/wp-json\/wp\/v2\/media?parent=38647"}],"wp:term":[{"taxonomy":"product_brand","embeddable":true,"href":"https:\/\/singuli.wpress.me\/index.php\/wp-json\/wp\/v2\/product_brand?post=38647"},{"taxonomy":"product_cat","embeddable":true,"href":"https:\/\/singuli.wpress.me\/index.php\/wp-json\/wp\/v2\/product_cat?post=38647"},{"taxonomy":"product_tag","embeddable":true,"href":"https:\/\/singuli.wpress.me\/index.php\/wp-json\/wp\/v2\/product_tag?post=38647"}],"curies":[{"name":"wp","href":"https:\/\/api.w.org\/{rel}","templated":true}]}}