{"id":38651,"date":"2026-04-18T18:11:20","date_gmt":"2026-04-18T18:11:20","guid":{"rendered":"https:\/\/singuli.wpress.me\/index.php\/proizvod\/plantaze-vranac-pro-corde-crveno-vino-0-75-l\/"},"modified":"2026-04-20T12:33:25","modified_gmt":"2026-04-20T12:33:25","slug":"plantaze-vranac-pro-corde-crveno-vino-0-75-l","status":"publish","type":"product","link":"https:\/\/singuli.wpress.me\/index.php\/proizvod\/plantaze-vranac-pro-corde-crveno-vino-0-75-l\/","title":{"rendered":"PLANTA\u017dE Vranac Pro Corde, crveno vino, 0.75\u00a0l"},"content":{"rendered":"<p>Vrhunsko suho crno vino<\/p>\n<p>Puno i sna\u017eno vino, izra\u017eenih aroma crnog bobi\u010dastog vo\u0107a,protkanih notama suhog za\u010dinskog bilja i kave, proizvedeno na poseban tehnolo\u0161ki postupak.<\/p>\n<p>Temperatura serviranja: 16-18\u00b0C <\/p>\n","protected":false},"excerpt":{"rendered":"<p>Vrhunsko suho crveno vino<br \/>\nPuno i sna\u017eno vino, izra\u017eenih aroma crnog bobi\u010dastog vo\u0107a,protkanih notama suhog za\u010dinskog bilja i kave, proizvedeno na poseban tehnolo\u0161ki postupak<br \/>\nTemperatura serviranja: 16-18\u00b0C<\/p>\n","protected":false},"featured_media":38652,"template":"","meta":{"_seopress_robots_primary_cat":"","_seopress_titles_title":"","_seopress_titles_desc":"","_seopress_robots_index":"","iawp_total_views":0},"product_brand":[508],"product_cat":[298,261],"product_tag":[],"class_list":{"0":"post-38651","1":"product","2":"type-product","3":"status-publish","4":"has-post-thumbnail","6":"product_brand-plantaze","7":"product_cat-alkoholna-pica-261","8":"product_cat-hrana-i-pice","10":"first","11":"instock","12":"shipping-taxable","13":"purchasable","14":"product-type-simple"},"_links":{"self":[{"href":"https:\/\/singuli.wpress.me\/index.php\/wp-json\/wp\/v2\/product\/38651","targetHints":{"allow":["GET"]}}],"collection":[{"href":"https:\/\/singuli.wpress.me\/index.php\/wp-json\/wp\/v2\/product"}],"about":[{"href":"https:\/\/singuli.wpress.me\/index.php\/wp-json\/wp\/v2\/types\/product"}],"version-history":[{"count":0,"href":"https:\/\/singuli.wpress.me\/index.php\/wp-json\/wp\/v2\/product\/38651\/revisions"}],"wp:featuredmedia":[{"embeddable":true,"href":"https:\/\/singuli.wpress.me\/index.php\/wp-json\/wp\/v2\/media\/38652"}],"wp:attachment":[{"href":"https:\/\/singuli.wpress.me\/index.php\/wp-json\/wp\/v2\/media?parent=38651"}],"wp:term":[{"taxonomy":"product_brand","embeddable":true,"href":"https:\/\/singuli.wpress.me\/index.php\/wp-json\/wp\/v2\/product_brand?post=38651"},{"taxonomy":"product_cat","embeddable":true,"href":"https:\/\/singuli.wpress.me\/index.php\/wp-json\/wp\/v2\/product_cat?post=38651"},{"taxonomy":"product_tag","embeddable":true,"href":"https:\/\/singuli.wpress.me\/index.php\/wp-json\/wp\/v2\/product_tag?post=38651"}],"curies":[{"name":"wp","href":"https:\/\/api.w.org\/{rel}","templated":true}]}}