{"id":38673,"date":"2026-04-18T18:11:29","date_gmt":"2026-04-18T18:11:29","guid":{"rendered":"https:\/\/singuli.wpress.me\/index.php\/proizvod\/fine-guard-dezinficijens-za-ruke-50-ml\/"},"modified":"2026-04-20T12:33:26","modified_gmt":"2026-04-20T12:33:26","slug":"fine-guard-dezinficijens-za-ruke-50-ml","status":"publish","type":"product","link":"https:\/\/singuli.wpress.me\/index.php\/proizvod\/fine-guard-dezinficijens-za-ruke-50-ml\/","title":{"rendered":"FINE GUARD, dezinficijens, za ruke, 50\u00a0ml"},"content":{"rendered":"<p>Fine Guard PureHands sredstvo za dezinfekciju ruku ubija 99,9% bakterija i virusa i dr\u017ei ih podalje 24 sata. To zna\u010di da je jedno nano\u0161enje na ruke ujutro dovoljno da budete za\u0161ti\u0107eni tijekom dana. Za\u0161tita ostaje aktivirana bez obzira na pranje ruku i druge kori\u0161tene sapune.<\/p>\n<p>Na\u0161e sredstvo za dezinfekciju ruku tako\u0111er je dermatolo\u0161ki testirano i sigurno za kori\u0161tenje na osjetljivoj ko\u017ei.<\/p>\n<p>Ubija 99.99% virusa i bakterija.<\/p>\n<p>Pjenasta formula.<\/p>\n<p>Dermatolo\u0161ki testirano i odobreno, pogodno za delikatnu i osjetljivu ko\u017eu.<\/p>\n<p>1 apliciranje \u0161ititi ruke do 24 sata, neovisno o broju pranja ruku.<\/p>\n<p>Poja\u010dano SteriPro Ultra Tehnologijom.<\/p>\n<p>Bez alkohola.<\/p>\n<p>50ml (1 bo\u010dica = 30 Dana za\u0161tite) <\/p>\n","protected":false},"excerpt":{"rendered":"<p>Sredstvo ubija 99.99% virusa i bakterija<br \/>\nDr\u017ei viruse i bakterije podalje \u010dak 24h<br \/>\nDermatolo\u0161ki testirano<\/p>\n","protected":false},"featured_media":38674,"template":"","meta":{"_seopress_robots_primary_cat":"","_seopress_titles_title":"","_seopress_titles_desc":"","_seopress_robots_index":"","iawp_total_views":0},"product_brand":[825],"product_cat":[284,238],"product_tag":[],"class_list":{"0":"post-38673","1":"product","2":"type-product","3":"status-publish","4":"has-post-thumbnail","6":"product_brand-fine-guard","7":"product_cat-sredstva-za-ciscenje-238","8":"product_cat-sve-za-dom","10":"first","11":"outofstock","12":"shipping-taxable","13":"purchasable","14":"product-type-simple"},"_links":{"self":[{"href":"https:\/\/singuli.wpress.me\/index.php\/wp-json\/wp\/v2\/product\/38673","targetHints":{"allow":["GET"]}}],"collection":[{"href":"https:\/\/singuli.wpress.me\/index.php\/wp-json\/wp\/v2\/product"}],"about":[{"href":"https:\/\/singuli.wpress.me\/index.php\/wp-json\/wp\/v2\/types\/product"}],"version-history":[{"count":0,"href":"https:\/\/singuli.wpress.me\/index.php\/wp-json\/wp\/v2\/product\/38673\/revisions"}],"wp:featuredmedia":[{"embeddable":true,"href":"https:\/\/singuli.wpress.me\/index.php\/wp-json\/wp\/v2\/media\/38674"}],"wp:attachment":[{"href":"https:\/\/singuli.wpress.me\/index.php\/wp-json\/wp\/v2\/media?parent=38673"}],"wp:term":[{"taxonomy":"product_brand","embeddable":true,"href":"https:\/\/singuli.wpress.me\/index.php\/wp-json\/wp\/v2\/product_brand?post=38673"},{"taxonomy":"product_cat","embeddable":true,"href":"https:\/\/singuli.wpress.me\/index.php\/wp-json\/wp\/v2\/product_cat?post=38673"},{"taxonomy":"product_tag","embeddable":true,"href":"https:\/\/singuli.wpress.me\/index.php\/wp-json\/wp\/v2\/product_tag?post=38673"}],"curies":[{"name":"wp","href":"https:\/\/api.w.org\/{rel}","templated":true}]}}