{"id":38681,"date":"2026-04-18T18:11:31","date_gmt":"2026-04-18T18:11:31","guid":{"rendered":"https:\/\/singuli.wpress.me\/index.php\/proizvod\/bissell-crosswave-usisavac\/"},"modified":"2026-04-21T00:26:57","modified_gmt":"2026-04-21T00:26:57","slug":"bissell-crosswave-usisavac","status":"publish","type":"product","link":"https:\/\/singuli.wpress.me\/index.php\/proizvod\/bissell-crosswave-usisavac\/","title":{"rendered":"BISSELL Crosswave, usisava\u010d"},"content":{"rendered":"<p>BISSELL CrossWave\u2122 istodobno usisava, pere i su\u0161i. Savr\u0161en je za redovito \u010di\u0161\u0107enje razli\u010ditih tvrdih podova i tepiha te za rje\u0161avanje malih i velikih nereda koji zavr\u0161e na podu. Digitalne komande osjetljive na dodir omogu\u0107uju prijelaz s jedne povr\u0161ine na drugu u tren oka, a usisava\u010d ispu\u0161ta onoliko vode koliko vam je potrebno. Usisava\u010d BISSELL CrossWave uvijek je pod va\u0161om kontrolom.<\/p>\n<p>O\u010distite razli\u010dite vrste podova odjednom. Jedinstvena rotiraju\u0107a \u010detka riba i pere podove za jo\u0161 bolje \u010di\u0161\u0107enje, a ne vra\u0107a uprljanu vodu natrag na pod. Digitalne komande osjetljive na dodir olak\u0161avaju upravljanje ure\u0111ajem i omogu\u0107uju intuitivno i prakti\u010dno kontroliranje \u010di\u0161\u0107enja. Tu je i tehnologija dvostrukog spremnika koji se lako uklanja \u2013 zbog zasebnih spremnika za \u010distu i prljavu vodu ne\u0107ete morati \u010desto mijenjati vodu, a bit \u0107ete sigurni da podove uvijek perete \u010distom vodom.<\/p>\n<p>S usisiva\u010dem CrossWave dobivate i teku\u0107inu BISSELL Multi za pranje razli\u010ditih povr\u0161ina, posebno osmi\u0161ljenu upravo za CrossWave. Za najbolje rezultate nastavite koristiti to isto sredstvo za \u010di\u0161\u0107enje razli\u010ditih povr\u0161ina pri svakom kori\u0161tenju usisava\u010da CrossWave.<\/p>\n<p>Karakteristike:<br \/>\n&#8211; 3u1 &#8211; istovremeno pere i su\u0161i, kako tvrde podove, tako i tepihe.<br \/>\n&#8211; Podlo\u017eak za \u010di\u0161\u0107enje koji se lako koristi, za brzo i temeljito \u010di\u0161\u0107enje \u010detke i mlaznice nakon kori\u0161tenja.<br \/>\n&#8211; Jedinstvena rotiraju\u0107a \u010detka za razli\u010dite povr\u0161ine koja pere i poma\u017ee osu\u0161iti tvrde podove i tepihe.<br \/>\n&#8211; Zasebni, lako odvojivi spremnici za \u010distu i prljavu vodu, za jednostavno punjenje i pra\u017enjenje.<br \/>\n&#8211; Niskoprofilno podno\u017eje i glava s okretnim\/nagibnim zglobom za lako rukovanje.<\/p>\n<p>Vrsta poda: tepisi i tapisoni, razli\u010dite povr\u0161ine, plo\u010dice, drveni podovi, tvrde podloge<\/p>\n","protected":false},"excerpt":{"rendered":"<p>Bissell CrossWave\u2122 istodobno usisava, pere i su\u0161i<br \/>\nJedinstvena rotiraju\u0107a \u010detka za razli\u010dite povr\u0161ine koja pere i poma\u017ee osu\u0161iti tvrde podove i tepihe.<br \/>\nS usisiva\u010dem dobivate i teku\u0107inu Bissell Multi za pranje razli\u010ditih povr\u0161ina, posebno osmi\u0161ljenu upravo za CrossWave<\/p>\n","protected":false},"featured_media":38682,"template":"","meta":{"_seopress_robots_primary_cat":"","_seopress_titles_title":"","_seopress_titles_desc":"","_seopress_robots_index":"","iawp_total_views":0},"product_brand":[819],"product_cat":[160,271],"product_tag":[],"class_list":{"0":"post-38681","1":"product","2":"type-product","3":"status-publish","4":"has-post-thumbnail","6":"product_brand-bissell","7":"product_cat-mali-kucanski-aparati","8":"product_cat-usisavaci-i-ciscenje-160","10":"first","11":"outofstock","12":"shipping-taxable","13":"purchasable","14":"product-type-simple"},"_links":{"self":[{"href":"https:\/\/singuli.wpress.me\/index.php\/wp-json\/wp\/v2\/product\/38681","targetHints":{"allow":["GET"]}}],"collection":[{"href":"https:\/\/singuli.wpress.me\/index.php\/wp-json\/wp\/v2\/product"}],"about":[{"href":"https:\/\/singuli.wpress.me\/index.php\/wp-json\/wp\/v2\/types\/product"}],"version-history":[{"count":0,"href":"https:\/\/singuli.wpress.me\/index.php\/wp-json\/wp\/v2\/product\/38681\/revisions"}],"wp:featuredmedia":[{"embeddable":true,"href":"https:\/\/singuli.wpress.me\/index.php\/wp-json\/wp\/v2\/media\/38682"}],"wp:attachment":[{"href":"https:\/\/singuli.wpress.me\/index.php\/wp-json\/wp\/v2\/media?parent=38681"}],"wp:term":[{"taxonomy":"product_brand","embeddable":true,"href":"https:\/\/singuli.wpress.me\/index.php\/wp-json\/wp\/v2\/product_brand?post=38681"},{"taxonomy":"product_cat","embeddable":true,"href":"https:\/\/singuli.wpress.me\/index.php\/wp-json\/wp\/v2\/product_cat?post=38681"},{"taxonomy":"product_tag","embeddable":true,"href":"https:\/\/singuli.wpress.me\/index.php\/wp-json\/wp\/v2\/product_tag?post=38681"}],"curies":[{"name":"wp","href":"https:\/\/api.w.org\/{rel}","templated":true}]}}