{"id":38687,"date":"2026-04-18T18:11:33","date_gmt":"2026-04-18T18:11:33","guid":{"rendered":"https:\/\/singuli.wpress.me\/index.php\/proizvod\/barbie-svjetlucava-balerina-sa-svjetlima\/"},"modified":"2026-04-21T00:26:57","modified_gmt":"2026-04-21T00:26:57","slug":"barbie-svjetlucava-balerina-sa-svjetlima","status":"publish","type":"product","link":"https:\/\/singuli.wpress.me\/index.php\/proizvod\/barbie-svjetlucava-balerina-sa-svjetlima\/","title":{"rendered":"BARBIE, svjetlucava balerina sa svjetlima"},"content":{"rendered":"<p>Sve je \u010darobno i elegantno na baletu!<\/p>\n<p>Gledaj kako tvoja omiljena Barbie\u00ae lutka svijetli dok ple\u0161e svoj omiljeni ples u rozim baletnim papu\u010dicama! Ove prekrasne balerine u sebi imaju \u010darobno osvjetljenje s kojim tvoja balerina jednostavno blista na podiju! <\/p>\n<p>Barbie\u00ae lutka ima plavu kosu stiliziranu u klasi\u010dnu pun\u0111u ukra\u0161enu elegantnom tijarom, dok na sebi ima svjetlucavu ru\u017ei\u010dastu suknju. Njena koljena i laktovi mogu se pomicati kako bi djeca mogla koreografirati \u0161to realisti\u010dnije i kreativnije plesove za svoje lutke. <\/p>\n<p>Transformiraj svoju lutku i uklju\u010di \u010darobne boje pritiskom na dugme na balerininom struku i gledaj kako ona sjaji dok izvodi savr\u0161ene piruete na pozornici!<\/p>\n<p>Sve je mogu\u0107e u fantasti\u010dnoj Barbie\u00ae zemlji! Ovo je izvrstan poklon za ljubitelje svih pri\u010da i bajki!<\/p>\n","protected":false},"excerpt":{"rendered":"<p>Balerine u sebi imaju \u010darobno osvjetljenje<br \/>\nMogu\u0107a transformacija lutke<br \/>\n\u010carobne boje se uklju\u010duju pritiskom na dugme<\/p>\n","protected":false},"featured_media":38688,"template":"","meta":{"_seopress_robots_primary_cat":"","_seopress_titles_title":"","_seopress_titles_desc":"","_seopress_robots_index":"","iawp_total_views":0},"product_brand":[324],"product_cat":[221,291],"product_tag":[],"class_list":{"0":"post-38687","1":"product","2":"type-product","3":"status-publish","4":"has-post-thumbnail","6":"product_brand-barbie","7":"product_cat-igracke","8":"product_cat-igracke-za-djecu-221","10":"first","11":"instock","12":"shipping-taxable","13":"purchasable","14":"product-type-simple"},"_links":{"self":[{"href":"https:\/\/singuli.wpress.me\/index.php\/wp-json\/wp\/v2\/product\/38687","targetHints":{"allow":["GET"]}}],"collection":[{"href":"https:\/\/singuli.wpress.me\/index.php\/wp-json\/wp\/v2\/product"}],"about":[{"href":"https:\/\/singuli.wpress.me\/index.php\/wp-json\/wp\/v2\/types\/product"}],"version-history":[{"count":0,"href":"https:\/\/singuli.wpress.me\/index.php\/wp-json\/wp\/v2\/product\/38687\/revisions"}],"wp:featuredmedia":[{"embeddable":true,"href":"https:\/\/singuli.wpress.me\/index.php\/wp-json\/wp\/v2\/media\/38688"}],"wp:attachment":[{"href":"https:\/\/singuli.wpress.me\/index.php\/wp-json\/wp\/v2\/media?parent=38687"}],"wp:term":[{"taxonomy":"product_brand","embeddable":true,"href":"https:\/\/singuli.wpress.me\/index.php\/wp-json\/wp\/v2\/product_brand?post=38687"},{"taxonomy":"product_cat","embeddable":true,"href":"https:\/\/singuli.wpress.me\/index.php\/wp-json\/wp\/v2\/product_cat?post=38687"},{"taxonomy":"product_tag","embeddable":true,"href":"https:\/\/singuli.wpress.me\/index.php\/wp-json\/wp\/v2\/product_tag?post=38687"}],"curies":[{"name":"wp","href":"https:\/\/api.w.org\/{rel}","templated":true}]}}