{"id":38713,"date":"2026-04-18T18:11:49","date_gmt":"2026-04-18T18:11:49","guid":{"rendered":"https:\/\/singuli.wpress.me\/index.php\/proizvod\/oral-b-power-brush-3d-zamjenske-glave-za-cetkicu-4-kom\/"},"modified":"2026-04-20T12:33:26","modified_gmt":"2026-04-20T12:33:26","slug":"oral-b-power-brush-3d-zamjenske-glave-za-cetkicu-4-kom","status":"publish","type":"product","link":"https:\/\/singuli.wpress.me\/index.php\/proizvod\/oral-b-power-brush-3d-zamjenske-glave-za-cetkicu-4-kom\/","title":{"rendered":"ORAL-B Power Brush 3D, zamjenske glave za \u010detkicu, 4\u00a0kom"},"content":{"rendered":"<p>Kao jedna od premium zamjenskih glava za zubne \u010detkice Oral-B, 3D White ima ekskluzivnu kapicu za poliranje koja uklanjanjem povr\u0161inskih mrlja izbjeljuje zube od prvog dana. Ove pobolj\u0161ane glave Oral-B 3D White koriste tehnologiju CleanMaximiser koja zelena vlakna pretvara u \u017euta te tako osigurava optimalne performanse glave \u010detkice i najbolje \u010di\u0161\u0107enje. Jedinstvena vlakna uklanjaju naslage i tako \u010diste bolje od klasi\u010dne zubne \u010detkice. Ove su glave kompatibilne sa svim dr\u0161kama Oral-B osim Pulsonic i iO.<\/p>\n","protected":false},"excerpt":{"rendered":"<p>Uklanja povr\u0161inske mrlje: za bjelje zube ve\u0107 od prvog dana<br \/>\nS ekskluzivnom kapicom za poliranje<br \/>\nNajbolje glave \u010detkice Oral-B za izbjeljivanje i \u010di\u0161\u0107enje (osim Oral-B iO)<\/p>\n","protected":false},"featured_media":38714,"template":"","meta":{"_seopress_robots_primary_cat":"","_seopress_titles_title":"","_seopress_titles_desc":"","_seopress_robots_index":"","iawp_total_views":0},"product_brand":[423],"product_cat":[192,207,209],"product_tag":[],"class_list":{"0":"post-38713","1":"product","2":"type-product","3":"status-publish","4":"has-post-thumbnail","6":"product_brand-oral-b-2","7":"product_cat-aparati-za-osobnu-njegu","8":"product_cat-oralna-higijena","9":"product_cat-zamjenske-glave","11":"first","12":"outofstock","13":"shipping-taxable","14":"purchasable","15":"product-type-simple"},"_links":{"self":[{"href":"https:\/\/singuli.wpress.me\/index.php\/wp-json\/wp\/v2\/product\/38713","targetHints":{"allow":["GET"]}}],"collection":[{"href":"https:\/\/singuli.wpress.me\/index.php\/wp-json\/wp\/v2\/product"}],"about":[{"href":"https:\/\/singuli.wpress.me\/index.php\/wp-json\/wp\/v2\/types\/product"}],"version-history":[{"count":0,"href":"https:\/\/singuli.wpress.me\/index.php\/wp-json\/wp\/v2\/product\/38713\/revisions"}],"wp:featuredmedia":[{"embeddable":true,"href":"https:\/\/singuli.wpress.me\/index.php\/wp-json\/wp\/v2\/media\/38714"}],"wp:attachment":[{"href":"https:\/\/singuli.wpress.me\/index.php\/wp-json\/wp\/v2\/media?parent=38713"}],"wp:term":[{"taxonomy":"product_brand","embeddable":true,"href":"https:\/\/singuli.wpress.me\/index.php\/wp-json\/wp\/v2\/product_brand?post=38713"},{"taxonomy":"product_cat","embeddable":true,"href":"https:\/\/singuli.wpress.me\/index.php\/wp-json\/wp\/v2\/product_cat?post=38713"},{"taxonomy":"product_tag","embeddable":true,"href":"https:\/\/singuli.wpress.me\/index.php\/wp-json\/wp\/v2\/product_tag?post=38713"}],"curies":[{"name":"wp","href":"https:\/\/api.w.org\/{rel}","templated":true}]}}