{"id":38719,"date":"2026-04-18T18:11:51","date_gmt":"2026-04-18T18:11:51","guid":{"rendered":"https:\/\/singuli.wpress.me\/index.php\/proizvod\/gillette-mach3-turbo-zamjenske-britvice-5-kom\/"},"modified":"2026-04-20T12:33:26","modified_gmt":"2026-04-20T12:33:26","slug":"gillette-mach3-turbo-zamjenske-britvice-5-kom","status":"publish","type":"product","link":"https:\/\/singuli.wpress.me\/index.php\/proizvod\/gillette-mach3-turbo-zamjenske-britvice-5-kom\/","title":{"rendered":"GILLETTE Mach3 Turbo, zamjenske britvice, 5\u00a0kom"},"content":{"rendered":"<p>Zamjenske britvice za brija\u010d za mu\u0161karce Gillette Mach3 Turbo dizajnirane su za precizno, klasi\u010dno brijanje kojem mo\u017eete vjerovati. <\/p>\n<p>S 3 o\u0161trice sna\u017enije od \u010delika koje du\u017ee ostaju o\u0161tre (u odnosu na Sensor3). <\/p>\n<p>Sve zamjenske britvice Mach3 kompatibilne su sa svim dr\u0161kama Mach3.<\/p>\n","protected":false},"excerpt":{"rendered":"<p>Turbo o\u0161trice za bolje klizanje brija\u010da<br \/>\nTri o\u0161trice \u010dvr\u0161\u0107e od \u010delika dulje ostaju o\u0161tre<br \/>\nDizajniran za precizno, klasi\u010dno brijanje<\/p>\n","protected":false},"featured_media":38720,"template":"","meta":{"_seopress_robots_primary_cat":"","_seopress_titles_title":"","_seopress_titles_desc":"","_seopress_robots_index":"","iawp_total_views":0},"product_brand":[323],"product_cat":[280,192,279],"product_tag":[],"class_list":{"0":"post-38719","1":"product","2":"type-product","3":"status-publish","4":"has-post-thumbnail","6":"product_brand-gillette","7":"product_cat-aparati-za-muskarce-279","8":"product_cat-aparati-za-osobnu-njegu","9":"product_cat-brijanje-i-sisanje-192","11":"first","12":"outofstock","13":"shipping-taxable","14":"purchasable","15":"product-type-simple"},"_links":{"self":[{"href":"https:\/\/singuli.wpress.me\/index.php\/wp-json\/wp\/v2\/product\/38719","targetHints":{"allow":["GET"]}}],"collection":[{"href":"https:\/\/singuli.wpress.me\/index.php\/wp-json\/wp\/v2\/product"}],"about":[{"href":"https:\/\/singuli.wpress.me\/index.php\/wp-json\/wp\/v2\/types\/product"}],"version-history":[{"count":0,"href":"https:\/\/singuli.wpress.me\/index.php\/wp-json\/wp\/v2\/product\/38719\/revisions"}],"wp:featuredmedia":[{"embeddable":true,"href":"https:\/\/singuli.wpress.me\/index.php\/wp-json\/wp\/v2\/media\/38720"}],"wp:attachment":[{"href":"https:\/\/singuli.wpress.me\/index.php\/wp-json\/wp\/v2\/media?parent=38719"}],"wp:term":[{"taxonomy":"product_brand","embeddable":true,"href":"https:\/\/singuli.wpress.me\/index.php\/wp-json\/wp\/v2\/product_brand?post=38719"},{"taxonomy":"product_cat","embeddable":true,"href":"https:\/\/singuli.wpress.me\/index.php\/wp-json\/wp\/v2\/product_cat?post=38719"},{"taxonomy":"product_tag","embeddable":true,"href":"https:\/\/singuli.wpress.me\/index.php\/wp-json\/wp\/v2\/product_tag?post=38719"}],"curies":[{"name":"wp","href":"https:\/\/api.w.org\/{rel}","templated":true}]}}