{"id":38726,"date":"2026-04-18T18:11:54","date_gmt":"2026-04-18T18:11:54","guid":{"rendered":"https:\/\/singuli.wpress.me\/index.php\/proizvod\/oral-b-junior-star-wars-elektricna-cetkica-za-zube\/"},"modified":"2026-04-20T12:33:26","modified_gmt":"2026-04-20T12:33:26","slug":"oral-b-junior-star-wars-elektricna-cetkica-za-zube","status":"publish","type":"product","link":"https:\/\/singuli.wpress.me\/index.php\/proizvod\/oral-b-junior-star-wars-elektricna-cetkica-za-zube\/","title":{"rendered":"ORAL-B Junior Star Wars, elektri\u010dna \u010detkica za zube"},"content":{"rendered":"<p>Elektri\u010dnu zubnu \u010detkicu Oral-B Junior na temu Ratova zvijezda za dob 6+ razvili su stomatolozi kako bi pru\u017eila vrhunske rezultate \u010di\u0161\u0107enja.<br \/>\nKako bi za\u0161titila nje\u017ene dje\u010dje desni ima 360\u00b0 kontrolu pritiska na desni koja treperi crvenim svjetlom i smanjuje brzinu \u010detkanja ako uo\u010di da se \u010detka presna\u017eno.<br \/>\nUz to, njena okrugla glava ima izuzetno mekana vlakna.<br \/>\nDa bi pranje zubi bilo jo\u0161 zabavnije, \u010detkica se mo\u017ee koristiti u kombinaciji s besplatnom aplikacijom Disney Magic Timer by Oral-B.<br \/>\nZapravo, 90% djece pere zube du\u017ee uz tu aplikaciju. Upravo ova \u010detkica poma\u017ee djeci da samostalno peru zube i razviju zdrave navike pranja zubi koje \u0107e trajati cijeli \u017eivot.<\/p>\n","protected":false},"excerpt":{"rendered":"<p>Iznimno nje\u017ena okrugla glava zubne \u010detkice s ultratankim vlaknima<br \/>\nVibrira svakih 30 sekundi kao upozorenje djetetu da promijeni podru\u010dje koje \u010disti<br \/>\nPunjiva baterija traje do dva tjedna s jednim punjenjem<\/p>\n","protected":false},"featured_media":38727,"template":"","meta":{"_seopress_robots_primary_cat":"","_seopress_titles_title":"","_seopress_titles_desc":"","_seopress_robots_index":"","iawp_total_views":0},"product_brand":[423],"product_cat":[293,192,292],"product_tag":[],"class_list":{"0":"post-38726","1":"product","2":"type-product","3":"status-publish","4":"has-post-thumbnail","6":"product_brand-oral-b-2","7":"product_cat-aparati-za-djecu-i-odrasle-292","8":"product_cat-aparati-za-osobnu-njegu","9":"product_cat-oralna-higijena-uredaji-192","11":"first","12":"outofstock","13":"shipping-taxable","14":"purchasable","15":"product-type-simple"},"_links":{"self":[{"href":"https:\/\/singuli.wpress.me\/index.php\/wp-json\/wp\/v2\/product\/38726","targetHints":{"allow":["GET"]}}],"collection":[{"href":"https:\/\/singuli.wpress.me\/index.php\/wp-json\/wp\/v2\/product"}],"about":[{"href":"https:\/\/singuli.wpress.me\/index.php\/wp-json\/wp\/v2\/types\/product"}],"version-history":[{"count":0,"href":"https:\/\/singuli.wpress.me\/index.php\/wp-json\/wp\/v2\/product\/38726\/revisions"}],"wp:featuredmedia":[{"embeddable":true,"href":"https:\/\/singuli.wpress.me\/index.php\/wp-json\/wp\/v2\/media\/38727"}],"wp:attachment":[{"href":"https:\/\/singuli.wpress.me\/index.php\/wp-json\/wp\/v2\/media?parent=38726"}],"wp:term":[{"taxonomy":"product_brand","embeddable":true,"href":"https:\/\/singuli.wpress.me\/index.php\/wp-json\/wp\/v2\/product_brand?post=38726"},{"taxonomy":"product_cat","embeddable":true,"href":"https:\/\/singuli.wpress.me\/index.php\/wp-json\/wp\/v2\/product_cat?post=38726"},{"taxonomy":"product_tag","embeddable":true,"href":"https:\/\/singuli.wpress.me\/index.php\/wp-json\/wp\/v2\/product_tag?post=38726"}],"curies":[{"name":"wp","href":"https:\/\/api.w.org\/{rel}","templated":true}]}}