{"id":38731,"date":"2026-04-18T18:11:55","date_gmt":"2026-04-18T18:11:55","guid":{"rendered":"https:\/\/singuli.wpress.me\/index.php\/proizvod\/spirax-s6-atf-a295-transmisijsko-ulje-209-l\/"},"modified":"2026-04-20T12:33:26","modified_gmt":"2026-04-20T12:33:26","slug":"spirax-s6-atf-a295-transmisijsko-ulje-209-l","status":"publish","type":"product","link":"https:\/\/singuli.wpress.me\/index.php\/proizvod\/spirax-s6-atf-a295-transmisijsko-ulje-209-l\/","title":{"rendered":"SPIRAX S6 ATF A295, transmisijsko ulje, 209\u00a0l"},"content":{"rendered":"<p><p><span style=\"font-weight: bold\">Vrhunska sinteti\u010dka ATF teku\u0107ina<\/span> za te\u0161ko optere\u0107ene automatske mjenja\u010de za produljeni interval izmjene i ostaje stabilno i pod te\u0161kim uvjetima rada. Osigurava viskoznost konstantnom tijekom cijelog intervala izmjene i na taj na\u010din osigurava  konzistentno podmazivanje i potrebnu debljinu uljnog filma za za\u0161titu mjenja\u010da i ostalih mehani\u010dkih komponenti. Karakterizira ga izvrsna otpornost na oksidaciju, za\u0161tita od zaribavanja, za\u0161tita od stvaranja naslaga, izvrsna kontrola protiv pjenjenja te dobra filtrabilnost. Posebno dizajnirana i odobrena za kori\u0161tenje u transmisijama koje zahtijevaju Allison TES-295. <\/p>\n<p><span style=\"font-weight: bold\"><br \/>\nSpecifikacija:<\/span> Allison TES-295 AN-121008, Allison TES-468 AN-12108.<br \/>\nPrikladno za uporabu: Dexron-III aplikacije, Voith DIWA mjena\u010di, ZF TE-ML, 14A, 14B, 14C, MAN 339 Z3, Caterpillar AT-1, MB 236.91<\/p>\n<p><span style=\"font-weight: bold\">Sigurnosno upozorenje:<\/span><\/p>\n<p><img decoding=\"async\" src=\"https:\/\/prod-minio-orbico.nd0.pl\/orbico.ohr\/Piktogrami\/Pozor.png\" alt=\"Pozor\" style=\"max-width: 10%;height: auto\"><\/p>\n<\/p>\n<p>&#8211; H317 &#8211; Mo\u017ee izazvati alergijsku reakciju na ko\u017ei.<\/p>\n<p>&#8211; H412 &#8211; \u0160tetno za vodeni okoli\u0161 s dugotrajnim u\u010dincima.<\/p>\n","protected":false},"excerpt":{"rendered":"<p>Osigurava konzistentno podmazivanje<br \/>\nDobra filtrabilnost<br \/>\nTransmisijsko ulje za te\u0161ko optere\u0107ene automatske mjenja\u010de<\/p>\n","protected":false},"featured_media":38732,"template":"","meta":{"_seopress_robots_primary_cat":"","_seopress_titles_title":"","_seopress_titles_desc":"","_seopress_robots_index":"","iawp_total_views":0},"product_brand":[371],"product_cat":[243,276],"product_tag":[],"class_list":{"0":"post-38731","1":"product","2":"type-product","3":"status-publish","4":"has-post-thumbnail","6":"product_brand-spirax","7":"product_cat-automobili-i-motori","8":"product_cat-industrijska-i-specijalna-ulja-243","10":"first","11":"outofstock","12":"shipping-taxable","13":"purchasable","14":"product-type-simple"},"_links":{"self":[{"href":"https:\/\/singuli.wpress.me\/index.php\/wp-json\/wp\/v2\/product\/38731","targetHints":{"allow":["GET"]}}],"collection":[{"href":"https:\/\/singuli.wpress.me\/index.php\/wp-json\/wp\/v2\/product"}],"about":[{"href":"https:\/\/singuli.wpress.me\/index.php\/wp-json\/wp\/v2\/types\/product"}],"version-history":[{"count":0,"href":"https:\/\/singuli.wpress.me\/index.php\/wp-json\/wp\/v2\/product\/38731\/revisions"}],"wp:featuredmedia":[{"embeddable":true,"href":"https:\/\/singuli.wpress.me\/index.php\/wp-json\/wp\/v2\/media\/38732"}],"wp:attachment":[{"href":"https:\/\/singuli.wpress.me\/index.php\/wp-json\/wp\/v2\/media?parent=38731"}],"wp:term":[{"taxonomy":"product_brand","embeddable":true,"href":"https:\/\/singuli.wpress.me\/index.php\/wp-json\/wp\/v2\/product_brand?post=38731"},{"taxonomy":"product_cat","embeddable":true,"href":"https:\/\/singuli.wpress.me\/index.php\/wp-json\/wp\/v2\/product_cat?post=38731"},{"taxonomy":"product_tag","embeddable":true,"href":"https:\/\/singuli.wpress.me\/index.php\/wp-json\/wp\/v2\/product_tag?post=38731"}],"curies":[{"name":"wp","href":"https:\/\/api.w.org\/{rel}","templated":true}]}}