{"id":38736,"date":"2026-04-18T18:12:02","date_gmt":"2026-04-18T18:12:02","guid":{"rendered":"https:\/\/singuli.wpress.me\/index.php\/proizvod\/raid-elektricni-aparat-s-tekucinom-2x30n-42-ml\/"},"modified":"2026-04-20T12:33:26","modified_gmt":"2026-04-20T12:33:26","slug":"raid-elektricni-aparat-s-tekucinom-2x30n-42-ml","status":"publish","type":"product","link":"https:\/\/singuli.wpress.me\/index.php\/proizvod\/raid-elektricni-aparat-s-tekucinom-2x30n-42-ml\/","title":{"rendered":"RAID, elektri\u010dni aparat, s teku\u0107inom, 2x30N, 42\u00a0ml"},"content":{"rendered":"<p>Raid\u00ae Elektri\u010dni aparati\u0107 s teku\u0107inom pru\u017ea vam za\u0161titu protiv dosadnih komaraca za ugodan san. <\/p>\n<p>Djelotvoran je u prostorijama do 30 m\u00b2 te je u\u010dinkovit \u010dak i uz otvoren prozor i upaljena svjetla. <\/p>\n<p>Pru\u017ea kontinuiranu i diskretnu za\u0161titu bez mirisa i dima. <\/p>\n<p>Vi\u0161e nema potrebe za sprejanjem ili mijenjanjem punjenja svake no\u0107i! <\/p>\n<p>Raid\u00ae Teku\u0107ina protiv komaraca traje do 30 dana, kada se koristi do 8 sati dnevno. <\/p>\n<p>Razina teku\u0107ine lako se mo\u017ee pratiti: kada je bo\u010dica prazna, jednostavno je zamijenite novim punjenjem.<\/p>\n","protected":false},"excerpt":{"rendered":"<p>Protiv obi\u010dnih i tigrastih komaraca<br \/>\nSet sadr\u017ei 2 aparata i 2 teku\u0107ine<br \/>\nU\u010dinkovit u prostorijama do 30 m\u00b2<\/p>\n","protected":false},"featured_media":38737,"template":"","meta":{"_seopress_robots_primary_cat":"","_seopress_titles_title":"","_seopress_titles_desc":"","_seopress_robots_index":"","iawp_total_views":0},"product_brand":[457],"product_cat":[192,267],"product_tag":[],"class_list":{"0":"post-38736","1":"product","2":"type-product","3":"status-publish","4":"has-post-thumbnail","6":"product_brand-raid","7":"product_cat-aparati-za-osobnu-njegu","8":"product_cat-zdravstveni-uredaji-192","10":"first","11":"outofstock","12":"shipping-taxable","13":"purchasable","14":"product-type-simple"},"_links":{"self":[{"href":"https:\/\/singuli.wpress.me\/index.php\/wp-json\/wp\/v2\/product\/38736","targetHints":{"allow":["GET"]}}],"collection":[{"href":"https:\/\/singuli.wpress.me\/index.php\/wp-json\/wp\/v2\/product"}],"about":[{"href":"https:\/\/singuli.wpress.me\/index.php\/wp-json\/wp\/v2\/types\/product"}],"version-history":[{"count":0,"href":"https:\/\/singuli.wpress.me\/index.php\/wp-json\/wp\/v2\/product\/38736\/revisions"}],"wp:featuredmedia":[{"embeddable":true,"href":"https:\/\/singuli.wpress.me\/index.php\/wp-json\/wp\/v2\/media\/38737"}],"wp:attachment":[{"href":"https:\/\/singuli.wpress.me\/index.php\/wp-json\/wp\/v2\/media?parent=38736"}],"wp:term":[{"taxonomy":"product_brand","embeddable":true,"href":"https:\/\/singuli.wpress.me\/index.php\/wp-json\/wp\/v2\/product_brand?post=38736"},{"taxonomy":"product_cat","embeddable":true,"href":"https:\/\/singuli.wpress.me\/index.php\/wp-json\/wp\/v2\/product_cat?post=38736"},{"taxonomy":"product_tag","embeddable":true,"href":"https:\/\/singuli.wpress.me\/index.php\/wp-json\/wp\/v2\/product_tag?post=38736"}],"curies":[{"name":"wp","href":"https:\/\/api.w.org\/{rel}","templated":true}]}}