{"id":38738,"date":"2026-04-18T18:12:02","date_gmt":"2026-04-18T18:12:02","guid":{"rendered":"https:\/\/singuli.wpress.me\/index.php\/proizvod\/pantene-pro-v-intensive-repair-sampon-za-kosu-ostecena-kosa-250-ml\/"},"modified":"2026-04-20T12:33:26","modified_gmt":"2026-04-20T12:33:26","slug":"pantene-pro-v-intensive-repair-sampon-za-kosu-ostecena-kosa-250-ml","status":"publish","type":"product","link":"https:\/\/singuli.wpress.me\/index.php\/proizvod\/pantene-pro-v-intensive-repair-sampon-za-kosu-ostecena-kosa-250-ml\/","title":{"rendered":"PANTENE Pro-V Intensive Repair, \u0161ampon za kosu, o\u0161te\u0107ena kosa, 250\u00a0ml"},"content":{"rendered":"<p>\u0160ampon Pantene Intensive Repair s Pro-V formulom bogatom mje\u0161avinom hranjivih tvari. <\/p>\n<p>Nje\u017eno \u010disti i hrani kosu aktivnim Pro-V hranjivim tvarima da bi je oja\u010dao* iznutra. Trenutno poni\u0161tava znakove o\u0161te\u0107enja poput nedostatka glatko\u0107e i sjaja.<\/p>\n<p>Ovaj \u0161ampon Pantene Intensive Repair poma\u017ee:<br \/>\n\u2022\tvratiti kosi snagu nakon o\u0161te\u0107enja oblikovanjem,<br \/>\n\u2022\tsprije\u010diti nastanak ispucanih vrhova,<br \/>\n\u2022\tpodariti kosi zdravi sjaj i glatko\u0107u.<\/p>\n<p>* za\u0161tita od o\u0161te\u0107enja oblikovanjem<\/p>\n","protected":false},"excerpt":{"rendered":"<p>S aktivnim nutrijentima pro-v<br \/>\nU trenu popravlja znakove o\u0161te\u0107enja<br \/>\nNa kosi ostavlja zdrav sjaj i \u010dini je glatkom<\/p>\n","protected":false},"featured_media":38739,"template":"","meta":{"_seopress_robots_primary_cat":"","_seopress_titles_title":"","_seopress_titles_desc":"","_seopress_robots_index":"","iawp_total_views":0},"product_brand":[411],"product_cat":[268,300],"product_tag":[],"class_list":{"0":"post-38738","1":"product","2":"type-product","3":"status-publish","4":"has-post-thumbnail","6":"product_brand-pantene","7":"product_cat-kozmetika-2","8":"product_cat-njega-kose-268","10":"first","11":"instock","12":"shipping-taxable","13":"purchasable","14":"product-type-simple"},"_links":{"self":[{"href":"https:\/\/singuli.wpress.me\/index.php\/wp-json\/wp\/v2\/product\/38738","targetHints":{"allow":["GET"]}}],"collection":[{"href":"https:\/\/singuli.wpress.me\/index.php\/wp-json\/wp\/v2\/product"}],"about":[{"href":"https:\/\/singuli.wpress.me\/index.php\/wp-json\/wp\/v2\/types\/product"}],"version-history":[{"count":0,"href":"https:\/\/singuli.wpress.me\/index.php\/wp-json\/wp\/v2\/product\/38738\/revisions"}],"wp:featuredmedia":[{"embeddable":true,"href":"https:\/\/singuli.wpress.me\/index.php\/wp-json\/wp\/v2\/media\/38739"}],"wp:attachment":[{"href":"https:\/\/singuli.wpress.me\/index.php\/wp-json\/wp\/v2\/media?parent=38738"}],"wp:term":[{"taxonomy":"product_brand","embeddable":true,"href":"https:\/\/singuli.wpress.me\/index.php\/wp-json\/wp\/v2\/product_brand?post=38738"},{"taxonomy":"product_cat","embeddable":true,"href":"https:\/\/singuli.wpress.me\/index.php\/wp-json\/wp\/v2\/product_cat?post=38738"},{"taxonomy":"product_tag","embeddable":true,"href":"https:\/\/singuli.wpress.me\/index.php\/wp-json\/wp\/v2\/product_tag?post=38738"}],"curies":[{"name":"wp","href":"https:\/\/api.w.org\/{rel}","templated":true}]}}