{"id":38740,"date":"2026-04-18T18:12:04","date_gmt":"2026-04-18T18:12:04","guid":{"rendered":"https:\/\/singuli.wpress.me\/index.php\/proizvod\/autan-protiv-kuhinjskih-moljaca-2-kom\/"},"modified":"2026-04-20T12:33:26","modified_gmt":"2026-04-20T12:33:26","slug":"autan-protiv-kuhinjskih-moljaca-2-kom","status":"publish","type":"product","link":"https:\/\/singuli.wpress.me\/index.php\/proizvod\/autan-protiv-kuhinjskih-moljaca-2-kom\/","title":{"rendered":"AUTAN, protiv kuhinjskih moljaca, 2\u00a0kom"},"content":{"rendered":"<p>Autan\u00ae Protiv kuhinjskih moljaca otkriva kuhinjske moljce koji napadaju proizvode kao \u0161to su: \u017eitarice, su\u0161eno vo\u0107e, ora\u0161asti plodovi, sjemenke, tjestenina i ri\u017ea, kakao, za\u010dini, suha hrana za ku\u0107ne ljubimce.<\/p>\n<p>Ljepilo na proizvodu slu\u017ei za hvatanje insekata. Djelotvoran je do 8 tjedana. Bez mirisa. <\/p>\n<p><span style=\"font-weight: bold\">Upute za uporabu:<\/span><\/p>\n<p>1. Otvorite vre\u0107icu i izvadite proizvod<br \/>\n2. Odstranite crvenu traku sa stra\u017enje strane proizvoda i postavite klopku (npr.u ormar gdje se nalazi hrana) <br \/>\n3. Odlijepite za\u0161titnu foliju s prednje strane kako biste aktivirali proizvod. <\/p>\n<p>Koristite najmanje 1 klopku za svaki ormar.<\/p>\n<p>U ve\u0107e ormare ili smo\u010dnice postavite dva komada.<\/p>\n<p>Zamijenite klopku kada se napuni moljcima ili nakon 8 tjedana.<\/p>\n<p>Kada odlu\u010dite zamijeniti klopku novom, uklonite sve namirnice iz ormara i bacite ih.<\/p>\n<p>Prazne ormare o\u010distite deterd\u017eentom i vodom. Klopku bacite s ostalim ku\u0107nim otpadom<\/p>\n","protected":false},"excerpt":{"rendered":"<p>Protiv moljaca koji napadaju suhu hranu<br \/>\nDjelotvoran do 8 tjedana<br \/>\nBez mirisa<\/p>\n","protected":false},"featured_media":38741,"template":"","meta":{"_seopress_robots_primary_cat":"","_seopress_titles_title":"","_seopress_titles_desc":"","_seopress_robots_index":"","iawp_total_views":0},"product_brand":[821],"product_cat":[274,238],"product_tag":[],"class_list":{"0":"post-38740","1":"product","2":"type-product","3":"status-publish","4":"has-post-thumbnail","6":"product_brand-autan","7":"product_cat-kucanski-pribor-238","8":"product_cat-sve-za-dom","10":"first","11":"instock","12":"shipping-taxable","13":"purchasable","14":"product-type-simple"},"_links":{"self":[{"href":"https:\/\/singuli.wpress.me\/index.php\/wp-json\/wp\/v2\/product\/38740","targetHints":{"allow":["GET"]}}],"collection":[{"href":"https:\/\/singuli.wpress.me\/index.php\/wp-json\/wp\/v2\/product"}],"about":[{"href":"https:\/\/singuli.wpress.me\/index.php\/wp-json\/wp\/v2\/types\/product"}],"version-history":[{"count":0,"href":"https:\/\/singuli.wpress.me\/index.php\/wp-json\/wp\/v2\/product\/38740\/revisions"}],"wp:featuredmedia":[{"embeddable":true,"href":"https:\/\/singuli.wpress.me\/index.php\/wp-json\/wp\/v2\/media\/38741"}],"wp:attachment":[{"href":"https:\/\/singuli.wpress.me\/index.php\/wp-json\/wp\/v2\/media?parent=38740"}],"wp:term":[{"taxonomy":"product_brand","embeddable":true,"href":"https:\/\/singuli.wpress.me\/index.php\/wp-json\/wp\/v2\/product_brand?post=38740"},{"taxonomy":"product_cat","embeddable":true,"href":"https:\/\/singuli.wpress.me\/index.php\/wp-json\/wp\/v2\/product_cat?post=38740"},{"taxonomy":"product_tag","embeddable":true,"href":"https:\/\/singuli.wpress.me\/index.php\/wp-json\/wp\/v2\/product_tag?post=38740"}],"curies":[{"name":"wp","href":"https:\/\/api.w.org\/{rel}","templated":true}]}}