{"id":38742,"date":"2026-04-18T18:12:04","date_gmt":"2026-04-18T18:12:04","guid":{"rendered":"https:\/\/singuli.wpress.me\/index.php\/proizvod\/sdf-motorno-ulje-sdf-super-motor-oil-15w40-209-l\/"},"modified":"2026-04-20T12:33:26","modified_gmt":"2026-04-20T12:33:26","slug":"sdf-motorno-ulje-sdf-super-motor-oil-15w40-209-l","status":"publish","type":"product","link":"https:\/\/singuli.wpress.me\/index.php\/proizvod\/sdf-motorno-ulje-sdf-super-motor-oil-15w40-209-l\/","title":{"rendered":"SDF, motorno ulje, SDF SUPER MOTOR OIL 15W40, 209\u00a0l"},"content":{"rendered":"<p>Motorno ulje dizajnirano s posebno, za\u0161titnom snagom koja sprje\u010dava stvaranje kiselina\/korozije, taloga i prerano tro\u0161enje. Sada i s produljenim intervalom zamjene. Proizvod se mo\u017ee i koristiti i u sustavima prijenosa za koje se preporu\u010duje motorno ulje. Odlikuju ga vrlo dobra razina za\u0161tite u te\u0161kim uvjetima primjene. Lako pokretanje pri niskim temperaturama, \u010disto\u0107a motora, manja potro\u0161nja ulja u usporedbi sa standardnim proizvodima. <\/p>\n<p>Specifikacije i odobrenja: API: CI-4, CH-4, CG-4, CF-4\/CF; ACEA:E7, E5; Deutz DQC III-12<\/p>\n","protected":false},"excerpt":{"rendered":"<p>Motorno ulje dizajnirano s posebno, za\u0161titnom snagom koja sprje\u010dava stvaranje kiselina\/korozije, taloga i prerano tro\u0161enje<br \/>\nOdlikuju ga vrlo dobra razina za\u0161tite u te\u0161kim uvjetima primjene. Lako pokretanje pri niskim temperaturama, \u010disto\u0107a motora, manja potro\u0161nja ulja u usporedbi sa standardnim proizvodima<br \/>\nProizvod se mo\u017ee i koristiti i u sustavima prijenosa za koje se preporu\u010duje motorno ulje<\/p>\n","protected":false},"featured_media":38743,"template":"","meta":{"_seopress_robots_primary_cat":"","_seopress_titles_title":"","_seopress_titles_desc":"","_seopress_robots_index":"","iawp_total_views":0},"product_brand":[816],"product_cat":[243,276],"product_tag":[],"class_list":{"0":"post-38742","1":"product","2":"type-product","3":"status-publish","4":"has-post-thumbnail","6":"product_brand-sdf","7":"product_cat-automobili-i-motori","8":"product_cat-industrijska-i-specijalna-ulja-243","10":"first","11":"instock","12":"shipping-taxable","13":"purchasable","14":"product-type-simple"},"_links":{"self":[{"href":"https:\/\/singuli.wpress.me\/index.php\/wp-json\/wp\/v2\/product\/38742","targetHints":{"allow":["GET"]}}],"collection":[{"href":"https:\/\/singuli.wpress.me\/index.php\/wp-json\/wp\/v2\/product"}],"about":[{"href":"https:\/\/singuli.wpress.me\/index.php\/wp-json\/wp\/v2\/types\/product"}],"version-history":[{"count":0,"href":"https:\/\/singuli.wpress.me\/index.php\/wp-json\/wp\/v2\/product\/38742\/revisions"}],"wp:featuredmedia":[{"embeddable":true,"href":"https:\/\/singuli.wpress.me\/index.php\/wp-json\/wp\/v2\/media\/38743"}],"wp:attachment":[{"href":"https:\/\/singuli.wpress.me\/index.php\/wp-json\/wp\/v2\/media?parent=38742"}],"wp:term":[{"taxonomy":"product_brand","embeddable":true,"href":"https:\/\/singuli.wpress.me\/index.php\/wp-json\/wp\/v2\/product_brand?post=38742"},{"taxonomy":"product_cat","embeddable":true,"href":"https:\/\/singuli.wpress.me\/index.php\/wp-json\/wp\/v2\/product_cat?post=38742"},{"taxonomy":"product_tag","embeddable":true,"href":"https:\/\/singuli.wpress.me\/index.php\/wp-json\/wp\/v2\/product_tag?post=38742"}],"curies":[{"name":"wp","href":"https:\/\/api.w.org\/{rel}","templated":true}]}}