{"id":38746,"date":"2026-04-18T18:12:05","date_gmt":"2026-04-18T18:12:05","guid":{"rendered":"https:\/\/singuli.wpress.me\/index.php\/proizvod\/dr-oetker-aroma-ruma-u-bocici-38-ml\/"},"modified":"2026-04-20T12:33:26","modified_gmt":"2026-04-20T12:33:26","slug":"dr-oetker-aroma-ruma-u-bocici-38-ml","status":"publish","type":"product","link":"https:\/\/singuli.wpress.me\/index.php\/proizvod\/dr-oetker-aroma-ruma-u-bocici-38-ml\/","title":{"rendered":"DR. OETKER, aroma ruma, u bo\u010dici, 38\u00a0ml"},"content":{"rendered":"<p>Dr. Oetker arome u bo\u010dicama prakti\u010dne su prije svega radi \u010dvrste, plasti\u010dne bo\u010dice koja omogu\u0107ava du\u017ee \u010duvanje aroma kod ku\u0107e bez opasnosti da se razbije, s \u010depom za ponovno sigurno zatvaranje i mogu\u0107nosti doziranja u \u017eli\u010dicama \u2013 po potrebi za aromatiziranje najfinijih deserata, napitaka, tijesta i nadjeva. <\/p>\n<p>Ve\u0107 poznata \u00a0Dr. Oetker aroma ruma omiljeni je na\u010din davanja slasticama jednu finu rum notu u okusu. <\/p>\n<p>Preporuka doziranja:\u00a05 ml (2 \u017eli\u010dice) za 500 g bra\u0161na. 2,5 ml (1 \u017eli\u010dica) za 500 ml teku\u0107ine. <\/p>\n<p>Pomo\u0107u mjere u \u017eli\u010dicama mogu\u0107e je varirati intenzitet arome prema receptu ili vlastitoj \u017eelji.<\/p>\n","protected":false},"excerpt":{"rendered":"<p>Prakti\u010dno pakiranje<br \/>\nDodatak arome ruma raznim delicijama<br \/>\nIntenzitet arome mogu\u0107e prilagoditi<\/p>\n","protected":false},"featured_media":38747,"template":"","meta":{"_seopress_robots_primary_cat":"","_seopress_titles_title":"","_seopress_titles_desc":"","_seopress_robots_index":"","iawp_total_views":0},"product_brand":[328],"product_cat":[261,270],"product_tag":[],"class_list":{"0":"post-38746","1":"product","2":"type-product","3":"status-publish","4":"has-post-thumbnail","6":"product_brand-dr-oetker","7":"product_cat-hrana-i-pice","8":"product_cat-slasticarstvo-261","10":"first","11":"outofstock","12":"shipping-taxable","13":"purchasable","14":"product-type-simple"},"_links":{"self":[{"href":"https:\/\/singuli.wpress.me\/index.php\/wp-json\/wp\/v2\/product\/38746","targetHints":{"allow":["GET"]}}],"collection":[{"href":"https:\/\/singuli.wpress.me\/index.php\/wp-json\/wp\/v2\/product"}],"about":[{"href":"https:\/\/singuli.wpress.me\/index.php\/wp-json\/wp\/v2\/types\/product"}],"version-history":[{"count":0,"href":"https:\/\/singuli.wpress.me\/index.php\/wp-json\/wp\/v2\/product\/38746\/revisions"}],"wp:featuredmedia":[{"embeddable":true,"href":"https:\/\/singuli.wpress.me\/index.php\/wp-json\/wp\/v2\/media\/38747"}],"wp:attachment":[{"href":"https:\/\/singuli.wpress.me\/index.php\/wp-json\/wp\/v2\/media?parent=38746"}],"wp:term":[{"taxonomy":"product_brand","embeddable":true,"href":"https:\/\/singuli.wpress.me\/index.php\/wp-json\/wp\/v2\/product_brand?post=38746"},{"taxonomy":"product_cat","embeddable":true,"href":"https:\/\/singuli.wpress.me\/index.php\/wp-json\/wp\/v2\/product_cat?post=38746"},{"taxonomy":"product_tag","embeddable":true,"href":"https:\/\/singuli.wpress.me\/index.php\/wp-json\/wp\/v2\/product_tag?post=38746"}],"curies":[{"name":"wp","href":"https:\/\/api.w.org\/{rel}","templated":true}]}}