{"id":38748,"date":"2026-04-18T18:12:06","date_gmt":"2026-04-18T18:12:06","guid":{"rendered":"https:\/\/singuli.wpress.me\/index.php\/proizvod\/wahl-home-pro-100-sisac\/"},"modified":"2026-04-20T12:33:26","modified_gmt":"2026-04-20T12:33:26","slug":"wahl-home-pro-100-sisac","status":"publish","type":"product","link":"https:\/\/singuli.wpress.me\/index.php\/proizvod\/wahl-home-pro-100-sisac\/","title":{"rendered":"WAHL Home Pro 100, \u0161i\u0161a\u010d"},"content":{"rendered":"<p>Prepustite se profesionalnom \u0161i\u0161anju u udobnosti vlastitog doma uz ovaj set od 11 dijelova za \u0161i\u0161anje. Dizajniran za dugotrajnu upotrebu, ovaj vrhunski stroj za \u0161i\u0161anje nudi vrhunsku kvalitetu i odli\u010dne rezultate.<\/p>\n<p><span style=\"font-weight: bold\">Glavne zna\u010dajke:<\/span><br \/>\n&#8211; Kaljeni \u010delik: O\u0161trice od kaljenog \u010delika osiguravaju iznimno dug vijek trajanja i ne\u0107e se slomiti niti napuknuti pri normalnoj uporabi.<br \/>\n&#8211; Otpornost na koroziju: visokokvalitetni \u010delik je otporan na koroziju, \u0161to doprinosi duljem \u017eivotnom vijeku o\u0161trica.<br \/>\n&#8211; Set od 11 dijelova: Set uklju\u010duje sve \u0161to vam je potrebno za savr\u0161eno \u0161i\u0161anje, uklju\u010duju\u0107i razli\u010dite \u010de\u0161ljaste nastavke za razli\u010dite duljine (3 do 25 mm) i nekoliko stilova \u0161i\u0161anja.<br \/>\n&#8211; Ergonomski dizajn: udoban i ergonomski dizajn \u0161kare omogu\u0107uje jednostavno dr\u017eanje i rezanje iz razli\u010ditih kutova.<br \/>\n&#8211; Kori\u0161tenje s kablom: jednostavno ga uklju\u010dite u uti\u010dnicu i re\u017eite bez prekida &#8211; za rezanje bez &quot;&quot;zastoja&quot;&quot;.<br \/>\n&#8211; Fino bru\u0161ene samoo\u0161tre\u0107e o\u0161trice: o\u0161trice ostaju du\u017ee o\u0161tre, \u0161to osigurava precizan i ravnomjeran rez kose.<\/p>\n<p><span style=\"font-weight: bold\">Sna\u017eni aparat za \u0161i\u0161anje sa kablom<\/span> proizveden je u Europi i osigurava dugotrajnu upotrebu i iznimne rezultate. Bilo da ste po\u010detnik ili iskusan korisnik, ovaj stroj za \u0161i\u0161anje omogu\u0107uje vam postizanje profesionalnih rezultata \u0161i\u0161anja u udobnosti vlastitog doma.<\/p>\n<p><span style=\"font-weight: bold\">Tehni\u010dki detalji:<\/span><br \/>\n&#8211; 8 glava za vo\u0111enje (3, 6, 10, 13, 16, 19, 22 i 25 mm)<br \/>\n&#8211; Duljina rezanja: 0,8 mm<br \/>\n&#8211; \u0160irina rezanja: 42 mm<br \/>\n&#8211; Te\u017eina: 470 g<br \/>\n&#8211; Jamstvo: 2 godine<\/p>\n","protected":false},"excerpt":{"rendered":"<p>Set za \u0161i\u0161anje od 11 dijelova<br \/>\n\u010celi\u010dne o\u0161trice<br \/>\nErgonomski dizajn olak\u0161ava dr\u017eanje i rezanje iz razli\u010ditih kutova<\/p>\n","protected":false},"featured_media":38749,"template":"","meta":{"_seopress_robots_primary_cat":"","_seopress_titles_title":"","_seopress_titles_desc":"","_seopress_robots_index":"","iawp_total_views":0},"product_brand":[159],"product_cat":[192,279],"product_tag":[],"class_list":{"0":"post-38748","1":"product","2":"type-product","3":"status-publish","4":"has-post-thumbnail","6":"product_brand-wahl","7":"product_cat-aparati-za-osobnu-njegu","8":"product_cat-brijanje-i-sisanje-192","10":"first","11":"outofstock","12":"shipping-taxable","13":"purchasable","14":"product-type-simple"},"_links":{"self":[{"href":"https:\/\/singuli.wpress.me\/index.php\/wp-json\/wp\/v2\/product\/38748","targetHints":{"allow":["GET"]}}],"collection":[{"href":"https:\/\/singuli.wpress.me\/index.php\/wp-json\/wp\/v2\/product"}],"about":[{"href":"https:\/\/singuli.wpress.me\/index.php\/wp-json\/wp\/v2\/types\/product"}],"version-history":[{"count":0,"href":"https:\/\/singuli.wpress.me\/index.php\/wp-json\/wp\/v2\/product\/38748\/revisions"}],"wp:featuredmedia":[{"embeddable":true,"href":"https:\/\/singuli.wpress.me\/index.php\/wp-json\/wp\/v2\/media\/38749"}],"wp:attachment":[{"href":"https:\/\/singuli.wpress.me\/index.php\/wp-json\/wp\/v2\/media?parent=38748"}],"wp:term":[{"taxonomy":"product_brand","embeddable":true,"href":"https:\/\/singuli.wpress.me\/index.php\/wp-json\/wp\/v2\/product_brand?post=38748"},{"taxonomy":"product_cat","embeddable":true,"href":"https:\/\/singuli.wpress.me\/index.php\/wp-json\/wp\/v2\/product_cat?post=38748"},{"taxonomy":"product_tag","embeddable":true,"href":"https:\/\/singuli.wpress.me\/index.php\/wp-json\/wp\/v2\/product_tag?post=38748"}],"curies":[{"name":"wp","href":"https:\/\/api.w.org\/{rel}","templated":true}]}}