{"id":38760,"date":"2026-04-18T18:12:08","date_gmt":"2026-04-18T18:12:08","guid":{"rendered":"https:\/\/singuli.wpress.me\/index.php\/proizvod\/premium-antifriz-774-df-ready-to-use-4-l\/"},"modified":"2026-04-20T12:33:26","modified_gmt":"2026-04-20T12:33:26","slug":"premium-antifriz-774-df-ready-to-use-4-l","status":"publish","type":"product","link":"https:\/\/singuli.wpress.me\/index.php\/proizvod\/premium-antifriz-774-df-ready-to-use-4-l\/","title":{"rendered":"PREMIUM, antifriz, 774 DF ready to use, 4\u00a0l"},"content":{"rendered":"<p>Visokokvalitetni antifriz s produljenim vijekom trajanja na bazi mono etilen glikola (MEG). Na temelju tehnologije alifatskih aditiva bez silikata (OAT), pru\u017ea dugoro\u010dnu za\u0161titu od korozije za sve metale motora, uklju\u010duju\u0107i aluminijske i \u017eeljezne legure. Bez nitrita, fosfata, amina (bez NAP-a), borata i silikata. Posebno se preporu\u010duje za moderne motore kod kojih je posebno va\u017ena za\u0161tita aluminija od visokih temperatura. U\u010dinkovito \u0161titi rashladni sustav, sprje\u010dava pregrijavanje, smrzavanje, koroziju i stvaranje naslaga u rashladnom sustavu. Sigurno za gumu i brtve. Dokazana kompatibilnost s elastomerima i plastikom.<\/p>\n","protected":false},"excerpt":{"rendered":"<p>Visokokvalitetni hibridni antifriz s produljenim vijekom trajanja na bazi mono etilen glikola<br \/>\nPru\u017ea dugoro\u010dnu za\u0161titu od korozije za sve metale motora, uklju\u010duju\u0107i aluminijske i \u017eeljezne legure<br \/>\nBez nitrita, fosfata, amina (bez NAP-a), borata i silikata<\/p>\n","protected":false},"featured_media":38761,"template":"","meta":{"_seopress_robots_primary_cat":"","_seopress_titles_title":"","_seopress_titles_desc":"","_seopress_robots_index":"","iawp_total_views":0},"product_brand":[828],"product_cat":[243,315],"product_tag":[],"class_list":{"0":"post-38760","1":"product","2":"type-product","3":"status-publish","4":"has-post-thumbnail","6":"product_brand-premium","7":"product_cat-automobili-i-motori","8":"product_cat-rashladne-tekucine-243","10":"first","11":"outofstock","12":"shipping-taxable","13":"purchasable","14":"product-type-simple"},"_links":{"self":[{"href":"https:\/\/singuli.wpress.me\/index.php\/wp-json\/wp\/v2\/product\/38760","targetHints":{"allow":["GET"]}}],"collection":[{"href":"https:\/\/singuli.wpress.me\/index.php\/wp-json\/wp\/v2\/product"}],"about":[{"href":"https:\/\/singuli.wpress.me\/index.php\/wp-json\/wp\/v2\/types\/product"}],"version-history":[{"count":0,"href":"https:\/\/singuli.wpress.me\/index.php\/wp-json\/wp\/v2\/product\/38760\/revisions"}],"wp:featuredmedia":[{"embeddable":true,"href":"https:\/\/singuli.wpress.me\/index.php\/wp-json\/wp\/v2\/media\/38761"}],"wp:attachment":[{"href":"https:\/\/singuli.wpress.me\/index.php\/wp-json\/wp\/v2\/media?parent=38760"}],"wp:term":[{"taxonomy":"product_brand","embeddable":true,"href":"https:\/\/singuli.wpress.me\/index.php\/wp-json\/wp\/v2\/product_brand?post=38760"},{"taxonomy":"product_cat","embeddable":true,"href":"https:\/\/singuli.wpress.me\/index.php\/wp-json\/wp\/v2\/product_cat?post=38760"},{"taxonomy":"product_tag","embeddable":true,"href":"https:\/\/singuli.wpress.me\/index.php\/wp-json\/wp\/v2\/product_tag?post=38760"}],"curies":[{"name":"wp","href":"https:\/\/api.w.org\/{rel}","templated":true}]}}