{"id":38762,"date":"2026-04-18T18:12:09","date_gmt":"2026-04-18T18:12:09","guid":{"rendered":"https:\/\/singuli.wpress.me\/index.php\/proizvod\/majushka-set-za-sminkanje-magicna-torbica-za-kraljice\/"},"modified":"2026-04-20T12:33:26","modified_gmt":"2026-04-20T12:33:26","slug":"majushka-set-za-sminkanje-magicna-torbica-za-kraljice","status":"publish","type":"product","link":"https:\/\/singuli.wpress.me\/index.php\/proizvod\/majushka-set-za-sminkanje-magicna-torbica-za-kraljice\/","title":{"rendered":"MAJUSHKA, set za \u0161minkanje, Magi\u010dna torbica za kraljice"},"content":{"rendered":"<p><span style=\"font-weight: bold\">\u010carobna torbica kraljice<\/span> je veliki deluxe set u obliku torbice koji curice mogu nositi po svuda. Sadr\u017ei mno\u0161tvo sjenila i rumenila, 3 ru\u017ea za usne, 2 sjenila za usne i 2 aplikatora.<\/p>\n","protected":false},"excerpt":{"rendered":"<p>Kreativni set za \u0161minkanje<br \/>\nSet sadr\u017ei mno\u0161tvo sjenila i rumenila, 3 ru\u017ea za usne, 2 sjenila za usne i 2 aplikatora<br \/>\nDob: 6+god<\/p>\n","protected":false},"featured_media":38763,"template":"","meta":{"_seopress_robots_primary_cat":"","_seopress_titles_title":"","_seopress_titles_desc":"","_seopress_robots_index":"","iawp_total_views":0},"product_brand":[464],"product_cat":[274,238],"product_tag":[],"class_list":{"0":"post-38762","1":"product","2":"type-product","3":"status-publish","4":"has-post-thumbnail","6":"product_brand-majushka","7":"product_cat-kucanski-pribor-238","8":"product_cat-sve-za-dom","10":"first","11":"instock","12":"shipping-taxable","13":"purchasable","14":"product-type-simple"},"_links":{"self":[{"href":"https:\/\/singuli.wpress.me\/index.php\/wp-json\/wp\/v2\/product\/38762","targetHints":{"allow":["GET"]}}],"collection":[{"href":"https:\/\/singuli.wpress.me\/index.php\/wp-json\/wp\/v2\/product"}],"about":[{"href":"https:\/\/singuli.wpress.me\/index.php\/wp-json\/wp\/v2\/types\/product"}],"version-history":[{"count":0,"href":"https:\/\/singuli.wpress.me\/index.php\/wp-json\/wp\/v2\/product\/38762\/revisions"}],"wp:featuredmedia":[{"embeddable":true,"href":"https:\/\/singuli.wpress.me\/index.php\/wp-json\/wp\/v2\/media\/38763"}],"wp:attachment":[{"href":"https:\/\/singuli.wpress.me\/index.php\/wp-json\/wp\/v2\/media?parent=38762"}],"wp:term":[{"taxonomy":"product_brand","embeddable":true,"href":"https:\/\/singuli.wpress.me\/index.php\/wp-json\/wp\/v2\/product_brand?post=38762"},{"taxonomy":"product_cat","embeddable":true,"href":"https:\/\/singuli.wpress.me\/index.php\/wp-json\/wp\/v2\/product_cat?post=38762"},{"taxonomy":"product_tag","embeddable":true,"href":"https:\/\/singuli.wpress.me\/index.php\/wp-json\/wp\/v2\/product_tag?post=38762"}],"curies":[{"name":"wp","href":"https:\/\/api.w.org\/{rel}","templated":true}]}}