{"id":38768,"date":"2026-04-18T18:12:10","date_gmt":"2026-04-18T18:12:10","guid":{"rendered":"https:\/\/singuli.wpress.me\/index.php\/proizvod\/advance-4t-ultra-15w50-motorno-ulje-za-cetverotaktne-motocikle-12x1l-12-l\/"},"modified":"2026-04-20T12:33:26","modified_gmt":"2026-04-20T12:33:26","slug":"advance-4t-ultra-15w50-motorno-ulje-za-cetverotaktne-motocikle-12x1l-12-l","status":"publish","type":"product","link":"https:\/\/singuli.wpress.me\/index.php\/proizvod\/advance-4t-ultra-15w50-motorno-ulje-za-cetverotaktne-motocikle-12x1l-12-l\/","title":{"rendered":"ADVANCE 4T ULTRA 15W50, motorno ulje za \u010detverotaktne motocikle, 12x1l, 12\u00a0l"},"content":{"rendered":"<p>Shell Advance 4T Ultra s PurePlus tehnologijom motorno je ulje za \u010detverotaktne motore. Shell patentirana PurePlus tehnologija pretvara \u010disti prirodni plin u bistro bazno ulje s gotovo nijednom ne\u010disto\u0107om sirove nafte u po\u010detnoj to\u010dki za najkonvencionalnija i sinteti\u010dka motociklisti\u010dka ulja. 100% sinteti\u010dki Shell Advance 4T Ultra izra\u0111en je od ovog \u010distog baznog ulja, u kombinaciji s jedinstvenim paketom aditiva specifi\u010dnim za motocikle koji poma\u017ee u pru\u017eanju bolje u\u010dinkovitosti, performansi i za\u0161tite motora. Dokazano je i podr\u017eano od strane vode\u0107ih proizvo\u0111a\u010da motocikala. Proizvod prema\u0161uje zahtjeve svih proizvo\u0111a\u010da motocikala.<\/p>\n<p><span style=\"font-weight: bold\">Specifikacija:<\/span> API SM, JASO MA2, odobrio Ducati.<\/p>\n","protected":false},"excerpt":{"rendered":"<p>Motorno ulje za 4-taktne motocikle<br \/>\nBolja u\u010dinkovitost, performanse i za\u0161tita motora<br \/>\nPodr\u017eano od strane vode\u0107ih proizvo\u0111a\u010da motocikala<\/p>\n","protected":false},"featured_media":38769,"template":"","meta":{"_seopress_robots_primary_cat":"","_seopress_titles_title":"","_seopress_titles_desc":"","_seopress_robots_index":"","iawp_total_views":0},"product_brand":[829],"product_cat":[243,272],"product_tag":[],"class_list":{"0":"post-38768","1":"product","2":"type-product","3":"status-publish","4":"has-post-thumbnail","6":"product_brand-advance","7":"product_cat-automobili-i-motori","8":"product_cat-motorna-ulja-243","10":"first","11":"instock","12":"shipping-taxable","13":"purchasable","14":"product-type-simple"},"_links":{"self":[{"href":"https:\/\/singuli.wpress.me\/index.php\/wp-json\/wp\/v2\/product\/38768","targetHints":{"allow":["GET"]}}],"collection":[{"href":"https:\/\/singuli.wpress.me\/index.php\/wp-json\/wp\/v2\/product"}],"about":[{"href":"https:\/\/singuli.wpress.me\/index.php\/wp-json\/wp\/v2\/types\/product"}],"version-history":[{"count":0,"href":"https:\/\/singuli.wpress.me\/index.php\/wp-json\/wp\/v2\/product\/38768\/revisions"}],"wp:featuredmedia":[{"embeddable":true,"href":"https:\/\/singuli.wpress.me\/index.php\/wp-json\/wp\/v2\/media\/38769"}],"wp:attachment":[{"href":"https:\/\/singuli.wpress.me\/index.php\/wp-json\/wp\/v2\/media?parent=38768"}],"wp:term":[{"taxonomy":"product_brand","embeddable":true,"href":"https:\/\/singuli.wpress.me\/index.php\/wp-json\/wp\/v2\/product_brand?post=38768"},{"taxonomy":"product_cat","embeddable":true,"href":"https:\/\/singuli.wpress.me\/index.php\/wp-json\/wp\/v2\/product_cat?post=38768"},{"taxonomy":"product_tag","embeddable":true,"href":"https:\/\/singuli.wpress.me\/index.php\/wp-json\/wp\/v2\/product_tag?post=38768"}],"curies":[{"name":"wp","href":"https:\/\/api.w.org\/{rel}","templated":true}]}}