{"id":38770,"date":"2026-04-18T18:12:11","date_gmt":"2026-04-18T18:12:11","guid":{"rendered":"https:\/\/singuli.wpress.me\/index.php\/proizvod\/pantene-pro-v-hydration-sos-sprej-150-ml\/"},"modified":"2026-04-20T12:33:26","modified_gmt":"2026-04-20T12:33:26","slug":"pantene-pro-v-hydration-sos-sprej-150-ml","status":"publish","type":"product","link":"https:\/\/singuli.wpress.me\/index.php\/proizvod\/pantene-pro-v-hydration-sos-sprej-150-ml\/","title":{"rendered":"PANTENE Pro-V Hydration SOS, sprej, 150\u00a0ml"},"content":{"rendered":"<p>Tretman za kosu u spreju, bez ispiranja, Pantene Pro-V u trenu hidratizira kosu i ostavlja je glatkom dok je oblikujete. <\/p>\n<p>Ovaj je tretman u spreju oboga\u0107en vitaminima Pro-V i kokos. Su\u0161i se tako brzo da u svakom trenutku mo\u017eete spasiti svoju kosu. Savr\u0161en je za tanku kosu i ne ote\u017eava je.<\/p>\n","protected":false},"excerpt":{"rendered":"<p>Hranjivi sprej bez ispiranja: u trenu hidratizira kosu i ostavlja je glatkom<br \/>\nOtpetljava kosu i olak\u0161ava oblikovanje<br \/>\nOboga\u0107en kokosom i vitaminima Pro-V<\/p>\n","protected":false},"featured_media":38771,"template":"","meta":{"_seopress_robots_primary_cat":"","_seopress_titles_title":"","_seopress_titles_desc":"","_seopress_robots_index":"","iawp_total_views":0},"product_brand":[411],"product_cat":[268,300],"product_tag":[],"class_list":{"0":"post-38770","1":"product","2":"type-product","3":"status-publish","4":"has-post-thumbnail","6":"product_brand-pantene","7":"product_cat-kozmetika-2","8":"product_cat-njega-kose-268","10":"first","11":"instock","12":"shipping-taxable","13":"purchasable","14":"product-type-simple"},"_links":{"self":[{"href":"https:\/\/singuli.wpress.me\/index.php\/wp-json\/wp\/v2\/product\/38770","targetHints":{"allow":["GET"]}}],"collection":[{"href":"https:\/\/singuli.wpress.me\/index.php\/wp-json\/wp\/v2\/product"}],"about":[{"href":"https:\/\/singuli.wpress.me\/index.php\/wp-json\/wp\/v2\/types\/product"}],"version-history":[{"count":0,"href":"https:\/\/singuli.wpress.me\/index.php\/wp-json\/wp\/v2\/product\/38770\/revisions"}],"wp:featuredmedia":[{"embeddable":true,"href":"https:\/\/singuli.wpress.me\/index.php\/wp-json\/wp\/v2\/media\/38771"}],"wp:attachment":[{"href":"https:\/\/singuli.wpress.me\/index.php\/wp-json\/wp\/v2\/media?parent=38770"}],"wp:term":[{"taxonomy":"product_brand","embeddable":true,"href":"https:\/\/singuli.wpress.me\/index.php\/wp-json\/wp\/v2\/product_brand?post=38770"},{"taxonomy":"product_cat","embeddable":true,"href":"https:\/\/singuli.wpress.me\/index.php\/wp-json\/wp\/v2\/product_cat?post=38770"},{"taxonomy":"product_tag","embeddable":true,"href":"https:\/\/singuli.wpress.me\/index.php\/wp-json\/wp\/v2\/product_tag?post=38770"}],"curies":[{"name":"wp","href":"https:\/\/api.w.org\/{rel}","templated":true}]}}