{"id":38777,"date":"2026-04-18T18:12:14","date_gmt":"2026-04-18T18:12:14","guid":{"rendered":"https:\/\/singuli.wpress.me\/index.php\/proizvod\/paclan-vrece-za-smece-eco-line-70-l\/"},"modified":"2026-04-20T12:33:26","modified_gmt":"2026-04-20T12:33:26","slug":"paclan-vrece-za-smece-eco-line-70-l","status":"publish","type":"product","link":"https:\/\/singuli.wpress.me\/index.php\/proizvod\/paclan-vrece-za-smece-eco-line-70-l\/","title":{"rendered":"PACLAN, vre\u0107e za sme\u0107e, Eco line, 70\u00a0l"},"content":{"rendered":"<p>Vre\u0107e za sme\u0107e s vezicom veli\u010dine 70 litara. Znate taj osje\u0107aj, kada se susjed mr\u0161ti na sme\u0107e koje nosite?Pa, ne mo\u017ee\u0161 ga stvarno kriviti, zar ne?Mnogo mo\u017eete re\u0107i o \u010dovjeku na temelju njegovog sme\u0107a. Crne Eco line vre\u0107e za sme\u0107e osigurat \u0107e va\u0161u privatnost. Povrh toga, one su ekolo\u0161ke i imaju prakti\u010dnu vrpcu..<\/p>\n","protected":false},"excerpt":{"rendered":"<p>Prakti\u010dna vrpca<br \/>\nPakiranje od 15 komada<br \/>\nEkolo\u0161ke<\/p>\n","protected":false},"featured_media":38778,"template":"","meta":{"_seopress_robots_primary_cat":"","_seopress_titles_title":"","_seopress_titles_desc":"","_seopress_robots_index":"","iawp_total_views":0},"product_brand":[474],"product_cat":[274,238],"product_tag":[],"class_list":{"0":"post-38777","1":"product","2":"type-product","3":"status-publish","4":"has-post-thumbnail","6":"product_brand-paclan","7":"product_cat-kucanski-pribor-238","8":"product_cat-sve-za-dom","10":"first","11":"instock","12":"shipping-taxable","13":"purchasable","14":"product-type-simple"},"_links":{"self":[{"href":"https:\/\/singuli.wpress.me\/index.php\/wp-json\/wp\/v2\/product\/38777","targetHints":{"allow":["GET"]}}],"collection":[{"href":"https:\/\/singuli.wpress.me\/index.php\/wp-json\/wp\/v2\/product"}],"about":[{"href":"https:\/\/singuli.wpress.me\/index.php\/wp-json\/wp\/v2\/types\/product"}],"version-history":[{"count":0,"href":"https:\/\/singuli.wpress.me\/index.php\/wp-json\/wp\/v2\/product\/38777\/revisions"}],"wp:featuredmedia":[{"embeddable":true,"href":"https:\/\/singuli.wpress.me\/index.php\/wp-json\/wp\/v2\/media\/38778"}],"wp:attachment":[{"href":"https:\/\/singuli.wpress.me\/index.php\/wp-json\/wp\/v2\/media?parent=38777"}],"wp:term":[{"taxonomy":"product_brand","embeddable":true,"href":"https:\/\/singuli.wpress.me\/index.php\/wp-json\/wp\/v2\/product_brand?post=38777"},{"taxonomy":"product_cat","embeddable":true,"href":"https:\/\/singuli.wpress.me\/index.php\/wp-json\/wp\/v2\/product_cat?post=38777"},{"taxonomy":"product_tag","embeddable":true,"href":"https:\/\/singuli.wpress.me\/index.php\/wp-json\/wp\/v2\/product_tag?post=38777"}],"curies":[{"name":"wp","href":"https:\/\/api.w.org\/{rel}","templated":true}]}}