{"id":38781,"date":"2026-04-18T18:12:15","date_gmt":"2026-04-18T18:12:15","guid":{"rendered":"https:\/\/singuli.wpress.me\/index.php\/proizvod\/fisher-price-igracka-prstenovi-za-slaganje\/"},"modified":"2026-04-21T00:26:57","modified_gmt":"2026-04-21T00:26:57","slug":"fisher-price-igracka-prstenovi-za-slaganje","status":"publish","type":"product","link":"https:\/\/singuli.wpress.me\/index.php\/proizvod\/fisher-price-igracka-prstenovi-za-slaganje\/","title":{"rendered":"FISHER PRICE, igra\u010dka, prstenovi za slaganje"},"content":{"rendered":"<p>Prstenovi za slaganje su klasi\u010dna i zabavna igra\u010dka veselih boja za va\u0161e malene!<\/p>\n<p>Mla\u0111a djeca voljet \u0107e hvatati, dr\u017eati, tresti i istra\u017eivati pet prstenova \u017eivih boja.<\/p>\n<p>Najmanji prsten ima sjajnu, reflektiraju\u0107u povr\u0161inu kako bi dijete vidjelo unutra \u2013 s perlama \u017eivih boja koja proizvode vesele zvukove!<\/p>\n<p>Kada su spremni sjesti i igrati se, dijete mo\u017ee slagati prstenove na postolje, te pomicati bazu naprijed natrag.<\/p>\n<p>Slaganje poma\u017ee u razvoju koordinacije oko- ruka i upoznaje ih s konceptom veli\u010dina.<\/p>\n<p>Djeca u\u010de slagati od ve\u0107ih do manjih veli\u010dina kolutava.<\/p>\n<p>Dob djeteta: starost 6+ mjeseci<\/p>\n","protected":false},"excerpt":{"rendered":"<p>Klasi\u010dna i zabavna igra<br \/>\nU\u010di razvoj kordinacije i pojmu veli\u010dine<br \/>\nDob: 6+m<\/p>\n","protected":false},"featured_media":38782,"template":"","meta":{"_seopress_robots_primary_cat":"","_seopress_titles_title":"","_seopress_titles_desc":"","_seopress_robots_index":"","iawp_total_views":0},"product_brand":[458],"product_cat":[221,291],"product_tag":[],"class_list":{"0":"post-38781","1":"product","2":"type-product","3":"status-publish","4":"has-post-thumbnail","6":"product_brand-fisher-price","7":"product_cat-igracke","8":"product_cat-igracke-za-djecu-221","10":"first","11":"instock","12":"shipping-taxable","13":"purchasable","14":"product-type-simple"},"_links":{"self":[{"href":"https:\/\/singuli.wpress.me\/index.php\/wp-json\/wp\/v2\/product\/38781","targetHints":{"allow":["GET"]}}],"collection":[{"href":"https:\/\/singuli.wpress.me\/index.php\/wp-json\/wp\/v2\/product"}],"about":[{"href":"https:\/\/singuli.wpress.me\/index.php\/wp-json\/wp\/v2\/types\/product"}],"version-history":[{"count":0,"href":"https:\/\/singuli.wpress.me\/index.php\/wp-json\/wp\/v2\/product\/38781\/revisions"}],"wp:featuredmedia":[{"embeddable":true,"href":"https:\/\/singuli.wpress.me\/index.php\/wp-json\/wp\/v2\/media\/38782"}],"wp:attachment":[{"href":"https:\/\/singuli.wpress.me\/index.php\/wp-json\/wp\/v2\/media?parent=38781"}],"wp:term":[{"taxonomy":"product_brand","embeddable":true,"href":"https:\/\/singuli.wpress.me\/index.php\/wp-json\/wp\/v2\/product_brand?post=38781"},{"taxonomy":"product_cat","embeddable":true,"href":"https:\/\/singuli.wpress.me\/index.php\/wp-json\/wp\/v2\/product_cat?post=38781"},{"taxonomy":"product_tag","embeddable":true,"href":"https:\/\/singuli.wpress.me\/index.php\/wp-json\/wp\/v2\/product_tag?post=38781"}],"curies":[{"name":"wp","href":"https:\/\/api.w.org\/{rel}","templated":true}]}}