{"id":38783,"date":"2026-04-18T18:12:17","date_gmt":"2026-04-18T18:12:17","guid":{"rendered":"https:\/\/singuli.wpress.me\/index.php\/proizvod\/naturella-higijenski-ulosci-classic-night-camomile-14-kom\/"},"modified":"2026-04-20T12:33:26","modified_gmt":"2026-04-20T12:33:26","slug":"naturella-higijenski-ulosci-classic-night-camomile-14-kom","status":"publish","type":"product","link":"https:\/\/singuli.wpress.me\/index.php\/proizvod\/naturella-higijenski-ulosci-classic-night-camomile-14-kom\/","title":{"rendered":"NATURELLA, higijenski ulo\u0161ci, Classic Night Camomile, 14\u00a0kom"},"content":{"rendered":"<p>Naturella Classic jedini su klasi\u010dni higijenski ulo\u0161ci s dodatkom Dermacrema, jedinstvenog suhog losiona za za\u0161titu ko\u017ee, koji klini\u010dki dokazano poma\u017ee sprije\u010diti iritacije ko\u017ee. <\/p>\n<p>Ovi ulo\u0161ci Naturella ClassicNight S Krilcima s mirisom nadahnutim kamilicom imaju jedinstven sustav upijanja i dizajn s cvjetnom uzorkom koji raspore\u0111uje i odvla\u010di teku\u0107inu daleko od ko\u017ee, pru\u017eaju\u0107i vam osje\u0107aj ugodne suho\u0107e. <\/p>\n<p>Higijenski ulo\u0161ci Naturella pru\u017eaju dodatnu za\u0161titu koju trebate za vrijeme mjese\u010dnice, u kombinaciji s pouzdano blagom njegom ko\u017ee.<\/p>\n<p>Higijenski ulo\u0161ci Naturella Classic Night Camomile s krilcima koja dr\u017ee ulo\u017eak na mjestu mekani su i za 40 % \u0161iri radi dodatne no\u0107ne za\u0161tite kod obilnije mjese\u010dnice. <\/p>\n<p>Za svakodnevnu svje\u017einu i za\u0161titu isprobajte dnevne ulo\u0161ke Naturella.<\/p>\n","protected":false},"excerpt":{"rendered":"<p>Umiruju\u0107i losion Dermacrem klini\u010dki dokazano spre\u010dava nadra\u017eivanje ko\u017ee<br \/>\nSustav upijanja i krilca za pouzdanu za\u0161titu<br \/>\nCjelono\u0107na za\u0161tita i njega ko\u017ee intimnih dijelova tijela<\/p>\n","protected":false},"featured_media":38784,"template":"","meta":{"_seopress_robots_primary_cat":"","_seopress_titles_title":"","_seopress_titles_desc":"","_seopress_robots_index":"","iawp_total_views":0},"product_brand":[438],"product_cat":[211,288],"product_tag":[],"class_list":{"0":"post-38783","1":"product","2":"type-product","3":"status-publish","4":"has-post-thumbnail","6":"product_brand-naturella","7":"product_cat-njega-majke-i-djeteta","8":"product_cat-zenska-higijena-211","10":"first","11":"instock","12":"shipping-taxable","13":"purchasable","14":"product-type-simple"},"_links":{"self":[{"href":"https:\/\/singuli.wpress.me\/index.php\/wp-json\/wp\/v2\/product\/38783","targetHints":{"allow":["GET"]}}],"collection":[{"href":"https:\/\/singuli.wpress.me\/index.php\/wp-json\/wp\/v2\/product"}],"about":[{"href":"https:\/\/singuli.wpress.me\/index.php\/wp-json\/wp\/v2\/types\/product"}],"version-history":[{"count":0,"href":"https:\/\/singuli.wpress.me\/index.php\/wp-json\/wp\/v2\/product\/38783\/revisions"}],"wp:featuredmedia":[{"embeddable":true,"href":"https:\/\/singuli.wpress.me\/index.php\/wp-json\/wp\/v2\/media\/38784"}],"wp:attachment":[{"href":"https:\/\/singuli.wpress.me\/index.php\/wp-json\/wp\/v2\/media?parent=38783"}],"wp:term":[{"taxonomy":"product_brand","embeddable":true,"href":"https:\/\/singuli.wpress.me\/index.php\/wp-json\/wp\/v2\/product_brand?post=38783"},{"taxonomy":"product_cat","embeddable":true,"href":"https:\/\/singuli.wpress.me\/index.php\/wp-json\/wp\/v2\/product_cat?post=38783"},{"taxonomy":"product_tag","embeddable":true,"href":"https:\/\/singuli.wpress.me\/index.php\/wp-json\/wp\/v2\/product_tag?post=38783"}],"curies":[{"name":"wp","href":"https:\/\/api.w.org\/{rel}","templated":true}]}}