{"id":38786,"date":"2026-04-18T18:12:18","date_gmt":"2026-04-18T18:12:18","guid":{"rendered":"https:\/\/singuli.wpress.me\/index.php\/proizvod\/borotalco-manneti-mosus-tekuci-sapun-250-ml\/"},"modified":"2026-04-21T00:26:57","modified_gmt":"2026-04-21T00:26:57","slug":"borotalco-manneti-mosus-tekuci-sapun-250-ml","status":"publish","type":"product","link":"https:\/\/singuli.wpress.me\/index.php\/proizvod\/borotalco-manneti-mosus-tekuci-sapun-250-ml\/","title":{"rendered":"BOROTALCO Manneti Mo\u0161us, teku\u0107i sapun, 250\u00a0ml"},"content":{"rendered":"<p>Teku\u0107i sapun s mirisom bijelog mo\u0161usa Borotalco temeljito \u010disti ruke po\u0161tuju\u0107i prirodnu ravnote\u017eu ko\u017ee.<\/p>\n<p>\u2013 higijenska formula<br \/>\n\u2013 po\u0161tuje prirodni pH ko\u017ee<br \/>\n\u2013 dermatolo\u0161ki testirano<\/p>\n<p>Osje\u0107aj Borotalco njege na ko\u017ei: iz dana u dan ko\u017ea je nevjerojatno meka i bar\u0161unasta.<\/p>\n","protected":false},"excerpt":{"rendered":"<p>Higijenska formula<br \/>\nPo\u0161tuje prirodni pH<br \/>\nDermatolo\u0161ki testirano<\/p>\n","protected":false},"featured_media":38787,"template":"","meta":{"_seopress_robots_primary_cat":"","_seopress_titles_title":"","_seopress_titles_desc":"","_seopress_robots_index":"","iawp_total_views":0},"product_brand":[484],"product_cat":[268,278],"product_tag":[],"class_list":{"0":"post-38786","1":"product","2":"type-product","3":"status-publish","4":"has-post-thumbnail","6":"product_brand-borotalco","7":"product_cat-kozmetika-2","8":"product_cat-njega-tijela-268","10":"first","11":"outofstock","12":"shipping-taxable","13":"purchasable","14":"product-type-simple"},"_links":{"self":[{"href":"https:\/\/singuli.wpress.me\/index.php\/wp-json\/wp\/v2\/product\/38786","targetHints":{"allow":["GET"]}}],"collection":[{"href":"https:\/\/singuli.wpress.me\/index.php\/wp-json\/wp\/v2\/product"}],"about":[{"href":"https:\/\/singuli.wpress.me\/index.php\/wp-json\/wp\/v2\/types\/product"}],"version-history":[{"count":0,"href":"https:\/\/singuli.wpress.me\/index.php\/wp-json\/wp\/v2\/product\/38786\/revisions"}],"wp:featuredmedia":[{"embeddable":true,"href":"https:\/\/singuli.wpress.me\/index.php\/wp-json\/wp\/v2\/media\/38787"}],"wp:attachment":[{"href":"https:\/\/singuli.wpress.me\/index.php\/wp-json\/wp\/v2\/media?parent=38786"}],"wp:term":[{"taxonomy":"product_brand","embeddable":true,"href":"https:\/\/singuli.wpress.me\/index.php\/wp-json\/wp\/v2\/product_brand?post=38786"},{"taxonomy":"product_cat","embeddable":true,"href":"https:\/\/singuli.wpress.me\/index.php\/wp-json\/wp\/v2\/product_cat?post=38786"},{"taxonomy":"product_tag","embeddable":true,"href":"https:\/\/singuli.wpress.me\/index.php\/wp-json\/wp\/v2\/product_tag?post=38786"}],"curies":[{"name":"wp","href":"https:\/\/api.w.org\/{rel}","templated":true}]}}