{"id":38790,"date":"2026-04-18T18:12:19","date_gmt":"2026-04-18T18:12:19","guid":{"rendered":"https:\/\/singuli.wpress.me\/index.php\/proizvod\/gillette-sensor3-zamjenske-britvice-5-kom\/"},"modified":"2026-04-20T12:33:26","modified_gmt":"2026-04-20T12:33:26","slug":"gillette-sensor3-zamjenske-britvice-5-kom","status":"publish","type":"product","link":"https:\/\/singuli.wpress.me\/index.php\/proizvod\/gillette-sensor3-zamjenske-britvice-5-kom\/","title":{"rendered":"GILLETTE Sensor3, zamjenske britvice, 5\u00a0kom"},"content":{"rendered":"<p>Zamjenske britvice Gillette Sensor3 imaju tri o\u0161trice s lubrikantnom trakicom kako bi glatko klizile po va\u0161oj ko\u017ei. <\/p>\n<p>Individualno prilagodljive o\u0161trice Sensor odli\u010dno se nadopunjuju s pokretljivom glavom Gillette Sensor 3, kako bi se zajedno prilagodili obrisima va\u0161eg lica i pru\u017eili temeljito, ugodno i glatko brijanje. <\/p>\n<p>Sve zamjenske britvice Sensor kompatibilne su sa svim dr\u0161kama brija\u010da Sensor.<\/p>\n","protected":false},"excerpt":{"rendered":"<p>Imaju 3 o\u0161trice s lubrikantnom trakicom<br \/>\nOdli\u010dno se nadopunjuju s pokretljivom glavom Gillette Sensor 3<br \/>\nSve zamjenske britvice Sensor kompatibilne su sa svim dr\u0161kama brija\u010da Sensor<\/p>\n","protected":false},"featured_media":38791,"template":"","meta":{"_seopress_robots_primary_cat":"","_seopress_titles_title":"","_seopress_titles_desc":"","_seopress_robots_index":"","iawp_total_views":0},"product_brand":[323],"product_cat":[280,192,279],"product_tag":[],"class_list":{"0":"post-38790","1":"product","2":"type-product","3":"status-publish","4":"has-post-thumbnail","6":"product_brand-gillette","7":"product_cat-aparati-za-muskarce-279","8":"product_cat-aparati-za-osobnu-njegu","9":"product_cat-brijanje-i-sisanje-192","11":"first","12":"outofstock","13":"shipping-taxable","14":"purchasable","15":"product-type-simple"},"_links":{"self":[{"href":"https:\/\/singuli.wpress.me\/index.php\/wp-json\/wp\/v2\/product\/38790","targetHints":{"allow":["GET"]}}],"collection":[{"href":"https:\/\/singuli.wpress.me\/index.php\/wp-json\/wp\/v2\/product"}],"about":[{"href":"https:\/\/singuli.wpress.me\/index.php\/wp-json\/wp\/v2\/types\/product"}],"version-history":[{"count":0,"href":"https:\/\/singuli.wpress.me\/index.php\/wp-json\/wp\/v2\/product\/38790\/revisions"}],"wp:featuredmedia":[{"embeddable":true,"href":"https:\/\/singuli.wpress.me\/index.php\/wp-json\/wp\/v2\/media\/38791"}],"wp:attachment":[{"href":"https:\/\/singuli.wpress.me\/index.php\/wp-json\/wp\/v2\/media?parent=38790"}],"wp:term":[{"taxonomy":"product_brand","embeddable":true,"href":"https:\/\/singuli.wpress.me\/index.php\/wp-json\/wp\/v2\/product_brand?post=38790"},{"taxonomy":"product_cat","embeddable":true,"href":"https:\/\/singuli.wpress.me\/index.php\/wp-json\/wp\/v2\/product_cat?post=38790"},{"taxonomy":"product_tag","embeddable":true,"href":"https:\/\/singuli.wpress.me\/index.php\/wp-json\/wp\/v2\/product_tag?post=38790"}],"curies":[{"name":"wp","href":"https:\/\/api.w.org\/{rel}","templated":true}]}}