{"id":38792,"date":"2026-04-18T18:12:22","date_gmt":"2026-04-18T18:12:22","guid":{"rendered":"https:\/\/singuli.wpress.me\/index.php\/proizvod\/medex-elanosol-junior-balzam-za-usne-5-1-g\/"},"modified":"2026-04-20T12:33:26","modified_gmt":"2026-04-20T12:33:26","slug":"medex-elanosol-junior-balzam-za-usne-5-1-g","status":"publish","type":"product","link":"https:\/\/singuli.wpress.me\/index.php\/proizvod\/medex-elanosol-junior-balzam-za-usne-5-1-g\/","title":{"rendered":"MEDEX Elanosol Junior, balzam za usne, 5.1\u00a0g"},"content":{"rendered":"<p>Balzam za njegu i za\u0161titu nje\u017enih usana.<br \/>\nPrirodni p\u010delinji vosak, propolis, med, karite maslac, vitamin B2 i E njeguju i hrane nje\u017enu ko\u017eu usana. Sastojci iz p\u010delinje ko\u0161nice odr\u017eavaju razinu vlage u ko\u017ei i \u0161tite je od isu\u0161ivanja.<br \/>\nDermatolo\u0161ki testirano. Bez parabena, parafina, sinteti\u010dkih mirisa i mineralnih ulja. Za svakodnevnu njegu.<\/p>\n<p><span style=\"font-weight: bold\">Na\u010din primjene:<\/span> Balzam  nanesite u tankom sloju na usne vi\u0161e puta na dan.<\/p>\n","protected":false},"excerpt":{"rendered":"<p>Prirodna za\u0161tita usana<br \/>\nUsne njeguje i \u0161titi<br \/>\nPrimjeren za cijelu obitelj<\/p>\n","protected":false},"featured_media":38793,"template":"","meta":{"_seopress_robots_primary_cat":"","_seopress_titles_title":"","_seopress_titles_desc":"","_seopress_robots_index":"","iawp_total_views":0},"product_brand":[415],"product_cat":[268,269],"product_tag":[],"class_list":{"0":"post-38792","1":"product","2":"type-product","3":"status-publish","4":"has-post-thumbnail","6":"product_brand-medex","7":"product_cat-kozmetika-2","8":"product_cat-zastita-koze-268","10":"first","11":"outofstock","12":"shipping-taxable","13":"purchasable","14":"product-type-simple"},"_links":{"self":[{"href":"https:\/\/singuli.wpress.me\/index.php\/wp-json\/wp\/v2\/product\/38792","targetHints":{"allow":["GET"]}}],"collection":[{"href":"https:\/\/singuli.wpress.me\/index.php\/wp-json\/wp\/v2\/product"}],"about":[{"href":"https:\/\/singuli.wpress.me\/index.php\/wp-json\/wp\/v2\/types\/product"}],"version-history":[{"count":0,"href":"https:\/\/singuli.wpress.me\/index.php\/wp-json\/wp\/v2\/product\/38792\/revisions"}],"wp:featuredmedia":[{"embeddable":true,"href":"https:\/\/singuli.wpress.me\/index.php\/wp-json\/wp\/v2\/media\/38793"}],"wp:attachment":[{"href":"https:\/\/singuli.wpress.me\/index.php\/wp-json\/wp\/v2\/media?parent=38792"}],"wp:term":[{"taxonomy":"product_brand","embeddable":true,"href":"https:\/\/singuli.wpress.me\/index.php\/wp-json\/wp\/v2\/product_brand?post=38792"},{"taxonomy":"product_cat","embeddable":true,"href":"https:\/\/singuli.wpress.me\/index.php\/wp-json\/wp\/v2\/product_cat?post=38792"},{"taxonomy":"product_tag","embeddable":true,"href":"https:\/\/singuli.wpress.me\/index.php\/wp-json\/wp\/v2\/product_tag?post=38792"}],"curies":[{"name":"wp","href":"https:\/\/api.w.org\/{rel}","templated":true}]}}