{"id":38794,"date":"2026-04-18T18:12:22","date_gmt":"2026-04-18T18:12:22","guid":{"rendered":"https:\/\/singuli.wpress.me\/index.php\/proizvod\/tellus-s2-mx-68-hidraulicko-ulje-209-l\/"},"modified":"2026-04-20T12:33:26","modified_gmt":"2026-04-20T12:33:26","slug":"tellus-s2-mx-68-hidraulicko-ulje-209-l","status":"publish","type":"product","link":"https:\/\/singuli.wpress.me\/index.php\/proizvod\/tellus-s2-mx-68-hidraulicko-ulje-209-l\/","title":{"rendered":"TELLUS S2 MX 68, hidrauli\u010dko ulje, 209\u00a0l"},"content":{"rendered":"<p>Visokokvalitetno hidrauli\u010dko ulje koje osigurava izvanrednu za\u0161titu i izvrsnu u\u010dinkovitost kod ve\u0107ine industrijskih hidrauli\u010dkih jedinica kao i hidrauli\u010dkih jedinica mobilnih strojeva. Ova ulja otporna su na toplinske i mehani\u010dke stresove i sprje\u010davaju stvaranje \u0161tetnih naslaga koje mogu smanjiti u\u010dinkovitost hidrauli\u010dkog sustava. Karakterizira ga produljeni \u017eivotni vijek \u2013 u\u0161teda pri odr\u017eavanju, izvanredna za\u0161tita od tro\u0161enja, odr\u017eavanje u\u010dinkovitosti sustava zbog izvrsne filtrabilnosti i u\u010dinkovitog odvajanja vode, otpornosti prema pjenjenju i otpu\u0161tanje zraka. Glavne primjene su u industrijskim, brodskim i mobilnim hidrauli\u010dkim sustavima.<\/p>\n","protected":false},"excerpt":{"rendered":"<p>Hidrauli\u010dko ulje<br \/>\nIzvanredna za\u0161tita<br \/>\nOtporne na toplinske i mehani\u010dke stresove<\/p>\n","protected":false},"featured_media":38795,"template":"","meta":{"_seopress_robots_primary_cat":"","_seopress_titles_title":"","_seopress_titles_desc":"","_seopress_robots_index":"","iawp_total_views":0},"product_brand":[414],"product_cat":[243,276],"product_tag":[],"class_list":{"0":"post-38794","1":"product","2":"type-product","3":"status-publish","4":"has-post-thumbnail","6":"product_brand-tellus","7":"product_cat-automobili-i-motori","8":"product_cat-industrijska-i-specijalna-ulja-243","10":"first","11":"instock","12":"shipping-taxable","13":"purchasable","14":"product-type-simple"},"_links":{"self":[{"href":"https:\/\/singuli.wpress.me\/index.php\/wp-json\/wp\/v2\/product\/38794","targetHints":{"allow":["GET"]}}],"collection":[{"href":"https:\/\/singuli.wpress.me\/index.php\/wp-json\/wp\/v2\/product"}],"about":[{"href":"https:\/\/singuli.wpress.me\/index.php\/wp-json\/wp\/v2\/types\/product"}],"version-history":[{"count":0,"href":"https:\/\/singuli.wpress.me\/index.php\/wp-json\/wp\/v2\/product\/38794\/revisions"}],"wp:featuredmedia":[{"embeddable":true,"href":"https:\/\/singuli.wpress.me\/index.php\/wp-json\/wp\/v2\/media\/38795"}],"wp:attachment":[{"href":"https:\/\/singuli.wpress.me\/index.php\/wp-json\/wp\/v2\/media?parent=38794"}],"wp:term":[{"taxonomy":"product_brand","embeddable":true,"href":"https:\/\/singuli.wpress.me\/index.php\/wp-json\/wp\/v2\/product_brand?post=38794"},{"taxonomy":"product_cat","embeddable":true,"href":"https:\/\/singuli.wpress.me\/index.php\/wp-json\/wp\/v2\/product_cat?post=38794"},{"taxonomy":"product_tag","embeddable":true,"href":"https:\/\/singuli.wpress.me\/index.php\/wp-json\/wp\/v2\/product_tag?post=38794"}],"curies":[{"name":"wp","href":"https:\/\/api.w.org\/{rel}","templated":true}]}}