{"id":38803,"date":"2026-04-18T18:12:26","date_gmt":"2026-04-18T18:12:26","guid":{"rendered":"https:\/\/singuli.wpress.me\/index.php\/proizvod\/lavazza-xxl-set-isprobaj-ih-sve-5x250g\/"},"modified":"2026-04-21T00:26:58","modified_gmt":"2026-04-21T00:26:58","slug":"lavazza-xxl-set-isprobaj-ih-sve-5x250g","status":"publish","type":"product","link":"https:\/\/singuli.wpress.me\/index.php\/proizvod\/lavazza-xxl-set-isprobaj-ih-sve-5x250g\/","title":{"rendered":"LAVAZZA XXL, set, Isprobaj ih sve, 5x250g"},"content":{"rendered":"<p>Set sadr\u017ei 5 vrsta kave: Crema e Gusto 250g, Crema e Gusto Forte Ground 250g, Qualita Rossa 250g, Espresso 250g, Qualita Oro 250g<\/p>\n<p><span style=\"font-weight: bold\">Lavazza Crema e Gusto<\/span> je kava karakteristi\u010dnog karaktera: savr\u0161ena kombinacija intenzivne arome i punog okusa. Sastoji se od izbora kvalitetnih Arabica i Robusta zrna mirisnog okusa i ugodne \u010dokoladne zavr\u0161nice. Idealno za one koji \u017eele u\u017eivati u intenzivnom do\u017eivljaju okusa u bilo koje doba dana. Sastav je Arabica i Robusta, intenziteta 8\/10. Profil okusa (aroma): Za\u010dini, ja\u010de pr\u017eenje<\/p>\n<p><span style=\"font-weight: bold\">Crema e Gusto Forte Ground<\/span>, za sve ljubitelje jake kave, intenzivni okusi dobiveni iz mje\u0161avina Arabice i Robuste uzgojene na tri kontinenta, spojeni u jedan blend kave &quot;Crema e gusto forte&quot;, intenzivna kava dugotrajnog okusa. Note okusa su drvo, duhan dok je intenzitet 9\/10. Ja\u010de je pr\u017eenje. Prikladna za pripremu u moki\/kafetijeri i espresso aparatima.<\/p>\n<p><span style=\"font-weight: bold\">Qualita Rossa<\/span> je jedan od najpoznatijih brendova tradicionalne talijanske kave, prepoznatljiv simbol i jedinstvena kava. To je svakodnevno zadovoljstvo dobre kave koja je prisutna u talijanskim obiteljima ve\u0107 gotovo 50 godina. Nepogre\u0161iva aroma za po\u010detak dana uz pozitivnu energiju i podijeliti ugodne trenutke kod ku\u0107e. Za ovu pomno odabranu mje\u0161avinu, Lavazzini stru\u010dnjaci kombiniraju brazilska Arabica zrna za tijelo i slatko\u0107u s afri\u010dkim i jugoisto\u010dnim azijskim Robusama za intenzivne i tople note kakaoa. Rezultat je kava bogata okusom, idealna za one koji \u017eele do\u0107i do velikog i energi\u010dnog po\u010detka dana.<br \/>\nSastav je 100% Arabica, intenziteta 5\/10. Aroma je cvjetna\/vo\u0107na dok ovu kavu obilje\u017eava srednja ja\u010dina pr\u017eenja.<\/p>\n<p><span style=\"font-weight: bold\">Lavazza Espresso Italiano<\/span> je izbor mje\u0161avina kave od bla\u017eih do sna\u017enijih okusa kako bi u\u017eivali u kavi kako to rade i Talijani u svom omiljenom na\u010dinu pripreme. Espresso Italiano Classico je sladak i nje\u017ean espresso s vo\u0107nim notama i postojanim okusom nakon. Predstavlja odli\u010dnu osnovu za sve ljubitelje kave.  Prilagodljiva je za sve na\u010dine pripremanja od klasi\u010dnih esspresso kava do kava kojima je baza i mlijeko kao \u0161to su macchiato, cappucino ili bijela kava. Sastav je 100% Arabica dok je intenzitet 5\/10. Aroma je vo\u0107na, a ja\u010dina pr\u017eenja lagano.<\/p>\n<p><span style=\"font-weight: bold\">Qualit\u00e0 Oro<\/span> je prva Lavazzina mje\u0161avina, koju je 1956. godine stvorio Luigi Lavazza u svojoj maloj pr\u017eionici u Torinu. Tajna recepta pre\u0161la je s oca na sina, zadr\u017eavaju\u0107i isti profil visoke kvalitete ve\u0107 du\u017ee od 50 godina, do danas. Izvrsnost mje\u0161avine Qualit\u00e0 Oro rezultat je dugogodi\u0161nje stru\u010dnosti tvrtke Lavazza u kombiniranju i pr\u017eenju. Izvrsnost kvalitete Qualit\u00e0 Oro kave o\u010duvana je \u010detiri generacije. Jedinstvena je kombinacija 6 vrsta Arabica zrna. Savr\u0161ena simfonija za vrhunski okus iznova, jo\u0161 od davne 1956. godine. Mljevena kava Lavazza Qualit\u00e1 Oro kreirana je za prave stru\u010dnjake i ljubitelje kave. Zahvaljuju\u0107i posebnom na\u010dinu pr\u017eenja, rezultat je kava sa savr\u0161enom kremastom strukturom, savr\u0161enim okusom i intenzivnom aromom. Sastav je 100 % Arabica dok je intenzitet 5\/10. Aroma je cvjetna\/vo\u0107na, a pr\u017eenje je srednje ja\u010dine.<\/p>\n","protected":false},"excerpt":{"rendered":"<p>Set mljevene kave se sastoji od 5 razli\u010ditih vrsta kave<br \/>\nVrhunska Lavazza kvaliteta<br \/>\nKave razli\u010ditog intenziteta<\/p>\n","protected":false},"featured_media":38804,"template":"","meta":{"_seopress_robots_primary_cat":"","_seopress_titles_title":"","_seopress_titles_desc":"","_seopress_robots_index":"","iawp_total_views":0},"product_brand":[393],"product_cat":[261,275],"product_tag":[],"class_list":{"0":"post-38803","1":"product","2":"type-product","3":"status-publish","4":"has-post-thumbnail","6":"product_brand-lavazza","7":"product_cat-hrana-i-pice","8":"product_cat-kava-i-cajevi-261","10":"first","11":"instock","12":"shipping-taxable","13":"purchasable","14":"product-type-simple"},"_links":{"self":[{"href":"https:\/\/singuli.wpress.me\/index.php\/wp-json\/wp\/v2\/product\/38803","targetHints":{"allow":["GET"]}}],"collection":[{"href":"https:\/\/singuli.wpress.me\/index.php\/wp-json\/wp\/v2\/product"}],"about":[{"href":"https:\/\/singuli.wpress.me\/index.php\/wp-json\/wp\/v2\/types\/product"}],"version-history":[{"count":0,"href":"https:\/\/singuli.wpress.me\/index.php\/wp-json\/wp\/v2\/product\/38803\/revisions"}],"wp:featuredmedia":[{"embeddable":true,"href":"https:\/\/singuli.wpress.me\/index.php\/wp-json\/wp\/v2\/media\/38804"}],"wp:attachment":[{"href":"https:\/\/singuli.wpress.me\/index.php\/wp-json\/wp\/v2\/media?parent=38803"}],"wp:term":[{"taxonomy":"product_brand","embeddable":true,"href":"https:\/\/singuli.wpress.me\/index.php\/wp-json\/wp\/v2\/product_brand?post=38803"},{"taxonomy":"product_cat","embeddable":true,"href":"https:\/\/singuli.wpress.me\/index.php\/wp-json\/wp\/v2\/product_cat?post=38803"},{"taxonomy":"product_tag","embeddable":true,"href":"https:\/\/singuli.wpress.me\/index.php\/wp-json\/wp\/v2\/product_tag?post=38803"}],"curies":[{"name":"wp","href":"https:\/\/api.w.org\/{rel}","templated":true}]}}