{"id":38806,"date":"2026-04-18T18:12:27","date_gmt":"2026-04-18T18:12:27","guid":{"rendered":"https:\/\/singuli.wpress.me\/index.php\/proizvod\/originalna-pavloviceva-mast-s-ectoinom-100-ml\/"},"modified":"2026-04-21T00:26:58","modified_gmt":"2026-04-21T00:26:58","slug":"originalna-pavloviceva-mast-s-ectoinom-100-ml","status":"publish","type":"product","link":"https:\/\/singuli.wpress.me\/index.php\/proizvod\/originalna-pavloviceva-mast-s-ectoinom-100-ml\/","title":{"rendered":"ORIGINALNA PAVLOVI\u0106EVA, mast, s ectoinom, 100\u00a0ml"},"content":{"rendered":"<p>Premium krema je posebno namijenjena suhoj i vrlo osjetljivoj ko\u017ei, kao \u0161to je kod beba i djece. Umiruje i \u0161titi o\u0161te\u0107enu i pocrvenjelu ko\u017eu u predjelu pelena.<\/p>\n<p>\u0160titi i kod izlaganja sun\u010devim zrakama, te ubrzava prirodni proces zarastanja.<\/p>\n<p>Namijenjena je prije svega za bebe, no mo\u017ee ju koristiti i cijela obitelj.<\/p>\n","protected":false},"excerpt":{"rendered":"<p>Posebno namijenjan suhoj i vrlo osjetljivoj ko\u017ei<br \/>\n\u0160titi od UV zra\u010denja<br \/>\nKori\u0161tenje vi\u0161e puta dnevno<\/p>\n","protected":false},"featured_media":38807,"template":"","meta":{"_seopress_robots_primary_cat":"","_seopress_titles_title":"","_seopress_titles_desc":"","_seopress_robots_index":"","iawp_total_views":0},"product_brand":[831],"product_cat":[268,278],"product_tag":[],"class_list":{"0":"post-38806","1":"product","2":"type-product","3":"status-publish","4":"has-post-thumbnail","6":"product_brand-originalna-pavloviceva","7":"product_cat-kozmetika-2","8":"product_cat-njega-tijela-268","10":"first","11":"instock","12":"shipping-taxable","13":"purchasable","14":"product-type-simple"},"_links":{"self":[{"href":"https:\/\/singuli.wpress.me\/index.php\/wp-json\/wp\/v2\/product\/38806","targetHints":{"allow":["GET"]}}],"collection":[{"href":"https:\/\/singuli.wpress.me\/index.php\/wp-json\/wp\/v2\/product"}],"about":[{"href":"https:\/\/singuli.wpress.me\/index.php\/wp-json\/wp\/v2\/types\/product"}],"version-history":[{"count":0,"href":"https:\/\/singuli.wpress.me\/index.php\/wp-json\/wp\/v2\/product\/38806\/revisions"}],"wp:featuredmedia":[{"embeddable":true,"href":"https:\/\/singuli.wpress.me\/index.php\/wp-json\/wp\/v2\/media\/38807"}],"wp:attachment":[{"href":"https:\/\/singuli.wpress.me\/index.php\/wp-json\/wp\/v2\/media?parent=38806"}],"wp:term":[{"taxonomy":"product_brand","embeddable":true,"href":"https:\/\/singuli.wpress.me\/index.php\/wp-json\/wp\/v2\/product_brand?post=38806"},{"taxonomy":"product_cat","embeddable":true,"href":"https:\/\/singuli.wpress.me\/index.php\/wp-json\/wp\/v2\/product_cat?post=38806"},{"taxonomy":"product_tag","embeddable":true,"href":"https:\/\/singuli.wpress.me\/index.php\/wp-json\/wp\/v2\/product_tag?post=38806"}],"curies":[{"name":"wp","href":"https:\/\/api.w.org\/{rel}","templated":true}]}}