{"id":38810,"date":"2026-04-18T18:12:30","date_gmt":"2026-04-18T18:12:30","guid":{"rendered":"https:\/\/singuli.wpress.me\/index.php\/proizvod\/spirax-s6-axme-75w140-mjenjacko-ulje-209-l\/"},"modified":"2026-04-20T12:33:26","modified_gmt":"2026-04-20T12:33:26","slug":"spirax-s6-axme-75w140-mjenjacko-ulje-209-l","status":"publish","type":"product","link":"https:\/\/singuli.wpress.me\/index.php\/proizvod\/spirax-s6-axme-75w140-mjenjacko-ulje-209-l\/","title":{"rendered":"SPIRAX S6 AXME 75W140, mjenja\u010dko ulje, 209\u00a0l"},"content":{"rendered":"<p>Jedinstveno i u\u010dinkovito dugotrajno mjenja\u010dko ulje dizajnirano za najbolju za\u0161titu ru\u010dnih mjenja\u010da i diferencijala najnovije proizvodnje. Specijalno proizvedeno od sinteti\u010dkih baznih ulja i jedinstvene tehnologije aditiva pru\u017ea unaprije\u0111eno podmazivanje prijenosnog sustava, smanjuje radne temperature i produljuje radni vijek opreme. To je ulje s produljenim intervalom izmjene te je odobreno od strane nekoliko proizvo\u0111a\u010da originalne opreme za specifikacije produljenje izmjene ulja.<\/p>\n<p>Specifikacija: API GL-5, MT-1; MAN 342 Typ S1, 341 Typ GA-2; Scania STO 2:0G, Scania STO 2:0 A FS; ZF 05B, 07A, 12B, 16F, 17B, 19C, 21B; US Military MIL-PRF-2105E; VOLVO 97312; SAE J2360; Meritor 076N; DAF; Mack GO-J Plus; Iveco 18-1805 produ\u017eeni interval izmjene<\/p>\n","protected":false},"excerpt":{"rendered":"<p>Unaprije\u0111eno podmazivanje prijenosnog sustava<br \/>\nProduljuje interval izmjene ulja<br \/>\nMjenja\u010dko ulje namijenjeno za ru\u010dne mjenja\u010de i diferencijale<\/p>\n","protected":false},"featured_media":38811,"template":"","meta":{"_seopress_robots_primary_cat":"","_seopress_titles_title":"","_seopress_titles_desc":"","_seopress_robots_index":"","iawp_total_views":0},"product_brand":[371],"product_cat":[243,276],"product_tag":[],"class_list":{"0":"post-38810","1":"product","2":"type-product","3":"status-publish","4":"has-post-thumbnail","6":"product_brand-spirax","7":"product_cat-automobili-i-motori","8":"product_cat-industrijska-i-specijalna-ulja-243","10":"first","11":"outofstock","12":"shipping-taxable","13":"purchasable","14":"product-type-simple"},"_links":{"self":[{"href":"https:\/\/singuli.wpress.me\/index.php\/wp-json\/wp\/v2\/product\/38810","targetHints":{"allow":["GET"]}}],"collection":[{"href":"https:\/\/singuli.wpress.me\/index.php\/wp-json\/wp\/v2\/product"}],"about":[{"href":"https:\/\/singuli.wpress.me\/index.php\/wp-json\/wp\/v2\/types\/product"}],"version-history":[{"count":0,"href":"https:\/\/singuli.wpress.me\/index.php\/wp-json\/wp\/v2\/product\/38810\/revisions"}],"wp:featuredmedia":[{"embeddable":true,"href":"https:\/\/singuli.wpress.me\/index.php\/wp-json\/wp\/v2\/media\/38811"}],"wp:attachment":[{"href":"https:\/\/singuli.wpress.me\/index.php\/wp-json\/wp\/v2\/media?parent=38810"}],"wp:term":[{"taxonomy":"product_brand","embeddable":true,"href":"https:\/\/singuli.wpress.me\/index.php\/wp-json\/wp\/v2\/product_brand?post=38810"},{"taxonomy":"product_cat","embeddable":true,"href":"https:\/\/singuli.wpress.me\/index.php\/wp-json\/wp\/v2\/product_cat?post=38810"},{"taxonomy":"product_tag","embeddable":true,"href":"https:\/\/singuli.wpress.me\/index.php\/wp-json\/wp\/v2\/product_tag?post=38810"}],"curies":[{"name":"wp","href":"https:\/\/api.w.org\/{rel}","templated":true}]}}