{"id":38812,"date":"2026-04-18T18:12:31","date_gmt":"2026-04-18T18:12:31","guid":{"rendered":"https:\/\/singuli.wpress.me\/index.php\/proizvod\/old-spice-rock-gel-za-tusiranje-i-sampon-400-ml\/"},"modified":"2026-04-20T12:33:26","modified_gmt":"2026-04-20T12:33:26","slug":"old-spice-rock-gel-za-tusiranje-i-sampon-400-ml","status":"publish","type":"product","link":"https:\/\/singuli.wpress.me\/index.php\/proizvod\/old-spice-rock-gel-za-tusiranje-i-sampon-400-ml\/","title":{"rendered":"OLD SPICE Rock, gel za tu\u0161iranje i \u0161ampon, 400\u00a0ml"},"content":{"rendered":"<p>Nadahnu\u0107e za ovu kolekciju potra\u017eili smo na najsvje\u017eijem mjestu na svijetu. Oti\u0161li smo do vulkana: tamo gdje nastaju stijene. Osje\u0107at \u0107e\u0161 se poput stijene jer se pere\u0161 stijenama i oduvijek si bio sna\u017ean. Stijena miri\u0161e na svje\u017einu \u017eivog planeta uz note citrusa i jantara. <\/p>\n<p>Gel za tu\u0161iranje Old Spice \u010disti tvoju ko\u017eu tako da iz tu\u0161a izlazi\u0161 kao novi mu\u0161karac. Stoga donesi u svoj dom miris svojih pustolovina ili zamiri\u0161i poput pustolovina koje jo\u0161 nisi pro\u017eivio. Mi te ne\u0107emo osu\u0111ivati niti ti zamjerati. Samo budi svoj.<\/p>\n","protected":false},"excerpt":{"rendered":"<p>2u1: gel za tu\u0161iranje i \u0161ampon<br \/>\nNote citrusa i jantara<br \/>\nUklanja prljav\u0161tinu i neugodne mirise<\/p>\n","protected":false},"featured_media":38813,"template":"","meta":{"_seopress_robots_primary_cat":"","_seopress_titles_title":"","_seopress_titles_desc":"","_seopress_robots_index":"","iawp_total_views":0},"product_brand":[448],"product_cat":[268,278],"product_tag":[],"class_list":{"0":"post-38812","1":"product","2":"type-product","3":"status-publish","4":"has-post-thumbnail","6":"product_brand-old-spice","7":"product_cat-kozmetika-2","8":"product_cat-njega-tijela-268","10":"first","11":"outofstock","12":"shipping-taxable","13":"purchasable","14":"product-type-simple"},"_links":{"self":[{"href":"https:\/\/singuli.wpress.me\/index.php\/wp-json\/wp\/v2\/product\/38812","targetHints":{"allow":["GET"]}}],"collection":[{"href":"https:\/\/singuli.wpress.me\/index.php\/wp-json\/wp\/v2\/product"}],"about":[{"href":"https:\/\/singuli.wpress.me\/index.php\/wp-json\/wp\/v2\/types\/product"}],"version-history":[{"count":0,"href":"https:\/\/singuli.wpress.me\/index.php\/wp-json\/wp\/v2\/product\/38812\/revisions"}],"wp:featuredmedia":[{"embeddable":true,"href":"https:\/\/singuli.wpress.me\/index.php\/wp-json\/wp\/v2\/media\/38813"}],"wp:attachment":[{"href":"https:\/\/singuli.wpress.me\/index.php\/wp-json\/wp\/v2\/media?parent=38812"}],"wp:term":[{"taxonomy":"product_brand","embeddable":true,"href":"https:\/\/singuli.wpress.me\/index.php\/wp-json\/wp\/v2\/product_brand?post=38812"},{"taxonomy":"product_cat","embeddable":true,"href":"https:\/\/singuli.wpress.me\/index.php\/wp-json\/wp\/v2\/product_cat?post=38812"},{"taxonomy":"product_tag","embeddable":true,"href":"https:\/\/singuli.wpress.me\/index.php\/wp-json\/wp\/v2\/product_tag?post=38812"}],"curies":[{"name":"wp","href":"https:\/\/api.w.org\/{rel}","templated":true}]}}