{"id":38833,"date":"2026-04-18T18:12:38","date_gmt":"2026-04-18T18:12:38","guid":{"rendered":"https:\/\/singuli.wpress.me\/index.php\/proizvod\/helix-hx8-ect-c3-5w40-motorno-ulje-za-osobna-vozila-12x1l-12-l\/"},"modified":"2026-04-20T12:33:26","modified_gmt":"2026-04-20T12:33:26","slug":"helix-hx8-ect-c3-5w40-motorno-ulje-za-osobna-vozila-12x1l-12-l","status":"publish","type":"product","link":"https:\/\/singuli.wpress.me\/index.php\/proizvod\/helix-hx8-ect-c3-5w40-motorno-ulje-za-osobna-vozila-12x1l-12-l\/","title":{"rendered":"HELIX HX8 ECT C3 5W40, motorno ulje za osobna vozila, 12x1l, 12\u00a0l"},"content":{"rendered":"<p>Potpuno sinteti\u010dko motorno ulje formulirano na naprednoj Shell Emissions Compatible tehnologiji koja osigurava odli\u010dne performanse, \u010disto\u0107u filtera krutih \u010destica (DPF) kao i performanse motora. <\/p>\n<p>Smanjeno trenje osigurava u\u0161tedu u potro\u0161nji goriva.<\/p>\n<p><span style=\"font-weight: bold\">Specifikacija: <\/span>API SP, ACEA A3\/B4, MB odobrenje 229.3, VW standard 502.00, 505.00, Renault RN 0710, Fiat 9.55535-M2, Renault RN 0700.<\/p>\n","protected":false},"excerpt":{"rendered":"<p>Odr\u017eava \u010disto\u0107u filtera krutih \u010destica<br \/>\nSmanjuje trenje<br \/>\nSpecifikacija u opisu<\/p>\n","protected":false},"featured_media":38834,"template":"","meta":{"_seopress_robots_primary_cat":"","_seopress_titles_title":"","_seopress_titles_desc":"","_seopress_robots_index":"","iawp_total_views":0},"product_brand":[398],"product_cat":[243,272],"product_tag":[],"class_list":{"0":"post-38833","1":"product","2":"type-product","3":"status-publish","4":"has-post-thumbnail","6":"product_brand-helix","7":"product_cat-automobili-i-motori","8":"product_cat-motorna-ulja-243","10":"first","11":"instock","12":"shipping-taxable","13":"purchasable","14":"product-type-simple"},"_links":{"self":[{"href":"https:\/\/singuli.wpress.me\/index.php\/wp-json\/wp\/v2\/product\/38833","targetHints":{"allow":["GET"]}}],"collection":[{"href":"https:\/\/singuli.wpress.me\/index.php\/wp-json\/wp\/v2\/product"}],"about":[{"href":"https:\/\/singuli.wpress.me\/index.php\/wp-json\/wp\/v2\/types\/product"}],"version-history":[{"count":0,"href":"https:\/\/singuli.wpress.me\/index.php\/wp-json\/wp\/v2\/product\/38833\/revisions"}],"wp:featuredmedia":[{"embeddable":true,"href":"https:\/\/singuli.wpress.me\/index.php\/wp-json\/wp\/v2\/media\/38834"}],"wp:attachment":[{"href":"https:\/\/singuli.wpress.me\/index.php\/wp-json\/wp\/v2\/media?parent=38833"}],"wp:term":[{"taxonomy":"product_brand","embeddable":true,"href":"https:\/\/singuli.wpress.me\/index.php\/wp-json\/wp\/v2\/product_brand?post=38833"},{"taxonomy":"product_cat","embeddable":true,"href":"https:\/\/singuli.wpress.me\/index.php\/wp-json\/wp\/v2\/product_cat?post=38833"},{"taxonomy":"product_tag","embeddable":true,"href":"https:\/\/singuli.wpress.me\/index.php\/wp-json\/wp\/v2\/product_tag?post=38833"}],"curies":[{"name":"wp","href":"https:\/\/api.w.org\/{rel}","templated":true}]}}