{"id":38848,"date":"2026-04-18T18:12:42","date_gmt":"2026-04-18T18:12:42","guid":{"rendered":"https:\/\/singuli.wpress.me\/index.php\/proizvod\/paclan-vrece-za-smece-bigstrong-160-l\/"},"modified":"2026-04-21T00:26:58","modified_gmt":"2026-04-21T00:26:58","slug":"paclan-vrece-za-smece-bigstrong-160-l","status":"publish","type":"product","link":"https:\/\/singuli.wpress.me\/index.php\/proizvod\/paclan-vrece-za-smece-bigstrong-160-l\/","title":{"rendered":"PACLAN, vre\u0107e za sme\u0107e, Big&amp;Strong, 160\u00a0l"},"content":{"rendered":"<p>Vre\u0107e za sme\u0107e veli\u010dine 160 litara &#8211; ekstra jake. One vam trebaju nakon obnove, ili jo\u0161 gore, &quot;opakog&quot; tuluma. Posvuda ima sme\u0107a, i morate ga se rije\u0161iti u tren oka? Nema problema. Big &amp; Strong vre\u0107e za sme\u0107e su nevjerojatno \u010dvrste i dostupne u razli\u010ditim bojama i veli\u010dinama. Rije\u0161ite nered jednom i zauvijek &#8230; barem dok se ne odlu\u010dite na novi tulum ili preure\u0111enje svog stana. U pakiranju se nalazi 10 vre\u0107a za sme\u0107e.<\/p>\n","protected":false},"excerpt":{"rendered":"<p>Veli\u010dina 160 litara<br \/>\nPakiranje od 10 komada<br \/>\nEkstra jake<\/p>\n","protected":false},"featured_media":38849,"template":"","meta":{"_seopress_robots_primary_cat":"","_seopress_titles_title":"","_seopress_titles_desc":"","_seopress_robots_index":"","iawp_total_views":0},"product_brand":[474],"product_cat":[274,238],"product_tag":[],"class_list":{"0":"post-38848","1":"product","2":"type-product","3":"status-publish","4":"has-post-thumbnail","6":"product_brand-paclan","7":"product_cat-kucanski-pribor-238","8":"product_cat-sve-za-dom","10":"first","11":"instock","12":"shipping-taxable","13":"purchasable","14":"product-type-simple"},"_links":{"self":[{"href":"https:\/\/singuli.wpress.me\/index.php\/wp-json\/wp\/v2\/product\/38848","targetHints":{"allow":["GET"]}}],"collection":[{"href":"https:\/\/singuli.wpress.me\/index.php\/wp-json\/wp\/v2\/product"}],"about":[{"href":"https:\/\/singuli.wpress.me\/index.php\/wp-json\/wp\/v2\/types\/product"}],"version-history":[{"count":0,"href":"https:\/\/singuli.wpress.me\/index.php\/wp-json\/wp\/v2\/product\/38848\/revisions"}],"wp:featuredmedia":[{"embeddable":true,"href":"https:\/\/singuli.wpress.me\/index.php\/wp-json\/wp\/v2\/media\/38849"}],"wp:attachment":[{"href":"https:\/\/singuli.wpress.me\/index.php\/wp-json\/wp\/v2\/media?parent=38848"}],"wp:term":[{"taxonomy":"product_brand","embeddable":true,"href":"https:\/\/singuli.wpress.me\/index.php\/wp-json\/wp\/v2\/product_brand?post=38848"},{"taxonomy":"product_cat","embeddable":true,"href":"https:\/\/singuli.wpress.me\/index.php\/wp-json\/wp\/v2\/product_cat?post=38848"},{"taxonomy":"product_tag","embeddable":true,"href":"https:\/\/singuli.wpress.me\/index.php\/wp-json\/wp\/v2\/product_tag?post=38848"}],"curies":[{"name":"wp","href":"https:\/\/api.w.org\/{rel}","templated":true}]}}