{"id":38850,"date":"2026-04-18T18:12:43","date_gmt":"2026-04-18T18:12:43","guid":{"rendered":"https:\/\/singuli.wpress.me\/index.php\/proizvod\/fishermans-friend-bomboni-spearmint-25-g\/"},"modified":"2026-04-20T12:33:26","modified_gmt":"2026-04-20T12:33:26","slug":"fishermans-friend-bomboni-spearmint-25-g","status":"publish","type":"product","link":"https:\/\/singuli.wpress.me\/index.php\/proizvod\/fishermans-friend-bomboni-spearmint-25-g\/","title":{"rendered":"FISHERMAN&#8217;S FRIEND, bomboni, Spearmint, 25\u00a0g"},"content":{"rendered":"<p>Fisherman&#8217; s Friend Spearmint bomboni imaju ukusan, intenzivan okus metvice koji nije tako sna\u017ean, ali je iznimno osvje\u017eavaju\u0107i. <\/p>\n<p>Osvje\u017eavaju dah i blagotvorno djeluju na grlo i glasnice. <\/p>\n<p>Prakti\u010dno pakiranje stane u svaki d\u017eep i svaku torbu.<\/p>\n<p>Svako pakiranje od 25g sadr\u017ei pribli\u017eno 20 bombona.<\/p>\n","protected":false},"excerpt":{"rendered":"<p>Bez \u0161e\u0107era<br \/>\nOsvje\u017eavaju\u0107i okus<br \/>\nPogodan za vegane i vegetarijance<\/p>\n","protected":false},"featured_media":38851,"template":"","meta":{"_seopress_robots_primary_cat":"","_seopress_titles_title":"","_seopress_titles_desc":"","_seopress_robots_index":"","iawp_total_views":0},"product_brand":[807],"product_cat":[261,277],"product_tag":[],"class_list":{"0":"post-38850","1":"product","2":"type-product","3":"status-publish","4":"has-post-thumbnail","6":"product_brand-fishermans-friend","7":"product_cat-hrana-i-pice","8":"product_cat-slatkisi-i-grickalice-261","10":"first","11":"outofstock","12":"shipping-taxable","13":"purchasable","14":"product-type-simple"},"_links":{"self":[{"href":"https:\/\/singuli.wpress.me\/index.php\/wp-json\/wp\/v2\/product\/38850","targetHints":{"allow":["GET"]}}],"collection":[{"href":"https:\/\/singuli.wpress.me\/index.php\/wp-json\/wp\/v2\/product"}],"about":[{"href":"https:\/\/singuli.wpress.me\/index.php\/wp-json\/wp\/v2\/types\/product"}],"version-history":[{"count":0,"href":"https:\/\/singuli.wpress.me\/index.php\/wp-json\/wp\/v2\/product\/38850\/revisions"}],"wp:featuredmedia":[{"embeddable":true,"href":"https:\/\/singuli.wpress.me\/index.php\/wp-json\/wp\/v2\/media\/38851"}],"wp:attachment":[{"href":"https:\/\/singuli.wpress.me\/index.php\/wp-json\/wp\/v2\/media?parent=38850"}],"wp:term":[{"taxonomy":"product_brand","embeddable":true,"href":"https:\/\/singuli.wpress.me\/index.php\/wp-json\/wp\/v2\/product_brand?post=38850"},{"taxonomy":"product_cat","embeddable":true,"href":"https:\/\/singuli.wpress.me\/index.php\/wp-json\/wp\/v2\/product_cat?post=38850"},{"taxonomy":"product_tag","embeddable":true,"href":"https:\/\/singuli.wpress.me\/index.php\/wp-json\/wp\/v2\/product_tag?post=38850"}],"curies":[{"name":"wp","href":"https:\/\/api.w.org\/{rel}","templated":true}]}}