{"id":38854,"date":"2026-04-18T18:12:43","date_gmt":"2026-04-18T18:12:43","guid":{"rendered":"https:\/\/singuli.wpress.me\/index.php\/proizvod\/neutro-roberts-manneti-delicate-powder-fresh-dezodorans-u-spreju-150-ml\/"},"modified":"2026-04-20T12:33:26","modified_gmt":"2026-04-20T12:33:26","slug":"neutro-roberts-manneti-delicate-powder-fresh-dezodorans-u-spreju-150-ml","status":"publish","type":"product","link":"https:\/\/singuli.wpress.me\/index.php\/proizvod\/neutro-roberts-manneti-delicate-powder-fresh-dezodorans-u-spreju-150-ml\/","title":{"rendered":"NEUTRO ROBERTS Manneti Delicate Powder Fresh, dezodorans u spreju, 150\u00a0ml"},"content":{"rendered":"<p>Neutro Roberts deo sprej Powder Fresh je u\u010dinkovito rje\u0161enje za osvje\u017eavaju\u0107u njegu ko\u017ee, za\u0161titu od znojenja i neugodnih mirisa. <\/p>\n<p>Pru\u017ea va\u0161em tijelu 48 sati aktivne za\u0161tite od znojenja i neugodnih mirisa. <\/p>\n<p>Ne sadr\u017ei alkohol i pogodan je za kori\u0161tenje na razli\u010ditim tipovima ko\u017ee.<\/p>\n","protected":false},"excerpt":{"rendered":"<p>Osigurava 48 sati svje\u017eine i blage njege<br \/>\nFormula oboga\u0107ena vitaminom E<br \/>\nPrikladan za kori\u0161tenje na osjetljivoj ko\u017ei<\/p>\n","protected":false},"featured_media":38855,"template":"","meta":{"_seopress_robots_primary_cat":"","_seopress_titles_title":"","_seopress_titles_desc":"","_seopress_robots_index":"","iawp_total_views":0},"product_brand":[412],"product_cat":[285,268],"product_tag":[],"class_list":{"0":"post-38854","1":"product","2":"type-product","3":"status-publish","4":"has-post-thumbnail","6":"product_brand-neutro-roberts","7":"product_cat-dezodoransi-268","8":"product_cat-kozmetika-2","10":"first","11":"instock","12":"shipping-taxable","13":"purchasable","14":"product-type-simple"},"_links":{"self":[{"href":"https:\/\/singuli.wpress.me\/index.php\/wp-json\/wp\/v2\/product\/38854","targetHints":{"allow":["GET"]}}],"collection":[{"href":"https:\/\/singuli.wpress.me\/index.php\/wp-json\/wp\/v2\/product"}],"about":[{"href":"https:\/\/singuli.wpress.me\/index.php\/wp-json\/wp\/v2\/types\/product"}],"version-history":[{"count":0,"href":"https:\/\/singuli.wpress.me\/index.php\/wp-json\/wp\/v2\/product\/38854\/revisions"}],"wp:featuredmedia":[{"embeddable":true,"href":"https:\/\/singuli.wpress.me\/index.php\/wp-json\/wp\/v2\/media\/38855"}],"wp:attachment":[{"href":"https:\/\/singuli.wpress.me\/index.php\/wp-json\/wp\/v2\/media?parent=38854"}],"wp:term":[{"taxonomy":"product_brand","embeddable":true,"href":"https:\/\/singuli.wpress.me\/index.php\/wp-json\/wp\/v2\/product_brand?post=38854"},{"taxonomy":"product_cat","embeddable":true,"href":"https:\/\/singuli.wpress.me\/index.php\/wp-json\/wp\/v2\/product_cat?post=38854"},{"taxonomy":"product_tag","embeddable":true,"href":"https:\/\/singuli.wpress.me\/index.php\/wp-json\/wp\/v2\/product_tag?post=38854"}],"curies":[{"name":"wp","href":"https:\/\/api.w.org\/{rel}","templated":true}]}}