{"id":38856,"date":"2026-04-18T18:12:44","date_gmt":"2026-04-18T18:12:44","guid":{"rendered":"https:\/\/singuli.wpress.me\/index.php\/proizvod\/mr-proper-ultra-power-univerzalno-sredstvo-za-ciscenje-10x750ml\/"},"modified":"2026-04-20T12:33:26","modified_gmt":"2026-04-20T12:33:26","slug":"mr-proper-ultra-power-univerzalno-sredstvo-za-ciscenje-10x750ml","status":"publish","type":"product","link":"https:\/\/singuli.wpress.me\/index.php\/proizvod\/mr-proper-ultra-power-univerzalno-sredstvo-za-ciscenje-10x750ml\/","title":{"rendered":"MR. PROPER Ultra Power, univerzalno sredstvo za \u010di\u0161\u0107enje, 10x750ml"},"content":{"rendered":"<p>Sa svojom uravnote\u017eenom formulom, Mr Proper Ultra Power sprej sadr\u017ei klor i savr\u0161en je za dezinfekciju va\u0161eg doma! <\/p>\n<p>Mo\u017ee se koristiti za \u010di\u0161\u0107enje prljavih povr\u0161ina u ku\u0107i (testirano na naj\u010de\u0161\u0107im povr\u0161inama i vrstama prljav\u0161tine, osigurava potpuno uklanjanje). <\/p>\n<p>Savr\u0161en je za te\u0161ke i masne mrlje na nehr\u0111aju\u0107em \u010deliku, kerami\u010dkim ili staklenim plo\u010dama za kuhanje, za \u010di\u0161\u0107enje mrlja od kuhinjskog sudopera i brisanje radnih povr\u0161ina \u2013 posebno suvremenih materijala kao \u0161to su corian, kamen i nehr\u0111aju\u0107i \u010delik. <\/p>\n<p>U kupaonici brzo uklanja prljav\u0161tinu, mrlje i naslage s kada, umivaonika, slavina, plo\u010dica i stakla. <\/p>\n<p>Pogledajte pakiranje za potpune upute za uporabu. Za povr\u0161ine koje dolaze u izravan kontakt s hranom potrebno je ispiranje.<\/p>\n","protected":false},"excerpt":{"rendered":"<p>Dezinfekcija doma<br \/>\nUklanja te\u0161ke i masne mrlje<br \/>\nTemeljita \u010disto\u0107a<\/p>\n","protected":false},"featured_media":38857,"template":"","meta":{"_seopress_robots_primary_cat":"","_seopress_titles_title":"","_seopress_titles_desc":"","_seopress_robots_index":"","iawp_total_views":0},"product_brand":[521],"product_cat":[284,238],"product_tag":[],"class_list":{"0":"post-38856","1":"product","2":"type-product","3":"status-publish","4":"has-post-thumbnail","6":"product_brand-mr-proper","7":"product_cat-sredstva-za-ciscenje-238","8":"product_cat-sve-za-dom","10":"first","11":"outofstock","12":"shipping-taxable","13":"purchasable","14":"product-type-simple"},"_links":{"self":[{"href":"https:\/\/singuli.wpress.me\/index.php\/wp-json\/wp\/v2\/product\/38856","targetHints":{"allow":["GET"]}}],"collection":[{"href":"https:\/\/singuli.wpress.me\/index.php\/wp-json\/wp\/v2\/product"}],"about":[{"href":"https:\/\/singuli.wpress.me\/index.php\/wp-json\/wp\/v2\/types\/product"}],"version-history":[{"count":0,"href":"https:\/\/singuli.wpress.me\/index.php\/wp-json\/wp\/v2\/product\/38856\/revisions"}],"wp:featuredmedia":[{"embeddable":true,"href":"https:\/\/singuli.wpress.me\/index.php\/wp-json\/wp\/v2\/media\/38857"}],"wp:attachment":[{"href":"https:\/\/singuli.wpress.me\/index.php\/wp-json\/wp\/v2\/media?parent=38856"}],"wp:term":[{"taxonomy":"product_brand","embeddable":true,"href":"https:\/\/singuli.wpress.me\/index.php\/wp-json\/wp\/v2\/product_brand?post=38856"},{"taxonomy":"product_cat","embeddable":true,"href":"https:\/\/singuli.wpress.me\/index.php\/wp-json\/wp\/v2\/product_cat?post=38856"},{"taxonomy":"product_tag","embeddable":true,"href":"https:\/\/singuli.wpress.me\/index.php\/wp-json\/wp\/v2\/product_tag?post=38856"}],"curies":[{"name":"wp","href":"https:\/\/api.w.org\/{rel}","templated":true}]}}