{"id":38858,"date":"2026-04-18T18:12:45","date_gmt":"2026-04-18T18:12:45","guid":{"rendered":"https:\/\/singuli.wpress.me\/index.php\/proizvod\/make-it-real-party-studio-glitter-nokti\/"},"modified":"2026-04-20T12:33:26","modified_gmt":"2026-04-20T12:33:26","slug":"make-it-real-party-studio-glitter-nokti","status":"publish","type":"product","link":"https:\/\/singuli.wpress.me\/index.php\/proizvod\/make-it-real-party-studio-glitter-nokti\/","title":{"rendered":"MAKE IT REAL Party studio, glitter nokti"},"content":{"rendered":"<p>Zavrti \u0161ljokice i nokti su tu \u2013 sjajni u sekundi! \u0160ljokice za 500 noktiju. Neka svaki nokat bude spreman za party! Uz ovaj set, bez ikakvog nereda mo\u017ee\u0161 za\u0161ljoki\u010dati svoje nokte &#8211; jedan ili svih 10! <\/p>\n<p>Svaka boja dolazi u zasebnoj kapsuli i mo\u017ee\u0161 ih mijenjati po volji bez ikakve gnjava\u017ee! Party te \u010deka &#8211; nokti spremni! <\/p>\n<p>Dob: 8+ <\/p>\n","protected":false},"excerpt":{"rendered":"<p>\u0160ljokice za 500 noktiju<br \/>\nSvaka boja dolazi u zasebnoj kapsuli<br \/>\nDob: 8+<\/p>\n","protected":false},"featured_media":38859,"template":"","meta":{"_seopress_robots_primary_cat":"","_seopress_titles_title":"","_seopress_titles_desc":"","_seopress_robots_index":"","iawp_total_views":0},"product_brand":[441],"product_cat":[274,238],"product_tag":[],"class_list":{"0":"post-38858","1":"product","2":"type-product","3":"status-publish","4":"has-post-thumbnail","6":"product_brand-make-it-real","7":"product_cat-kucanski-pribor-238","8":"product_cat-sve-za-dom","10":"first","11":"outofstock","12":"shipping-taxable","13":"purchasable","14":"product-type-simple"},"_links":{"self":[{"href":"https:\/\/singuli.wpress.me\/index.php\/wp-json\/wp\/v2\/product\/38858","targetHints":{"allow":["GET"]}}],"collection":[{"href":"https:\/\/singuli.wpress.me\/index.php\/wp-json\/wp\/v2\/product"}],"about":[{"href":"https:\/\/singuli.wpress.me\/index.php\/wp-json\/wp\/v2\/types\/product"}],"version-history":[{"count":0,"href":"https:\/\/singuli.wpress.me\/index.php\/wp-json\/wp\/v2\/product\/38858\/revisions"}],"wp:featuredmedia":[{"embeddable":true,"href":"https:\/\/singuli.wpress.me\/index.php\/wp-json\/wp\/v2\/media\/38859"}],"wp:attachment":[{"href":"https:\/\/singuli.wpress.me\/index.php\/wp-json\/wp\/v2\/media?parent=38858"}],"wp:term":[{"taxonomy":"product_brand","embeddable":true,"href":"https:\/\/singuli.wpress.me\/index.php\/wp-json\/wp\/v2\/product_brand?post=38858"},{"taxonomy":"product_cat","embeddable":true,"href":"https:\/\/singuli.wpress.me\/index.php\/wp-json\/wp\/v2\/product_cat?post=38858"},{"taxonomy":"product_tag","embeddable":true,"href":"https:\/\/singuli.wpress.me\/index.php\/wp-json\/wp\/v2\/product_tag?post=38858"}],"curies":[{"name":"wp","href":"https:\/\/api.w.org\/{rel}","templated":true}]}}