{"id":38866,"date":"2026-04-18T18:12:48","date_gmt":"2026-04-18T18:12:48","guid":{"rendered":"https:\/\/singuli.wpress.me\/index.php\/proizvod\/glade-automatski-osvjezivac-zraka-jabuka-i-sandalovina-18-ml\/"},"modified":"2026-04-20T12:33:26","modified_gmt":"2026-04-20T12:33:26","slug":"glade-automatski-osvjezivac-zraka-jabuka-i-sandalovina-18-ml","status":"publish","type":"product","link":"https:\/\/singuli.wpress.me\/index.php\/proizvod\/glade-automatski-osvjezivac-zraka-jabuka-i-sandalovina-18-ml\/","title":{"rendered":"GLADE, automatski osvje\u017eiva\u010d zraka, jabuka i sandalovina, 18\u00a0ml"},"content":{"rendered":"<p>Glade\u00ae Sense &amp; spray\u2122 raspr\u0161uje miris kada sjena padne na senzor.<\/p>\n<p>Nakon raspr\u0161ivanja senzor se automatski isklju\u010duje, a osvje\u017eiva\u010d ne raspr\u0161uje miris sljede\u0107ih 20 minuta.<\/p>\n<p>Pakiranje sadr\u017ei: 1 automatski osvje\u017eiva\u010d zraka, 2 aa baterije, 1 punjenje<\/p>\n<p>Zrak je topao, voda je hladna, cvije\u0107e je \u017eivopisno, a duh umiren u ovom spoju mirisne, so\u010dne jabuke, oro\u0161enog cvije\u0107a i umiruju\u0107e sandalovine. <\/p>\n<p>Upute za uporabu:<br \/>\n1. Otvorite Glade\u00ae Sense &amp; spray\u2122 aparati\u0107.<br \/>\n2. Uklonite za\u0161titnu foliju iza baterije.<br \/>\n3. Zatvorite Glade\u00ae Sense &amp; spray\u2122 aparati\u0107 i u\u017eivajte u mirisu.<br \/>\n4. Pritisnite gumb ukoliko \u017eelite dodatnu svje\u017einu.<\/p>\n","protected":false},"excerpt":{"rendered":"<p>Raspr\u0161uje miris kada sjena padne na senzor<br \/>\nPakiranje sadr\u017ei: 1 automatski osvje\u017eiva\u010d zraka, 2 aa baterije, 1 punjenje<br \/>\nOsvje\u017eava prostor<\/p>\n","protected":false},"featured_media":38867,"template":"","meta":{"_seopress_robots_primary_cat":"","_seopress_titles_title":"","_seopress_titles_desc":"","_seopress_robots_index":"","iawp_total_views":0},"product_brand":[405],"product_cat":[243,272],"product_tag":[],"class_list":{"0":"post-38866","1":"product","2":"type-product","3":"status-publish","4":"has-post-thumbnail","6":"product_brand-glade","7":"product_cat-automobili-i-motori","8":"product_cat-motorna-ulja-243","10":"first","11":"outofstock","12":"shipping-taxable","13":"purchasable","14":"product-type-simple"},"_links":{"self":[{"href":"https:\/\/singuli.wpress.me\/index.php\/wp-json\/wp\/v2\/product\/38866","targetHints":{"allow":["GET"]}}],"collection":[{"href":"https:\/\/singuli.wpress.me\/index.php\/wp-json\/wp\/v2\/product"}],"about":[{"href":"https:\/\/singuli.wpress.me\/index.php\/wp-json\/wp\/v2\/types\/product"}],"version-history":[{"count":0,"href":"https:\/\/singuli.wpress.me\/index.php\/wp-json\/wp\/v2\/product\/38866\/revisions"}],"wp:featuredmedia":[{"embeddable":true,"href":"https:\/\/singuli.wpress.me\/index.php\/wp-json\/wp\/v2\/media\/38867"}],"wp:attachment":[{"href":"https:\/\/singuli.wpress.me\/index.php\/wp-json\/wp\/v2\/media?parent=38866"}],"wp:term":[{"taxonomy":"product_brand","embeddable":true,"href":"https:\/\/singuli.wpress.me\/index.php\/wp-json\/wp\/v2\/product_brand?post=38866"},{"taxonomy":"product_cat","embeddable":true,"href":"https:\/\/singuli.wpress.me\/index.php\/wp-json\/wp\/v2\/product_cat?post=38866"},{"taxonomy":"product_tag","embeddable":true,"href":"https:\/\/singuli.wpress.me\/index.php\/wp-json\/wp\/v2\/product_tag?post=38866"}],"curies":[{"name":"wp","href":"https:\/\/api.w.org\/{rel}","templated":true}]}}