{"id":38868,"date":"2026-04-18T18:12:49","date_gmt":"2026-04-18T18:12:49","guid":{"rendered":"https:\/\/singuli.wpress.me\/index.php\/proizvod\/gadus-s2-v100-3-visenamjenska-mast-18-kg\/"},"modified":"2026-04-20T12:33:26","modified_gmt":"2026-04-20T12:33:26","slug":"gadus-s2-v100-3-visenamjenska-mast-18-kg","status":"publish","type":"product","link":"https:\/\/singuli.wpress.me\/index.php\/proizvod\/gadus-s2-v100-3-visenamjenska-mast-18-kg\/","title":{"rendered":"GADUS S2 V100 3, vi\u0161enamjenska mast, 18\u00a0kg"},"content":{"rendered":"<p>Vi\u0161enamjenska mast visokih performansi koja se isti\u010de iznimnim svojstvima pri visokim temperaturama, odlikuje je dobra oksidacijska i mehani\u010dka stabilnost u uvjetima vibracija \u010dak i pri konstantnim \u0161ok optere\u0107enjima. Pru\u017ea u\u010dinkovitu za\u0161titu pri te\u0161kim uvjetima rada te ne stari niti mijenja konzistenciju pri durim periodima skladi\u0161tenja. Glavne primjene su za kotrljaju\u0107e ili klizne le\u017eajeve koji zahtijevaju podmazivanje mastima, za le\u017eajeve elektromotora, jednokratno podmazane le\u017eajeve, le\u017eajeve pumpi vode. <\/p>\n","protected":false},"excerpt":{"rendered":"<p>Vi\u0161enamjenska mast<br \/>\nDobra oksidacijska i mehani\u010dka stabilnost u uvjetima vibracija<br \/>\nPru\u017ea za\u0161titu u te\u0161kim uvjetima<\/p>\n","protected":false},"featured_media":38869,"template":"","meta":{"_seopress_robots_primary_cat":"","_seopress_titles_title":"","_seopress_titles_desc":"","_seopress_robots_index":"","iawp_total_views":0},"product_brand":[413],"product_cat":[268,278],"product_tag":[],"class_list":{"0":"post-38868","1":"product","2":"type-product","3":"status-publish","4":"has-post-thumbnail","6":"product_brand-gadus","7":"product_cat-kozmetika-2","8":"product_cat-njega-tijela-268","10":"first","11":"instock","12":"shipping-taxable","13":"purchasable","14":"product-type-simple"},"_links":{"self":[{"href":"https:\/\/singuli.wpress.me\/index.php\/wp-json\/wp\/v2\/product\/38868","targetHints":{"allow":["GET"]}}],"collection":[{"href":"https:\/\/singuli.wpress.me\/index.php\/wp-json\/wp\/v2\/product"}],"about":[{"href":"https:\/\/singuli.wpress.me\/index.php\/wp-json\/wp\/v2\/types\/product"}],"version-history":[{"count":0,"href":"https:\/\/singuli.wpress.me\/index.php\/wp-json\/wp\/v2\/product\/38868\/revisions"}],"wp:featuredmedia":[{"embeddable":true,"href":"https:\/\/singuli.wpress.me\/index.php\/wp-json\/wp\/v2\/media\/38869"}],"wp:attachment":[{"href":"https:\/\/singuli.wpress.me\/index.php\/wp-json\/wp\/v2\/media?parent=38868"}],"wp:term":[{"taxonomy":"product_brand","embeddable":true,"href":"https:\/\/singuli.wpress.me\/index.php\/wp-json\/wp\/v2\/product_brand?post=38868"},{"taxonomy":"product_cat","embeddable":true,"href":"https:\/\/singuli.wpress.me\/index.php\/wp-json\/wp\/v2\/product_cat?post=38868"},{"taxonomy":"product_tag","embeddable":true,"href":"https:\/\/singuli.wpress.me\/index.php\/wp-json\/wp\/v2\/product_tag?post=38868"}],"curies":[{"name":"wp","href":"https:\/\/api.w.org\/{rel}","templated":true}]}}