{"id":38870,"date":"2026-04-18T18:12:49","date_gmt":"2026-04-18T18:12:49","guid":{"rendered":"https:\/\/singuli.wpress.me\/index.php\/proizvod\/smac-manitoba-express-sredstvo-za-odmascivanje-univerzalno-650-ml\/"},"modified":"2026-04-20T12:33:26","modified_gmt":"2026-04-20T12:33:26","slug":"smac-manitoba-express-sredstvo-za-odmascivanje-univerzalno-650-ml","status":"publish","type":"product","link":"https:\/\/singuli.wpress.me\/index.php\/proizvod\/smac-manitoba-express-sredstvo-za-odmascivanje-univerzalno-650-ml\/","title":{"rendered":"SMAC Manitoba Express , sredstvo za odma\u0161\u010divanje, univerzalno, 650\u00a0ml"},"content":{"rendered":"<p>Smac Express Univerzalni odma\u0161\u0107iva\u010d uklanja masno\u0107e i tvrdokornu prljav\u0161tinu s bilo koje povr\u0161ine.<\/p>\n<p>&#8211; Jednostavno se ispire jednim potezom krpe i ne ostavlja tragove.<br \/>\n&#8211; Izvrstan za tretiranje mrlja na tkaninama prije pranja.<\/p>\n","protected":false},"excerpt":{"rendered":"<p>Uklanja masno\u0107e<br \/>\nUklanja tvrdokornu prljav\u0161tinu<br \/>\nNe ostavlja tragove<\/p>\n","protected":false},"featured_media":38871,"template":"","meta":{"_seopress_robots_primary_cat":"","_seopress_titles_title":"","_seopress_titles_desc":"","_seopress_robots_index":"","iawp_total_views":0},"product_brand":[421],"product_cat":[284,238],"product_tag":[],"class_list":{"0":"post-38870","1":"product","2":"type-product","3":"status-publish","4":"has-post-thumbnail","6":"product_brand-smac","7":"product_cat-sredstva-za-ciscenje-238","8":"product_cat-sve-za-dom","10":"first","11":"outofstock","12":"shipping-taxable","13":"purchasable","14":"product-type-simple"},"_links":{"self":[{"href":"https:\/\/singuli.wpress.me\/index.php\/wp-json\/wp\/v2\/product\/38870","targetHints":{"allow":["GET"]}}],"collection":[{"href":"https:\/\/singuli.wpress.me\/index.php\/wp-json\/wp\/v2\/product"}],"about":[{"href":"https:\/\/singuli.wpress.me\/index.php\/wp-json\/wp\/v2\/types\/product"}],"version-history":[{"count":0,"href":"https:\/\/singuli.wpress.me\/index.php\/wp-json\/wp\/v2\/product\/38870\/revisions"}],"wp:featuredmedia":[{"embeddable":true,"href":"https:\/\/singuli.wpress.me\/index.php\/wp-json\/wp\/v2\/media\/38871"}],"wp:attachment":[{"href":"https:\/\/singuli.wpress.me\/index.php\/wp-json\/wp\/v2\/media?parent=38870"}],"wp:term":[{"taxonomy":"product_brand","embeddable":true,"href":"https:\/\/singuli.wpress.me\/index.php\/wp-json\/wp\/v2\/product_brand?post=38870"},{"taxonomy":"product_cat","embeddable":true,"href":"https:\/\/singuli.wpress.me\/index.php\/wp-json\/wp\/v2\/product_cat?post=38870"},{"taxonomy":"product_tag","embeddable":true,"href":"https:\/\/singuli.wpress.me\/index.php\/wp-json\/wp\/v2\/product_tag?post=38870"}],"curies":[{"name":"wp","href":"https:\/\/api.w.org\/{rel}","templated":true}]}}