{"id":38872,"date":"2026-04-18T18:12:49","date_gmt":"2026-04-18T18:12:49","guid":{"rendered":"https:\/\/singuli.wpress.me\/index.php\/proizvod\/braun-xt5100-trimer\/"},"modified":"2026-04-21T00:26:58","modified_gmt":"2026-04-21T00:26:58","slug":"braun-xt5100-trimer","status":"publish","type":"product","link":"https:\/\/singuli.wpress.me\/index.php\/proizvod\/braun-xt5100-trimer\/","title":{"rendered":"BRAUN XT5100, trimer"},"content":{"rendered":"<p><span style=\"font-weight: bold\">Braun Series XT5 je mu\u0161ki pribor za njegu<br \/>\n<\/span><br \/>\n&#8211; Brijte se, podre\u017eite i oblikujte s jednim alatom: svestranim elektri\u010dnim brija\u010dem i trimerom za bradu za mu\u0161karce. Lako, brzo i ugodno pri svakom udarcu, \u010dak iu te\u0161kim podru\u010djima. Za lice (nastavci 1, 2, 3, 5 mm) i tijelo (nastavak 0 mm).<br \/>\n&#8211; Tehnologija 4D o\u0161trica: jedna o\u0161trica s \u010detiri elementa za rezanje, koja se sastoji od dva bo\u010dna trimera i dvije sredi\u0161nje zone za brijanje &#8211; omogu\u0107uje 450 pokreta u sekundi. Brije dovoljno duboko kako bi osigurao izvrstan izgled, a istovremeno je nje\u017ean prema ko\u017ei.<br \/>\n&#8211; Dizajnirano da traje dulje: 4D o\u0161trica za podrezivanje i brijanje od nehr\u0111aju\u0107eg \u010delika dizajnirana je da traje dulje, ostaju\u0107i o\u0161tra do \u0161est mjeseci.<br \/>\n&#8211; Za\u0161tita ko\u017ee: ovaj trimer i aparat za brijanje ima dodatak SkinGuard koji \u0161titi ko\u017eu \u010dak i na osjetljivim podru\u010djima &#8211; od prsa, pazuha ili prepona do lica, vrata ili obrva.<br \/>\n&#8211; Dizajniran za preciznost i kontrolu: dvostrani nastavak omogu\u0107uje podrezivanje dla\u010dica gore ili dolje. Brijte se sigurno i njegujte izgled svog tijela mokrom ili suhom upotrebom aparata, jer je njegova ru\u010dka gumirana kako ne bi klizala.<\/p>\n<p>Sadr\u017eaj kutije:<br \/>\n1 X elektri\u010dni brija\u010d<br \/>\n4 X maska \u200b\u200b(1 mm, 2 mm, 3 mm, 5 mm)<br \/>\n1 X SkinGuard nastavak za tijelo (0 mm)<br \/>\n1 X pametni utika\u010d<\/p>\n<p>Jednostavno, brzo i udobno &#8211; s 4D o\u0161tricom<br \/>\nInovativna 4D o\u0161trica ima dvije sredi\u0161nje zone brijanja i dva bo\u010dna trimera. Nastavak SkinGuard \u0161titi ko\u017eu od o\u0161trice &#8211; za udobno brijanje koje je dovoljno blizu da izgleda sjajno, a istovremeno je nje\u017eno za ko\u017eu.<br \/>\n4D o\u0161trica dizajnirana je da traje i ostane o\u0161tra do \u0161est mjeseci. Ima dvostrani nastavak tako da kosu mo\u017eete podrezivati \u200b\u200bgore ili dolje, tako da je pomicanje brzo i jednostavno. Braun Series XT5 potpuno je vodootporan, tako da ga mo\u017eete koristiti kako god \u017eelite i gdje \u017eelite &#8211; s pjenom ili gelom, uz umivaonik ili pod tu\u0161em.<\/p>\n<p>Jedan dodatak za svaki stil<br \/>\nBraun Series XT5 ima inovativnu 4D o\u0161tricu koja traje do \u0161est mjeseci. Nje\u017ean je za ko\u017eu, jednostavan za kori\u0161tenje i \u010dini svaki zadatak njegovanja lakim.<\/p>\n<p>Brzo se pobrinite za ravnomjerno pod\u0161i\u0161ane dla\u010dice<br \/>\nPodre\u017eite gore i dolje s prakti\u010dnim dvostranim nastavkom. Ova lako\u0107a kretanja zna\u010di da mo\u017eete podrezati brzo i na na\u010din koji vam najvi\u0161e odgovara.<\/p>\n<p>Dizajn jednostavno, ali precizno<br \/>\nDodajte preciznost svojoj rutini oblikovanja s 4D o\u0161tricom i neklizaju\u0107om, gumiranom ru\u010dkom. To omogu\u0107uje precizno oblikovanje uz veliku kontrolu \u2013 i daje vam samopouzdanje bez obzira na va\u0161e vje\u0161tine.<\/p>\n<p>Lako, brzo i ugodno sa svakim potezom<br \/>\nU\u017eivajte u ugodnom brijanju koje je nje\u017eno za ko\u017eu, bez obzira na razinu va\u0161e vje\u0161tine. To omogu\u0107uje potpuno aktiviranu 4D o\u0161tricu koja se sastoji od \u010detiri u\u010dinkovita rezna elementa \u2013 s 450 pokreta u sekundi.<\/p>\n<p>Udobno podrezivanje dla\u010dica na tijelu<br \/>\nPri\u010dvrstite SkinGuard nastavak za sigurno tretiranje osjetljivih podru\u010dja kao \u0161to su prepone, prsa i ispod pazuha. Nastavak \u0161titi va\u0161u ko\u017eu za nje\u017eno iskustvo brijanja i \u010dini va\u0161u ko\u017eu glatkijom.<\/p>\n<p>Kontrola te\u0161kih podru\u010dja<br \/>\nPostignite brze i precizne rezultate s fleksibilnom glavom koja se prilago\u0111ava konturama va\u0161eg lica, \u0161to je posebno korisno na te\u0161kim podru\u010djima. Brijte se intuitivno: gore, dolje, natrag ili naprijed.<\/p>\n<p>Izdr\u017eljivost \u0161est mjeseci<br \/>\nIzdr\u017eljiva 4D o\u0161trica dizajnirana je da traje du\u017ee. Izra\u0111en je od 100% nehr\u0111aju\u0107eg \u010delika i re\u017ee jednako u\u010dinkovito do \u0161est mjeseci.<\/p>\n<p>Potpuno vodootporan<br \/>\nUre\u0111aj serije X prikladan je za kori\u0161tenje s pjenom ili gelom, uz umivaonik ili pod tu\u0161em. Lako ga o\u010distite pod mlazom vode u skladu s va\u0161im higijenskim standardima.<\/p>\n<p>Odaberite \u017eeljenu du\u017einu<br \/>\nLako postignite \u017eeljenu duljinu kose s dodacima koji jednostavno \u0161kljocnu na svoje mjesto &#8211; dostupni u duljinama od 1, 2, 3 i 5 mm za lice i 0 mm (SkinGuard) za tijelo.<\/p>\n<p>Tehni\u010dki detalji:<br \/>\n&#8211; Smjer podrezivanja: gore i dolje<br \/>\n&#8211; Duljine trima: 5<br \/>\n&#8211; Vrijeme rada: 45 minuta<br \/>\n&#8211; Vrijeme punjenja: 8 sati<br \/>\n&#8211; Uski dizajn<br \/>\n&#8211; Izmjenjiva o\u0161trica<br \/>\n&#8211; Dodaci: 4 nastavka za bradu i 2 nastavka za tijelo<\/p>\n","protected":false},"excerpt":{"rendered":"<p>4D tehnologija o\u0161trica: jedna o\u0161trica s \u010detiri elementa za podrezivanje<br \/>\nSkinGuard nastavak \u0161titi ko\u017eu \u010dak i na osjetljivim podru\u010djima<br \/>\nDizajniran za preciznost i kontrolu<\/p>\n","protected":false},"featured_media":38873,"template":"","meta":{"_seopress_robots_primary_cat":"","_seopress_titles_title":"","_seopress_titles_desc":"","_seopress_robots_index":"","iawp_total_views":0},"product_brand":[144],"product_cat":[280,192,279],"product_tag":[],"class_list":{"0":"post-38872","1":"product","2":"type-product","3":"status-publish","4":"has-post-thumbnail","6":"product_brand-braun","7":"product_cat-aparati-za-muskarce-279","8":"product_cat-aparati-za-osobnu-njegu","9":"product_cat-brijanje-i-sisanje-192","11":"first","12":"outofstock","13":"shipping-taxable","14":"purchasable","15":"product-type-simple"},"_links":{"self":[{"href":"https:\/\/singuli.wpress.me\/index.php\/wp-json\/wp\/v2\/product\/38872","targetHints":{"allow":["GET"]}}],"collection":[{"href":"https:\/\/singuli.wpress.me\/index.php\/wp-json\/wp\/v2\/product"}],"about":[{"href":"https:\/\/singuli.wpress.me\/index.php\/wp-json\/wp\/v2\/types\/product"}],"version-history":[{"count":0,"href":"https:\/\/singuli.wpress.me\/index.php\/wp-json\/wp\/v2\/product\/38872\/revisions"}],"wp:featuredmedia":[{"embeddable":true,"href":"https:\/\/singuli.wpress.me\/index.php\/wp-json\/wp\/v2\/media\/38873"}],"wp:attachment":[{"href":"https:\/\/singuli.wpress.me\/index.php\/wp-json\/wp\/v2\/media?parent=38872"}],"wp:term":[{"taxonomy":"product_brand","embeddable":true,"href":"https:\/\/singuli.wpress.me\/index.php\/wp-json\/wp\/v2\/product_brand?post=38872"},{"taxonomy":"product_cat","embeddable":true,"href":"https:\/\/singuli.wpress.me\/index.php\/wp-json\/wp\/v2\/product_cat?post=38872"},{"taxonomy":"product_tag","embeddable":true,"href":"https:\/\/singuli.wpress.me\/index.php\/wp-json\/wp\/v2\/product_tag?post=38872"}],"curies":[{"name":"wp","href":"https:\/\/api.w.org\/{rel}","templated":true}]}}